{"id":39961,"date":"2020-10-05T15:53:24","date_gmt":"2020-10-05T12:53:24","guid":{"rendered":"https:\/\/partners-ltd.com\/magazin\/fara-categorie\/3m-scotchcal-matte-overlaminate-8510-laminat-mat\/"},"modified":"2025-05-23T10:42:59","modified_gmt":"2025-05-23T07:42:59","slug":"3m-scotchcal-matte-overlaminate-8510-laminat-mat","status":"publish","type":"product","link":"https:\/\/partners-ltd.com\/ro\/e-shop\/medii-de-imprimare\/3%d0%bc-laminare\/3m-scotchcal-matte-overlaminate-8510-laminat-mat\/","title":{"rendered":"3M Scotchcal Matte Overlaminate 8510, laminat mat"},"content":{"rendered":"<div class=\"wpb-content-wrapper\"><p>[vc_row][vc_column][vc_column_text]<strong>3M Scotchcal Matte Overlaminate 8510 <\/strong>pentru<strong>\u00a03M Scotchcal IJ35<\/strong>\u00a0este un laminat mat de protec\u021bie, care protejeaz\u0103 folia de<strong> zg\u00e2riere, umiditate \u0219i raze UV<\/strong>.<\/p>\n<p>Creat prin\u00a0<a href=\"https:\/\/partners-ltd.com\/ro\/tipuri-de-vinil-tehnologie-si-calitate\/#t22\"><strong>tehnologie de turnare<\/strong><\/a>, produsul acoper\u0103 perfect suprafe\u021bele netede \u0219i cele cu curbe u\u0219oare \u0219i ofer\u0103 durabilitate medie pe termen mediu at\u00e2t \u00een exterior, c\u00e2t \u0219i \u00een interior.<\/p>\n<p>Laminatul este potrivit pentru protec\u021bia graficelor de podea. Are o rezisten\u021b\u0103 ridicat\u0103 la temperaturi de la -54\u00b0C la +93\u00b0C. Adezivul sensibil la presiune face ca instalarea s\u0103 fie u\u0219oar\u0103 \u0219i f\u0103r\u0103 probleme at\u00e2t pentru speciali\u0219ti, c\u00e2t \u0219i pentru persoanele f\u0103r\u0103 experien\u021b\u0103 anterioar\u0103.<\/p>\n<p>Seria <strong>3M Scotchcal Matte Overlaminate 8510\u00a0<\/strong>este o alegere economic\u0103 pentru grafica publicitar\u0103 imprimat\u0103 digital, care necesit\u0103 un acoperire mat\u0103.[\/vc_column_text][\/vc_column][\/vc_row][vc_row][vc_column]<div id=\"ultimate-heading-498469d265b9386a6\" class=\"uvc-heading ult-adjust-bottom-margin ultimate-heading-498469d265b9386a6 uvc-2316  uvc-heading-default-font-sizes\" data-hspacer=\"no_spacer\"  data-halign=\"left\" style=\"text-align:left\"><div class=\"uvc-heading-spacer no_spacer\" style=\"top\"><\/div><div class=\"uvc-main-heading ult-responsive\"  data-ultimate-target='.uvc-heading.ultimate-heading-498469d265b9386a6 h3'  data-responsive-json-new='{\"font-size\":\"\",\"line-height\":\"\"}' ><h3 style=\"--font-weight:theme;\">Avantaje:<\/h3><\/div><\/div>[vc_empty_space]<div class=\"standard-arrow list-divider bullet-top\"><ul>\n<li>Protejeaz\u0103 de umiditate, zg\u00e2riere \u0219i raze UV<\/li>\n<li>Rezisten\u021b\u0103 ridicat\u0103 la temperatur\u0103<\/li>\n<li>Pentru utilizare interioar\u0103 \u0219i exterioar\u0103<\/li>\n<li>P\u00e2n\u0103 la 4 ani via\u021b\u0103 de exploatare<\/li>\n<\/ul>\n<\/div>[vc_empty_space][\/vc_column][\/vc_row][vc_row][vc_column width=&#8221;1\/4&#8243;][vc_column_text]Buletin de produs[\/vc_column_text][vc_empty_space][vc_single_image image=&#8221;22909&#8243; style=&#8221;vc_box_border&#8221; onclick=&#8221;custom_link&#8221; img_link_target=&#8221;_blank&#8221; link=&#8221;\/wp-content\/uploads\/2020\/10\/8508-Product-Bulletin.pdf&#8221;]<style type=\"text\/css\" data-type=\"the7_shortcodes-inline-css\">#default-btn-e4cdd104b57e7b90af05462ded7d5c94.ico-right-side > i {\n  margin-right: 0px;\n  margin-left: 8px;\n}\n#default-btn-e4cdd104b57e7b90af05462ded7d5c94 > i {\n  margin-right: 8px;\n}\n<\/style><a href=\"\/wp-content\/uploads\/2020\/10\/8508-Product-Bulletin.pdf\" class=\"default-btn-shortcode dt-btn dt-btn-s link-hover-off btn-inline-left \" id=\"default-btn-e4cdd104b57e7b90af05462ded7d5c94\"><span>Descarc\u0103 PDF<\/span><\/a>[\/vc_column][vc_column width=&#8221;1\/4&#8243;][vc_column_text]Informa\u021bii[\/vc_column_text][vc_empty_space][vc_single_image image=&#8221;22906&#8243; style=&#8221;vc_box_border&#8221; onclick=&#8221;custom_link&#8221; img_link_target=&#8221;_blank&#8221; link=&#8221;https:\/\/partners-ltd.com\/wp-content\/uploads\/2020\/10\/8508-Article-Letter.pdf&#8221;]<style type=\"text\/css\" data-type=\"the7_shortcodes-inline-css\">#default-btn-f20e5f9991d22ed59e2a9a6b4e7f8d4e.ico-right-side > i {\n  margin-right: 0px;\n  margin-left: 8px;\n}\n#default-btn-f20e5f9991d22ed59e2a9a6b4e7f8d4e > i {\n  margin-right: 8px;\n}\n<\/style><a href=\"https:\/\/partners-ltd.com\/wp-content\/uploads\/2020\/10\/8508-Article-Letter.pdf\" class=\"default-btn-shortcode dt-btn dt-btn-s link-hover-off btn-inline-left \" id=\"default-btn-f20e5f9991d22ed59e2a9a6b4e7f8d4e\"><span>Descarc\u0103 PDF<\/span><\/a>[\/vc_column][vc_column width=&#8221;1\/4&#8243;][\/vc_column][vc_column width=&#8221;1\/4&#8243;][\/vc_column][\/vc_row]<\/p>\n<\/div>","protected":false},"excerpt":{"rendered":"<p><strong>3M Scotchcal Matte Overlaminate 8510<\/strong>\u00a0este un laminat mat de protec\u021bie, care protejeaz\u0103 folia de<strong>\u00a0zg\u00e2riere, umiditate \u0219i raze UV<\/strong>. Creat prin\u00a0<strong>tehnologie de turnare<\/strong>, produsul acoper\u0103 perfect suprafe\u021bele netede \u0219i cele cu curbe u\u0219oare \u0219i ofer\u0103 durabilitate medie pe termen mediu at\u00e2t \u00een exterior, c\u00e2t \u0219i \u00een interior.\u00a0Laminatul este potrivit pentru protec\u021bia graficelor de podea<\/p>\n","protected":false},"featured_media":22953,"comment_status":"open","ping_status":"closed","template":"","meta":[],"product_cat":[1848,1868],"product_tag":[],"_links":{"self":[{"href":"https:\/\/partners-ltd.com\/ro\/wp-json\/wp\/v2\/product\/39961"}],"collection":[{"href":"https:\/\/partners-ltd.com\/ro\/wp-json\/wp\/v2\/product"}],"about":[{"href":"https:\/\/partners-ltd.com\/ro\/wp-json\/wp\/v2\/types\/product"}],"replies":[{"embeddable":true,"href":"https:\/\/partners-ltd.com\/ro\/wp-json\/wp\/v2\/comments?post=39961"}],"wp:featuredmedia":[{"embeddable":true,"href":"https:\/\/partners-ltd.com\/ro\/wp-json\/wp\/v2\/media\/22953"}],"wp:attachment":[{"href":"https:\/\/partners-ltd.com\/ro\/wp-json\/wp\/v2\/media?parent=39961"}],"wp:term":[{"taxonomy":"product_cat","embeddable":true,"href":"https:\/\/partners-ltd.com\/ro\/wp-json\/wp\/v2\/product_cat?post=39961"},{"taxonomy":"product_tag","embeddable":true,"href":"https:\/\/partners-ltd.com\/ro\/wp-json\/wp\/v2\/product_tag?post=39961"}],"curies":[{"name":"wp","href":"https:\/\/api.w.org\/{rel}","templated":true}]}}