{"id":39958,"date":"2018-06-08T16:34:35","date_gmt":"2018-06-08T13:34:35","guid":{"rendered":"https:\/\/partners-ltd.com\/magazin\/fara-categorie\/3m-scotchcal-ij20-20-alb-mat\/"},"modified":"2026-04-14T12:17:38","modified_gmt":"2026-04-14T09:17:38","slug":"3m-scotchcal-ij20-20-alb-mat","status":"publish","type":"product","link":"https:\/\/partners-ltd.com\/ro\/e-shop\/medii-de-imprimare\/folie-pentru-imprimante-format-mare\/3m-scotchcal-ij20-20-alb-mat\/","title":{"rendered":"3M Scotchcal IJ20-20 alb mat"},"content":{"rendered":"<div class=\"wpb-content-wrapper\"><p>[vc_row css=&#8221;.vc_custom_1528462112766{margin-bottom: 40px !important;border-top-width: 1px !important;border-right-width: 1px !important;border-bottom-width: 1px !important;border-left-width: 1px !important;padding-right: 10px !important;padding-left: 10px !important;border-left-color: #e2e2e2 !important;border-left-style: dotted !important;border-right-color: #e2e2e2 !important;border-right-style: dotted !important;border-top-color: #e2e2e2 !important;border-top-style: dotted !important;border-bottom-color: #e2e2e2 !important;border-bottom-style: dotted !important;border-radius: 1px !important;}&#8221;][vc_column]<div id=\"ultimate-heading-273869e7d2d9d9768\" class=\"uvc-heading ult-adjust-bottom-margin ultimate-heading-273869e7d2d9d9768 uvc-8902 \" data-hspacer=\"no_spacer\"  data-halign=\"left\" style=\"text-align:left\"><div class=\"uvc-heading-spacer no_spacer\" style=\"top\"><\/div><div class=\"uvc-main-heading ult-responsive\"  data-ultimate-target='.uvc-heading.ultimate-heading-273869e7d2d9d9768 h2'  data-responsive-json-new='{\"font-size\":\"desktop:28px;\",\"line-height\":\"desktop:38px;\"}' ><h2 style=\"--font-weight:theme;margin-bottom:20px;\">3M Scotchcal IJ20-20 - folie pentru grafice publicitare, alb mat<\/h2><\/div><\/div>[vc_row_inner][vc_column_inner width=&#8221;5\/6&#8243;][vc_column_text]Folie monomeric\u0103 autoadeziv\u0103 pentru uz general cu spate gri sau alb. Adeziv acrilat, gri sau transparent, cu sistem\u0103 Removable pentru demontare u\u0219oar\u0103 f\u0103r\u0103 c\u0103ldur\u0103 sau chimicale. La demontare nu r\u0103m\u00e2ne adeziv.<\/p>\n<p>Potrivit\u0103 pentru aplica\u021bii pe suprafe\u021be plane, pentru grafice promo\u021bionale pe automobile.<\/p>\n<p>Pentru aplica\u021bii care necesit\u0103 durabilitate pe termen scurt \u00een exterior \u0219i interior.<\/p>\n<p>Protejat de <a href=\"https:\/\/partners-ltd.com\/ro\/3m-mcs-warranty\/\">garan\u021bia 3M\u2122 MCS\u2122 Warranty<\/a>.[\/vc_column_text][\/vc_column_inner][vc_column_inner width=&#8221;1\/6&#8243;][vc_single_image image=&#8221;14521&#8243; img_size=&#8221;120&#215;120&#8243; alignment=&#8221;center&#8221; onclick=&#8221;custom_link&#8221; link=&#8221;https:\/\/partners-ltd.com\/ro\/3m-mcs-warranty\/&#8221;][\/vc_column_inner][\/vc_row_inner][vc_row_inner][vc_column_inner width=&#8221;1\/3&#8243;][vc_column_text]<strong>Dimensiune rol\u0103: <\/strong>1,05m \u0445 50m;<br \/>\n1,37m \u0445 50m; 1,52m \u0445 50m[\/vc_column_text][\/vc_column_inner][vc_column_inner width=&#8221;1\/3&#8243;][vc_column_text]<strong>Laminare adecvat\u0103:<\/strong><a href=\"https:\/\/partners-ltd.com\/ro\/e-shop\/medii-de-imprimare\/folie-pentru-imprimante-format-mare\/3m-scotchcal-ij20-114r-laminat-lucios\/\"> IJ20-114R lucios<\/a>, <a href=\"https:\/\/partners-ltd.com\/magazin\/3m-folio-digitalen-pechat\/3m-folio-shirokoformaten-pechat\/3m-ij20-124r-mat-laminat\/\">IJ20-124R mat<\/a>[\/vc_column_text][\/vc_column_inner][vc_column_inner width=&#8221;1\/3&#8243;][vc_column_text]<strong>Grosime: <\/strong>80 microni<strong><br \/>\n<\/strong>[\/vc_column_text][\/vc_column_inner][\/vc_row_inner][\/vc_column][\/vc_row][vc_row css=&#8221;.vc_custom_1526039313708{border-top-width: 1px !important;border-right-width: 1px !important;border-bottom-width: 1px !important;border-left-width: 1px !important;padding-right: 10px !important;padding-left: 10px !important;border-left-color: #e2e2e2 !important;border-left-style: dotted !important;border-right-color: #e2e2e2 !important;border-right-style: dotted !important;border-top-color: #e2e2e2 !important;border-top-style: dotted !important;border-bottom-color: #e2e2e2 !important;border-bottom-style: dotted !important;border-radius: 2px !important;}&#8221;][vc_column width=&#8221;1\/2&#8243;]<div id=\"ultimate-heading-734569e7d2d9d979f\" class=\"uvc-heading ult-adjust-bottom-margin ultimate-heading-734569e7d2d9d979f uvc-8679 \" data-hspacer=\"no_spacer\"  data-halign=\"left\" style=\"text-align:left\"><div class=\"uvc-heading-spacer no_spacer\" style=\"top\"><\/div><div class=\"uvc-main-heading ult-responsive\"  data-ultimate-target='.uvc-heading.ultimate-heading-734569e7d2d9d979f h3'  data-responsive-json-new='{\"font-size\":\"desktop:24px;\",\"line-height\":\"desktop:34px;\"}' ><h3 style=\"--font-weight:theme;margin-bottom:20px;\">Caracteristici principale:<\/h3><\/div><\/div><div class=\"standard-arrow list-divider bullet-top\"><ul>\n<li>pentru aplica\u021bii pe suprafe\u021be plane<\/li>\n<li>pentru grafice promo\u021bionale pe automobile<\/li>\n<li>adeziv acrilat (gri sau transparent), sensibil la presiune<\/li>\n<li>sistem\u0103 Removable pentru demontare u\u0219oar\u0103<\/li>\n<li>durabilitate &#8211; 2 ani<\/li>\n<\/ul>\n<\/div>[\/vc_column][vc_column width=&#8221;1\/2&#8243;][\/vc_column][\/vc_row]<\/p>\n<\/div>","protected":false},"excerpt":{"rendered":"<p>Folie monomeric\u0103 autoadeziv\u0103, cu finisaj mat. Produsul este potrivit pentru&nbsp;<strong>laminate:<\/strong> IJ20-114R lucios, IJ20-124R mat. Creat pentru aplica\u021bii pe suprafe\u021be plane \u0219i grafice promo\u021bionale pe automobile cu durabilitate pe termen scurt \u00een exterior \u0219i interior. Con\u021bine adeziv acrilic transparent.<\/p>\n","protected":false},"featured_media":14816,"comment_status":"open","ping_status":"closed","template":"","meta":[],"product_cat":[1848,1864],"product_tag":[],"_links":{"self":[{"href":"https:\/\/partners-ltd.com\/ro\/wp-json\/wp\/v2\/product\/39958"}],"collection":[{"href":"https:\/\/partners-ltd.com\/ro\/wp-json\/wp\/v2\/product"}],"about":[{"href":"https:\/\/partners-ltd.com\/ro\/wp-json\/wp\/v2\/types\/product"}],"replies":[{"embeddable":true,"href":"https:\/\/partners-ltd.com\/ro\/wp-json\/wp\/v2\/comments?post=39958"}],"wp:featuredmedia":[{"embeddable":true,"href":"https:\/\/partners-ltd.com\/ro\/wp-json\/wp\/v2\/media\/14816"}],"wp:attachment":[{"href":"https:\/\/partners-ltd.com\/ro\/wp-json\/wp\/v2\/media?parent=39958"}],"wp:term":[{"taxonomy":"product_cat","embeddable":true,"href":"https:\/\/partners-ltd.com\/ro\/wp-json\/wp\/v2\/product_cat?post=39958"},{"taxonomy":"product_tag","embeddable":true,"href":"https:\/\/partners-ltd.com\/ro\/wp-json\/wp\/v2\/product_tag?post=39958"}],"curies":[{"name":"wp","href":"https:\/\/api.w.org\/{rel}","templated":true}]}}