{"id":39949,"date":"2018-06-08T15:10:25","date_gmt":"2018-06-08T12:10:25","guid":{"rendered":"https:\/\/partners-ltd.com\/magazin\/fara-categorie\/3m-scotchcal-overlaminate-8038g-laminat-lucios\/"},"modified":"2026-04-14T14:13:30","modified_gmt":"2026-04-14T11:13:30","slug":"3m-scotchcal-overlaminate-8038g-laminat-lucios","status":"publish","type":"product","link":"https:\/\/partners-ltd.com\/ro\/e-shop\/medii-de-imprimare\/3%d0%bc-laminare\/3m-scotchcal-overlaminate-8038g-laminat-lucios\/","title":{"rendered":"3M Scotchcal Overlaminate 8038G laminat lucios"},"content":{"rendered":"<div class=\"wpb-content-wrapper\"><p>[vc_row css=&#8221;.vc_custom_1530084765632{margin-bottom: 20px !important;border-top-width: 1px !important;border-right-width: 1px !important;border-bottom-width: 1px !important;border-left-width: 1px !important;padding-right: 10px !important;padding-left: 10px !important;border-left-color: #e2e2e2 !important;border-left-style: dotted !important;border-right-color: #e2e2e2 !important;border-right-style: dotted !important;border-top-color: #e2e2e2 !important;border-top-style: dotted !important;border-bottom-color: #e2e2e2 !important;border-bottom-style: dotted !important;border-radius: 1px !important;}&#8221;][vc_column]<div id=\"ultimate-heading-515969e7bcd655961\" class=\"uvc-heading ult-adjust-bottom-margin ultimate-heading-515969e7bcd655961 uvc-4809 \" data-hspacer=\"no_spacer\"  data-halign=\"left\" style=\"text-align:left\"><div class=\"uvc-heading-spacer no_spacer\" style=\"top\"><\/div><div class=\"uvc-main-heading ult-responsive\"  data-ultimate-target='.uvc-heading.ultimate-heading-515969e7bcd655961 h2'  data-responsive-json-new='{\"font-size\":\"desktop:28px;\",\"line-height\":\"desktop:38px;\"}' ><h2 style=\"--font-weight:theme;margin-bottom:20px;\">3M Scotchcal Overlaminate 8038G - laminat lucios pentru folie 3M\u2122 Scotchcal\u2122 IJ40<\/h2><\/div><\/div>[vc_row_inner][vc_column_inner width=&#8221;5\/6&#8243;][vc_column_text]Folie polimeric\u0103 calandrat\u0103, transparent\u0103 (laminat), potrivit\u0103 pentru suprafe\u021be netede \u0219i cu u\u0219oare curbe. 3M 8038G are un adeziv acrilat solvent, transparent, permanent, sensibil la presiune.<\/p>\n<p>Pentru aplica\u021bii de durat\u0103 medie \u00een exterior \u0219i interior: grafice pe automobile, semne \u0219i indicatoare neluminoase, ferestre \u0219i altele.<\/p>\n<p>Protejat de <a href=\"https:\/\/partners-ltd.com\/ro\/3m-mcs-warranty\/\">garan\u021bia 3M\u2122 MCS\u2122 Warranty<\/a>.[\/vc_column_text][\/vc_column_inner][vc_column_inner width=&#8221;1\/6&#8243;][vc_single_image image=&#8221;14521&#8243; img_size=&#8221;90&#215;90&#8243; alignment=&#8221;center&#8221; onclick=&#8221;custom_link&#8221; link=&#8221;https:\/\/partners-ltd.com\/ro\/3m-mcs-warranty\/&#8221;][\/vc_column_inner][\/vc_row_inner][vc_row_inner][vc_column_inner width=&#8221;1\/3&#8243;][vc_column_text]<strong>Dimensiune rol\u0103: <\/strong>1,37m \u0445 50m; 1,52m \u0445 50m[\/vc_column_text][\/vc_column_inner][vc_column_inner width=&#8221;1\/3&#8243;][vc_column_text]<strong>Se combin\u0103 cu folie:<\/strong> <a href=\"https:\/\/partners-ltd.com\/ro\/e-shop\/medii-de-imprimare\/folie-pentru-imprimante-format-mare\/3m-scotchcal-ij40-10-alba-cu-aspect-lucios\/\">IJ40-10<\/a>, <a href=\"https:\/\/partners-ltd.com\/ro\/e-shop\/medii-de-imprimare\/folie-pentru-imprimante-format-mare\/3m-scotchcal-ij40c-10-alba-cu-aspect-lucios\/\">IJ40C-10<\/a>, <a href=\"https:\/\/partners-ltd.com\/ro\/e-shop\/medii-de-imprimare\/folie-pentru-imprimante-format-mare\/3m-scotchcal-ij40-20r-folie-alba-pentru-imprimare-digitala-cu-finisaj-cu-aspect-mat\/\">IJ40-20R<\/a>, <a href=\"https:\/\/partners-ltd.com\/ro\/e-shop\/medii-de-imprimare\/folie-pentru-imprimante-format-mare\/3m-scotchcal-ij40c-20-folie-alba-cu-aspect-mat\/\">IJ40C-20<\/a>, <a href=\"https:\/\/partners-ltd.com\/ro\/e-shop\/medii-de-imprimare\/folie-pentru-imprimante-format-mare\/3m-scotchcal-ij40-114-folie-transparenta-cu-aspect-lucios-laminat\/\">IJ40-114<\/a>, <a href=\"https:\/\/partners-ltd.com\/ro\/e-shop\/medii-de-imprimare\/folie-pentru-imprimante-format-mare\/3m-scotchcal-ij40-124-folie-transparenta-cu-aspect-mat-laminat\/\">IJ40-124<\/a>[\/vc_column_text][\/vc_column_inner][vc_column_inner width=&#8221;1\/3&#8243;][vc_column_text]<strong>Grosime:<\/strong> 75 microni[\/vc_column_text][\/vc_column_inner][\/vc_row_inner][\/vc_column][\/vc_row][vc_row][vc_column][vc_row_inner css=&#8221;.vc_custom_1525420680546{border-top-width: 1px !important;border-right-width: 1px !important;border-bottom-width: 1px !important;border-left-width: 1px !important;padding-right: 10px !important;padding-left: 10px !important;border-left-color: #e2e2e2 !important;border-left-style: dotted !important;border-right-color: #e2e2e2 !important;border-right-style: dotted !important;border-top-color: #e2e2e2 !important;border-top-style: dotted !important;border-bottom-color: #e2e2e2 !important;border-bottom-style: dotted !important;border-radius: 1px !important;}&#8221;][vc_column_inner width=&#8221;1\/2&#8243;]<div id=\"ultimate-heading-165269e7bcd655996\" class=\"uvc-heading ult-adjust-bottom-margin ultimate-heading-165269e7bcd655996 uvc-6885 \" data-hspacer=\"no_spacer\"  data-halign=\"left\" style=\"text-align:left\"><div class=\"uvc-heading-spacer no_spacer\" style=\"top\"><\/div><div class=\"uvc-main-heading ult-responsive\"  data-ultimate-target='.uvc-heading.ultimate-heading-165269e7bcd655996 h3'  data-responsive-json-new='{\"font-size\":\"desktop:24px;\",\"line-height\":\"desktop:34px;\"}' ><h3 style=\"--font-weight:theme;margin-bottom:20px;\">Caracteristici principale:<\/h3><\/div><\/div><div class=\"standard-arrow bullet-top\"><ul>\n<li>pentru aplica\u021bii pe suprafe\u021be netede \u0219i cu u\u0219oare curbe<\/li>\n<li>pentru semne \u0219i indicatoare neluminoase, grafice pe automobile, ferestre<\/li>\n<li>adeziv acrilat solvent, permanent, transparent<\/li>\n<li>pentru aplica\u021bii care necesit\u0103 durabilitate pe termen mediu \u00een exterior \u0219i interior<\/li>\n<li>durabilitate \u2013 5 ani<\/li>\n<\/ul>\n<\/div>[\/vc_column_inner][vc_column_inner width=&#8221;1\/2&#8243;][\/vc_column_inner][\/vc_row_inner][\/vc_column][\/vc_row]<\/p>\n<\/div>","protected":false},"excerpt":{"rendered":"<p>Folie polimeric\u0103, calandrat\u0103, transparent\u0103 cu adeziv acrilat permanent, care serve\u0219te ca laminat pentru seria de folii 3M Scotchcal IJ40. Potrivit\u0103 pentru aplica\u021bii pe suprafe\u021be plane \u0219i suprafe\u021be cu u\u0219oare curbe. Pentru aplica\u021bii de durat\u0103 medie \u00een exterior \u0219i interior: grafice pe automobile, semne \u0219i indicatoare neluminoase, ferestre.<\/p>\n","protected":false},"featured_media":15017,"comment_status":"open","ping_status":"closed","template":"","meta":[],"product_cat":[1848,1868],"product_tag":[],"_links":{"self":[{"href":"https:\/\/partners-ltd.com\/ro\/wp-json\/wp\/v2\/product\/39949"}],"collection":[{"href":"https:\/\/partners-ltd.com\/ro\/wp-json\/wp\/v2\/product"}],"about":[{"href":"https:\/\/partners-ltd.com\/ro\/wp-json\/wp\/v2\/types\/product"}],"replies":[{"embeddable":true,"href":"https:\/\/partners-ltd.com\/ro\/wp-json\/wp\/v2\/comments?post=39949"}],"wp:featuredmedia":[{"embeddable":true,"href":"https:\/\/partners-ltd.com\/ro\/wp-json\/wp\/v2\/media\/15017"}],"wp:attachment":[{"href":"https:\/\/partners-ltd.com\/ro\/wp-json\/wp\/v2\/media?parent=39949"}],"wp:term":[{"taxonomy":"product_cat","embeddable":true,"href":"https:\/\/partners-ltd.com\/ro\/wp-json\/wp\/v2\/product_cat?post=39949"},{"taxonomy":"product_tag","embeddable":true,"href":"https:\/\/partners-ltd.com\/ro\/wp-json\/wp\/v2\/product_tag?post=39949"}],"curies":[{"name":"wp","href":"https:\/\/api.w.org\/{rel}","templated":true}]}}