{"id":39947,"date":"2018-06-07T15:00:51","date_gmt":"2018-06-07T12:00:51","guid":{"rendered":"https:\/\/partners-ltd.com\/magazin\/fara-categorie\/emblem-magic-grip-clear-neo-somagricln-folie-transparenta-din-poliester\/"},"modified":"2025-05-23T10:24:36","modified_gmt":"2025-05-23T07:24:36","slug":"emblem-magic-grip-clear-neo-somagricln-folie-transparenta-din-poliester","status":"publish","type":"product","link":"https:\/\/partners-ltd.com\/ro\/e-shop\/medii-de-imprimare\/folie-pentru-imprimante-format-mare\/emblem-magic-grip-clear-neo-somagricln-folie-transparenta-din-poliester\/","title":{"rendered":"EMBLEM Magic Grip Clear Neo SOMAGRICLN \u2013 folie transparent\u0103 din poliester"},"content":{"rendered":"<div class=\"wpb-content-wrapper\"><p>[vc_row css=&#8221;.vc_custom_1532072282826{margin-bottom: 20px !important;border-top-width: 1px !important;border-right-width: 1px !important;border-bottom-width: 1px !important;border-left-width: 1px !important;padding-right: 10px !important;padding-left: 10px !important;border-left-color: #e2e2e2 !important;border-left-style: dotted !important;border-right-color: #e2e2e2 !important;border-right-style: dotted !important;border-top-color: #e2e2e2 !important;border-top-style: dotted !important;border-bottom-color: #e2e2e2 !important;border-bottom-style: dotted !important;border-radius: 1px !important;}&#8221;][vc_column]<div id=\"ultimate-heading-625669d7858eb724e\" class=\"uvc-heading ult-adjust-bottom-margin ultimate-heading-625669d7858eb724e uvc-8770 \" data-hspacer=\"no_spacer\"  data-halign=\"left\" style=\"text-align:left\"><div class=\"uvc-heading-spacer no_spacer\" style=\"top\"><\/div><div class=\"uvc-main-heading ult-responsive\"  data-ultimate-target='.uvc-heading.ultimate-heading-625669d7858eb724e h2'  data-responsive-json-new='{\"font-size\":\"desktop:28px;\",\"line-height\":\"desktop:38px;\"}' ><h2 style=\"--font-weight:theme;margin-bottom:20px;\">Emblem Solvent Magic Grip - folie pentru montaj \u0219i demontare repetat\u0103<\/h2><\/div><\/div>[vc_column_text]Solvent Magic Grip Clear Neo (SOMAGRICLN) este o folie din polipropilen\u0103 pentru imprimare, cu posibilitate de repozi\u021bionare. Folia este transparent\u0103, iar suprafa\u021ba sa este lucioas\u0103. Este f\u0103r\u0103 strat adeziv \u0219i se aplic\u0103 pe principiul vidului. Este adaptat\u0103 pentru imprimare cu cerneluri ecosolvente, solvente, latex \u0219i UV. Este potrivit\u0103 pentru lipire pe suprafe\u021be netede (plane, cilindrice).<\/p>\n<p>Aplica\u021bii tipice sunt promo\u021biile pe termen scurt pe vitrine, reclame pentru interior \u0219i altele.[\/vc_column_text][vc_row_inner][vc_column_inner width=&#8221;1\/3&#8243;][vc_column_text]<strong>Dimensiune rol\u0103:<\/strong> 1,37m \u0445 30m[\/vc_column_text][\/vc_column_inner][vc_column_inner width=&#8221;1\/3&#8243;][vc_column_text]<strong>Grosime:<\/strong>\u00a0110 microni[\/vc_column_text][\/vc_column_inner][vc_column_inner width=&#8221;1\/3&#8243;][vc_column_text]<strong>Culoare:<\/strong>\u00a0transparent[\/vc_column_text][\/vc_column_inner][\/vc_row_inner][\/vc_column][\/vc_row][vc_row css=&#8221;.vc_custom_1532072379976{margin-bottom: 20px !important;border-top-width: 1px !important;border-right-width: 1px !important;border-bottom-width: 1px !important;border-left-width: 1px !important;padding-right: 10px !important;padding-bottom: 20px !important;padding-left: 10px !important;border-left-color: #e2e2e2 !important;border-left-style: dotted !important;border-right-color: #e2e2e2 !important;border-right-style: dotted !important;border-top-color: #e2e2e2 !important;border-top-style: dotted !important;border-bottom-color: #e2e2e2 !important;border-bottom-style: dotted !important;border-radius: 1px !important;}&#8221;][vc_column width=&#8221;1\/2&#8243;]<div id=\"ultimate-heading-891069d7858eb7287\" class=\"uvc-heading ult-adjust-bottom-margin ultimate-heading-891069d7858eb7287 uvc-4112 \" data-hspacer=\"no_spacer\"  data-halign=\"left\" style=\"text-align:left\"><div class=\"uvc-heading-spacer no_spacer\" style=\"top\"><\/div><div class=\"uvc-main-heading ult-responsive\"  data-ultimate-target='.uvc-heading.ultimate-heading-891069d7858eb7287 h3'  data-responsive-json-new='{\"font-size\":\"desktop:24px;\",\"line-height\":\"desktop:34px;\"}' ><h3 style=\"--font-weight:theme;margin-bottom:20px;\">Caracteristici principale:<\/h3><\/div><\/div><div class=\"standard-arrow list-divider bullet-top\"><ul>\n<li>folie din poliester transparent\u0103 pentru imprimare<\/li>\n<li>cu posibilitate de repozi\u021bionare<\/li>\n<li>temperatur\u0103 pentru aplicare &#8211; peste 10\u00b0C<\/li>\n<\/ul>\n<\/div>[\/vc_column][vc_column width=&#8221;1\/2&#8243;][vc_empty_space height=&#8221;54px&#8221;]<div class=\"standard-arrow list-divider bullet-top\"><ul>\n<li>nu are strat adeziv<\/li>\n<li>polipropilen\u0103 \u2013 50 microni<\/li>\n<li>durabilitate &#8211; p\u00e2n\u0103 la 6 luni<\/li>\n<\/ul>\n<\/div>[\/vc_column][\/vc_row][vc_row css=&#8221;.vc_custom_1532072267931{border-top-width: 1px !important;border-right-width: 1px !important;border-bottom-width: 1px !important;border-left-width: 1px !important;padding-right: 10px !important;padding-bottom: 20px !important;padding-left: 10px !important;border-left-color: #e2e2e2 !important;border-left-style: dotted !important;border-right-color: #e2e2e2 !important;border-right-style: dotted !important;border-top-color: #e2e2e2 !important;border-top-style: dotted !important;border-bottom-color: #e2e2e2 !important;border-bottom-style: dotted !important;border-radius: 1px !important;}&#8221;][vc_column width=&#8221;2\/3&#8243;]<div id=\"ultimate-heading-151069d7858eb7325\" class=\"uvc-heading ult-adjust-bottom-margin ultimate-heading-151069d7858eb7325 uvc-9557 \" data-hspacer=\"no_spacer\"  data-halign=\"left\" style=\"text-align:left\"><div class=\"uvc-heading-spacer no_spacer\" style=\"top\"><\/div><div class=\"uvc-main-heading ult-responsive\"  data-ultimate-target='.uvc-heading.ultimate-heading-151069d7858eb7325 h3'  data-responsive-json-new='{\"font-size\":\"desktop:24px;\",\"line-height\":\"desktop:34px;\"}' ><h3 style=\"--font-weight:theme;margin-bottom:20px;\">Documente<\/h3><\/div><\/div>[vc_column_text]Buletin de produs pentru folie din poliester pentru imprimare &#8211; Emblem Solvent Magic Grip Clear Neo.[\/vc_column_text][\/vc_column][vc_column width=&#8221;1\/3&#8243;][vc_column_text]<\/p>\n<p style=\"text-align: center;\">Buletin de produs<\/p>\n<p>[\/vc_column_text][vc_single_image image=&#8221;15409&#8243; img_size=&#8221;130&#215;180&#8243; alignment=&#8221;center&#8221; style=&#8221;vc_box_outline&#8221;]<style type=\"text\/css\" data-type=\"the7_shortcodes-inline-css\">#default-btn-24d1c21ec9a3b6f4bc333f982513202b.ico-right-side > i {\n  margin-right: 0px;\n  margin-left: 8px;\n}\n#default-btn-24d1c21ec9a3b6f4bc333f982513202b > i {\n  margin-right: 8px;\n}\n<\/style><div class=\"btn-align-center\"><a href=\"\/wp-content\/uploads\/2018\/08\/Emblem-Solvent-Magic-Grip-Clear-Neo-product-bulletin.pdf\" class=\"default-btn-shortcode dt-btn dt-btn-s link-hover-off \" target=\"_blank\" id=\"default-btn-24d1c21ec9a3b6f4bc333f982513202b\" rel=\"noopener\"><i class=\"fas fa-download\"><\/i><span>Descarc\u0103 PDF<\/span><\/a><\/div>[\/vc_column][\/vc_row]<\/p>\n<\/div>","protected":false},"excerpt":{"rendered":"<p>Folie transparent\u0103 din poliester pentru imprimare, cu posibilitate de repozi\u021bionare. Se aplic\u0103 u\u0219or pe suprafe\u021be netede. Potrivit\u0103 pentru promo\u021bii pe termen scurt pe vitrine, reclame pentru interior \u0219i altele.<\/p>\n","protected":false},"featured_media":15408,"comment_status":"open","ping_status":"closed","template":"","meta":[],"product_cat":[1848,1864],"product_tag":[],"_links":{"self":[{"href":"https:\/\/partners-ltd.com\/ro\/wp-json\/wp\/v2\/product\/39947"}],"collection":[{"href":"https:\/\/partners-ltd.com\/ro\/wp-json\/wp\/v2\/product"}],"about":[{"href":"https:\/\/partners-ltd.com\/ro\/wp-json\/wp\/v2\/types\/product"}],"replies":[{"embeddable":true,"href":"https:\/\/partners-ltd.com\/ro\/wp-json\/wp\/v2\/comments?post=39947"}],"wp:featuredmedia":[{"embeddable":true,"href":"https:\/\/partners-ltd.com\/ro\/wp-json\/wp\/v2\/media\/15408"}],"wp:attachment":[{"href":"https:\/\/partners-ltd.com\/ro\/wp-json\/wp\/v2\/media?parent=39947"}],"wp:term":[{"taxonomy":"product_cat","embeddable":true,"href":"https:\/\/partners-ltd.com\/ro\/wp-json\/wp\/v2\/product_cat?post=39947"},{"taxonomy":"product_tag","embeddable":true,"href":"https:\/\/partners-ltd.com\/ro\/wp-json\/wp\/v2\/product_tag?post=39947"}],"curies":[{"name":"wp","href":"https:\/\/api.w.org\/{rel}","templated":true}]}}