{"id":39940,"date":"2018-06-07T09:12:36","date_gmt":"2018-06-07T06:12:36","guid":{"rendered":"https:\/\/partners-ltd.com\/magazin\/fara-categorie\/3m-scotchcal-overlaminate-3645l-laminat\/"},"modified":"2026-04-14T14:25:59","modified_gmt":"2026-04-14T11:25:59","slug":"3m-scotchcal-overlaminate-3645l-laminat","status":"publish","type":"product","link":"https:\/\/partners-ltd.com\/ro\/e-shop\/medii-de-imprimare\/3%d0%bc-laminare\/3m-scotchcal-overlaminate-3645l-laminat\/","title":{"rendered":"3M Scotchcal Overlaminate 3645L laminat"},"content":{"rendered":"<div class=\"wpb-content-wrapper\"><p>[vc_row css=&#8221;.vc_custom_1528462112766{margin-bottom: 40px !important;border-top-width: 1px !important;border-right-width: 1px !important;border-bottom-width: 1px !important;border-left-width: 1px !important;padding-right: 10px !important;padding-left: 10px !important;border-left-color: #e2e2e2 !important;border-left-style: dotted !important;border-right-color: #e2e2e2 !important;border-right-style: dotted !important;border-top-color: #e2e2e2 !important;border-top-style: dotted !important;border-bottom-color: #e2e2e2 !important;border-bottom-style: dotted !important;border-radius: 1px !important;}&#8221;][vc_column]<div id=\"ultimate-heading-759069e7614fc80b2\" class=\"uvc-heading ult-adjust-bottom-margin ultimate-heading-759069e7614fc80b2 uvc-4330 \" data-hspacer=\"no_spacer\"  data-halign=\"left\" style=\"text-align:left\"><div class=\"uvc-heading-spacer no_spacer\" style=\"top\"><\/div><div class=\"uvc-main-heading ult-responsive\"  data-ultimate-target='.uvc-heading.ultimate-heading-759069e7614fc80b2 h2'  data-responsive-json-new='{\"font-size\":\"desktop:28px;\",\"line-height\":\"desktop:38px;\"}' ><h2 style=\"--font-weight:theme;margin-bottom:20px;\">3M Scotchcal Overlaminate 3645L Luster laminat<\/h2><\/div><\/div>[vc_row_inner][vc_column_inner width=&#8221;5\/6&#8243;][vc_column_text]Laminat extrem de rezistent, transparent \u0219i calandrat pentru grafice de podea.<\/p>\n<p>Rezisten\u021b\u0103 excelent\u0103 la murd\u0103rie \u0219i zg\u00e2riere de la tocuri \u00eenalte. Pentru aplicare interioar\u0103. Rezist\u0103 la tratamente cu ap\u0103 \u0219i detergen\u021bi pentru \u00eentre\u021binerea diferitelor tipuri de pardoseli. Potrivit pentru grafice pe suprafe\u021be de podea netede, marmur\u0103, teracot\u0103 \u0219i parchet din lemn.<\/p>\n<p>Protejat&nbsp;<a href=\"https:\/\/partners-ltd.com\/ro\/3m-mcs-warranty\/\">de garan\u021bia 3M\u2122 MCS\u2122 Warranty<\/a>.[\/vc_column_text][\/vc_column_inner][vc_column_inner width=&#8221;1\/6&#8243;][vc_single_image image=&#8221;14521&#8243; img_size=&#8221;120&#215;120&#8243; alignment=&#8221;center&#8221; onclick=&#8221;custom_link&#8221; link=&#8221;https:\/\/partners-ltd.com\/ro\/3m-mcs-warranty\/&#8221;][\/vc_column_inner][\/vc_row_inner][vc_row_inner][vc_column_inner width=&#8221;1\/3&#8243;][vc_column_text]<strong>\u0420\u0430\u0437\u043c\u0435\u0440 \u043d\u0430 \u0440\u043e\u043b\u043a\u0430\u0442\u0430: <\/strong>1,22\u043c \u0445 50\u043c, 1,37\u043c \u0445 50\u043c[\/vc_column_text][\/vc_column_inner][vc_column_inner width=&#8221;1\/3&#8243;][vc_column_text]<strong>Se combin\u0103 cu folie<\/strong>: IJ162-10[\/vc_column_text][\/vc_column_inner][vc_column_inner width=&#8221;1\/3&#8243;][vc_column_text]<strong>Grosime: <\/strong>350&nbsp;microni<strong><br \/>\n<\/strong>[\/vc_column_text][\/vc_column_inner][\/vc_row_inner][\/vc_column][\/vc_row][vc_row css=&#8221;.vc_custom_1526039313708{border-top-width: 1px !important;border-right-width: 1px !important;border-bottom-width: 1px !important;border-left-width: 1px !important;padding-right: 10px !important;padding-left: 10px !important;border-left-color: #e2e2e2 !important;border-left-style: dotted !important;border-right-color: #e2e2e2 !important;border-right-style: dotted !important;border-top-color: #e2e2e2 !important;border-top-style: dotted !important;border-bottom-color: #e2e2e2 !important;border-bottom-style: dotted !important;border-radius: 2px !important;}&#8221;][vc_column width=&#8221;1\/2&#8243;]<div id=\"ultimate-heading-498969e7614fc80f0\" class=\"uvc-heading ult-adjust-bottom-margin ultimate-heading-498969e7614fc80f0 uvc-6168 \" data-hspacer=\"no_spacer\"  data-halign=\"left\" style=\"text-align:left\"><div class=\"uvc-heading-spacer no_spacer\" style=\"top\"><\/div><div class=\"uvc-main-heading ult-responsive\"  data-ultimate-target='.uvc-heading.ultimate-heading-498969e7614fc80f0 h3'  data-responsive-json-new='{\"font-size\":\"desktop:24px;\",\"line-height\":\"desktop:34px;\"}' ><h3 style=\"--font-weight:theme;margin-bottom:20px;\">Caracteristici principale:<\/h3><\/div><\/div><div class=\"standard-arrow list-divider bullet-top\"><ul>\n<li>laminat calandrat pentru grafice de podea<\/li>\n<li>adeziv permanent, sensibil la presiune<\/li>\n<li>potrivit pentru suprafe\u021be netede<\/li>\n<li>pentru aplicare interioar\u0103<\/li>\n<li>durabilitate &#8211; 1 an<\/li>\n<\/ul>\n<\/div>[\/vc_column][vc_column width=&#8221;1\/2&#8243;][\/vc_column][\/vc_row]<\/p>\n<\/div>","protected":false},"excerpt":{"rendered":"<p>Laminat extrem de rezistent pentru grafice de podea. Rezisten\u021b\u0103 excelent\u0103 la murd\u0103rie. Potrivit pentru grafice pe suprafe\u021be de podea netede, marmur\u0103, teracot\u0103 \u0219i parchet din lemn.<\/p>\n","protected":false},"featured_media":15015,"comment_status":"open","ping_status":"closed","template":"","meta":[],"product_cat":[1848,1868],"product_tag":[],"_links":{"self":[{"href":"https:\/\/partners-ltd.com\/ro\/wp-json\/wp\/v2\/product\/39940"}],"collection":[{"href":"https:\/\/partners-ltd.com\/ro\/wp-json\/wp\/v2\/product"}],"about":[{"href":"https:\/\/partners-ltd.com\/ro\/wp-json\/wp\/v2\/types\/product"}],"replies":[{"embeddable":true,"href":"https:\/\/partners-ltd.com\/ro\/wp-json\/wp\/v2\/comments?post=39940"}],"wp:featuredmedia":[{"embeddable":true,"href":"https:\/\/partners-ltd.com\/ro\/wp-json\/wp\/v2\/media\/15015"}],"wp:attachment":[{"href":"https:\/\/partners-ltd.com\/ro\/wp-json\/wp\/v2\/media?parent=39940"}],"wp:term":[{"taxonomy":"product_cat","embeddable":true,"href":"https:\/\/partners-ltd.com\/ro\/wp-json\/wp\/v2\/product_cat?post=39940"},{"taxonomy":"product_tag","embeddable":true,"href":"https:\/\/partners-ltd.com\/ro\/wp-json\/wp\/v2\/product_tag?post=39940"}],"curies":[{"name":"wp","href":"https:\/\/api.w.org\/{rel}","templated":true}]}}