{"id":35544,"date":"2022-03-17T12:00:47","date_gmt":"2022-03-17T10:00:47","guid":{"rendered":"https:\/\/partners-ltd.com\/?post_type=product&#038;p=35544"},"modified":"2024-06-07T09:50:52","modified_gmt":"2024-06-07T06:50:52","slug":"adeziv-pe-doua-fete-pe-foi-3m-7956-mp","status":"publish","type":"product","link":"https:\/\/partners-ltd.com\/ro\/e-shop\/banda-dublu-adeziva-si-adezivi\/dublu-adezivi-pe-foaie\/adeziv-pe-doua-fete-pe-foi-3m-7956-mp\/","title":{"rendered":"Adeziv pe dou\u0103 fe\u021be pe foi 3M 7956 MP cu rezisten\u021b\u0103 la temperaturi ridicate"},"content":{"rendered":"<div class=\"wpb-content-wrapper\"><p>[vc_row margin_bottom=&#8221;30px&#8221;][vc_column css=&#8221;.vc_custom_1644935215002{margin-bottom: 30px !important;border-top-width: 1px !important;border-right-width: 1px !important;border-bottom-width: 1px !important;border-left-width: 1px !important;border-left-color: #c0c0c0 !important;border-left-style: dotted !important;border-right-color: #c0c0c0 !important;border-right-style: dotted !important;border-top-color: #c0c0c0 !important;border-top-style: dotted !important;border-bottom-color: #c0c0c0 !important;border-bottom-style: dotted !important;}&#8221;]<div id=\"ultimate-heading-34269dc03c956939\" class=\"uvc-heading ult-adjust-bottom-margin ultimate-heading-34269dc03c956939 uvc-4289 \" data-hspacer=\"no_spacer\"  data-halign=\"left\" style=\"text-align:left\"><div class=\"uvc-heading-spacer no_spacer\" style=\"top\"><\/div><div class=\"uvc-main-heading ult-responsive\"  data-ultimate-target='.uvc-heading.ultimate-heading-34269dc03c956939 h2'  data-responsive-json-new='{\"font-size\":\"desktop:18px;\",\"line-height\":\"desktop:25px;\"}' ><h2 style=\"font-weight:bold;margin-bottom:15px;\">Adeziv pe dou\u0103 fe\u021be pe foi 3M 7956 MP cu rezisten\u021b\u0103 la temperaturi ridicate<\/h2><\/div><\/div>[vc_empty_space height=&#8221;20px&#8221;][vc_row_inner][vc_column_inner][vc_column_text]<a class=\"dt-pswp-item\" href=\"https:\/\/partners-ltd.com\/wp-content\/uploads\/2022\/02\/\u0414\u0432\u0443\u0441\u0442\u0440\u0430\u043d\u043d\u043e-\u043b\u0435\u043f\u044f\u0449\u0438-\u043b\u0438\u0441\u0442\u043e\u0432\u0435-3M-7955-MPL-\u2013-\u043b\u0435\u043f\u0438\u043b\u043e-\u043d\u0430-\u043b\u0438\u0441\u0442-1.jpg\" data-dt-img-description=\"\" data-large_image_width=\"300\" data-large_image_height=\"300\"><img loading=\"lazy\" decoding=\"async\" class=\"alignleft wp-image-27384\" src=\"https:\/\/partners-ltd.com\/wp-content\/uploads\/2022\/02\/\u0414\u0432\u0443\u0441\u0442\u0440\u0430\u043d\u043d\u043e-\u043b\u0435\u043f\u044f\u0449\u0438-\u043b\u0438\u0441\u0442\u043e\u0432\u0435-3M-7955-MPL-\u2013-\u043b\u0435\u043f\u0438\u043b\u043e-\u043d\u0430-\u043b\u0438\u0441\u0442-1.jpg\" alt=\"\u0414\u0432\u0443\u0441\u0442\u0440\u0430\u043d\u043d\u043e \u043b\u0435\u043f\u044f\u0449\u0438 \u043b\u0438\u0441\u0442\u043e\u0432\u0435 3M 7956 MPL \u2013 \u043b\u0435\u043f\u0438\u043b\u043e \u043d\u0430 \u043b\u0438\u0441\u0442\" width=\"175\" height=\"175\" srcset=\"https:\/\/partners-ltd.com\/wp-content\/uploads\/2022\/02\/\u0414\u0432\u0443\u0441\u0442\u0440\u0430\u043d\u043d\u043e-\u043b\u0435\u043f\u044f\u0449\u0438-\u043b\u0438\u0441\u0442\u043e\u0432\u0435-3M-7955-MPL-\u2013-\u043b\u0435\u043f\u0438\u043b\u043e-\u043d\u0430-\u043b\u0438\u0441\u0442-1.jpg 300w, https:\/\/partners-ltd.com\/wp-content\/uploads\/2022\/02\/\u0414\u0432\u0443\u0441\u0442\u0440\u0430\u043d\u043d\u043e-\u043b\u0435\u043f\u044f\u0449\u0438-\u043b\u0438\u0441\u0442\u043e\u0432\u0435-3M-7955-MPL-\u2013-\u043b\u0435\u043f\u0438\u043b\u043e-\u043d\u0430-\u043b\u0438\u0441\u0442-1-100x100.jpg 100w, https:\/\/partners-ltd.com\/wp-content\/uploads\/2022\/02\/\u0414\u0432\u0443\u0441\u0442\u0440\u0430\u043d\u043d\u043e-\u043b\u0435\u043f\u044f\u0449\u0438-\u043b\u0438\u0441\u0442\u043e\u0432\u0435-3M-7955-MPL-\u2013-\u043b\u0435\u043f\u0438\u043b\u043e-\u043d\u0430-\u043b\u0438\u0441\u0442-1-200x200.jpg 200w\" sizes=\"(max-width: 175px) 100vw, 175px\" \/><\/a>Foi adezive cu dou\u0103 fe\u021be 3M 7956 MPL &#8211; Adeziv pe foaie 3M 7956 MP este efectiv un adeziv puternic din acrilat, plasat \u00eentre dou\u0103 protectoare siliconate. Grosimea sa este garantat\u0103 pe \u00eentreaga zon\u0103 de lipire. Datorit\u0103 adezivului agresiv de acrilat, 3M 7956 MP leag\u0103 materiale diferite \u0219i ofer\u0103 o conexiune flexibil\u0103 cu o mare rezisten\u021b\u0103.<\/p>\n<p>Deoarece 3M 7956 MP este format \u00een foi de adeziv care sunt u\u0219or de t\u0103iat la dimensiune, acesta accept\u0103 extinderea diferitelor suprafe\u021be structurate \u0219i nu modific\u0103 rezisten\u021ba conexiunii. Absen\u021ba unui suport (numai adeziv) face ca foile 3M 7956 MP s\u0103 fie ideale pentru lipirea scrisorilor tip sandwich \u00een vrac \u0219i a altor produse din mai mult de un material.<\/p>\n<p>Foile adezive cu dou\u0103 fe\u021be 3M 7956 MP sunt, de asemenea, rezistente la tratarea cu unele substan\u021be chimice atunci c\u00e2nd sunt aplicate pe materiale impermeabile. Substan\u021bele chimice care nu \u00eenmoaie leg\u0103tura adeziv\u0103 sunt: acizi slabi, baze, uleiuri, benzin\u0103, kerosen, combustibil JP-4 \u0219i mul\u021bi al\u021bi solven\u021bi. Foile laminate pe dou\u0103 fe\u021be sunt rezistente la temperaturi ridicate \u0219i radia\u021bii UV. Se taie foarte usor cu foarfeca si cutite model, stantarea si taierea cu laser sunt ideale.[\/vc_column_text][\/vc_column_inner][\/vc_row_inner][\/vc_column][\/vc_row][vc_row margin_bottom=&#8221;30px&#8221;][vc_column css=&#8221;.vc_custom_1645443660985{margin-bottom: 30px !important;border-top-width: 1px !important;border-right-width: 1px !important;border-bottom-width: 1px !important;border-left-width: 1px !important;border-left-color: #c0c0c0 !important;border-left-style: dotted !important;border-right-color: #c0c0c0 !important;border-right-style: dotted !important;border-top-color: #c0c0c0 !important;border-top-style: dotted !important;border-bottom-color: #c0c0c0 !important;border-bottom-style: dotted !important;}&#8221;]<div id=\"ultimate-heading-591969dc03c95697c\" class=\"uvc-heading ult-adjust-bottom-margin ultimate-heading-591969dc03c95697c uvc-3826 \" data-hspacer=\"no_spacer\"  data-halign=\"left\" style=\"text-align:left\"><div class=\"uvc-heading-spacer no_spacer\" style=\"top\"><\/div><div class=\"uvc-main-heading ult-responsive\"  data-ultimate-target='.uvc-heading.ultimate-heading-591969dc03c95697c h3'  data-responsive-json-new='{\"font-size\":\"desktop:18px;\",\"line-height\":\"desktop:25px;\"}' ><h3 style=\"font-weight:bold;margin-bottom:15px;\">Lipe\u0219te urm\u0103toarele materiale:<\/h3><\/div><\/div>[vc_row_inner][vc_column_inner width=&#8221;1\/2&#8243;]<div class=\"standard-arrow list-divider\"><ul>\n<li>Sticl\u0103<\/li>\n<li>metal<\/li>\n<li>copac<\/li>\n<li>poliester<\/li>\n<\/ul>\n<\/div>[\/vc_column_inner][vc_column_inner width=&#8221;1\/2&#8243;]<div class=\"standard-arrow list-divider\"><ul>\n<li>ABS<\/li>\n<li>policarbonat<\/li>\n<li>al\u021bii<\/li>\n<\/ul>\n<\/div>[\/vc_column_inner][\/vc_row_inner][\/vc_column][\/vc_row][vc_row margin_bottom=&#8221;30px&#8221; css=&#8221;.vc_custom_1644935280099{margin-bottom: 30px !important;border-top-width: 1px !important;border-right-width: 1px !important;border-bottom-width: 1px !important;border-left-width: 1px !important;border-left-color: #c6c6c6 !important;border-left-style: dotted !important;border-right-color: #c6c6c6 !important;border-right-style: dotted !important;border-top-color: #c6c6c6 !important;border-top-style: dotted !important;border-bottom-color: #c6c6c6 !important;border-bottom-style: dotted !important;border-radius: 1px !important;}&#8221;][vc_column]<div id=\"ultimate-heading-803169dc03c956a0c\" class=\"uvc-heading ult-adjust-bottom-margin ultimate-heading-803169dc03c956a0c uvc-4649 \" data-hspacer=\"no_spacer\"  data-halign=\"left\" style=\"text-align:left\"><div class=\"uvc-heading-spacer no_spacer\" style=\"top\"><\/div><div class=\"uvc-main-heading ult-responsive\"  data-ultimate-target='.uvc-heading.ultimate-heading-803169dc03c956a0c h3'  data-responsive-json-new='{\"font-size\":\"desktop:18px;\",\"line-height\":\"desktop:25px;\"}' ><h3 style=\"font-weight:bold;margin-bottom:20px;\">Avantaje:<\/h3><\/div><\/div>[vc_row_inner][vc_column_inner width=&#8221;1\/2&#8243;]<div class=\"standard-arrow list-divider\"><ul>\n<li>conexiune de presiune foarte durabil\u0103<\/li>\n<li>rezisten\u021b\u0103 la o gam\u0103 larg\u0103 de temperaturi<\/li>\n<li>rezistent la radiatiile UV<\/li>\n<li>fara extensii<\/li>\n<\/ul>\n<\/div>[\/vc_column_inner][vc_column_inner width=&#8221;1\/2&#8243;]<div class=\"standard-arrow list-divider\"><ul>\n<li>lipirea lin\u0103 a graficelor<\/li>\n<li>rezisten\u021b\u0103 chimic\u0103<\/li>\n<li>rezistenta excelenta la umiditate fara sifonare<\/li>\n<\/ul>\n<\/div>[\/vc_column_inner][\/vc_row_inner][\/vc_column][\/vc_row][vc_row margin_bottom=&#8221;30px&#8221;][vc_column css=&#8221;.vc_custom_1644935243545{margin-bottom: 30px !important;border-top-width: 1px !important;border-right-width: 1px !important;border-bottom-width: 1px !important;border-left-width: 1px !important;border-left-color: #c0c0c0 !important;border-left-style: dotted !important;border-right-color: #c0c0c0 !important;border-right-style: dotted !important;border-top-color: #c0c0c0 !important;border-top-style: dotted !important;border-bottom-color: #c0c0c0 !important;border-bottom-style: dotted !important;}&#8221;]<div id=\"ultimate-heading-869dc03c956a65\" class=\"uvc-heading ult-adjust-bottom-margin ultimate-heading-869dc03c956a65 uvc-6066 \" data-hspacer=\"no_spacer\"  data-halign=\"left\" style=\"text-align:left\"><div class=\"uvc-heading-spacer no_spacer\" style=\"top\"><\/div><div class=\"uvc-main-heading ult-responsive\"  data-ultimate-target='.uvc-heading.ultimate-heading-869dc03c956a65 h4'  data-responsive-json-new='{\"font-size\":\"desktop:18px;\",\"line-height\":\"desktop:25px;\"}' ><h4 style=\"font-weight:bold;margin-bottom:15px;\">Tehnica lipirii:<\/h4><\/div><\/div>[vc_column_text]\u00cenainte de lipire, utiliza\u021bi amestec de alcool izopropilic pentru a cur\u0103\u021ba suprafe\u021bele. Dup\u0103 aceea, l\u0103sa\u021bi-le s\u0103 se usuce. Lipi\u021bi la temperaturi cuprinse \u00eentre 21\u00b0C \u0219i 38\u00b0C pentru a avea o bun\u0103 aderen\u021b\u0103. Nu se recomanda lipirea la temperaturi sub 10\u00b0C. C\u00e2nd lucra\u021bi cu substan\u021be chimice, lua\u021bi m\u0103suri de precau\u021bie.[\/vc_column_text][\/vc_column][\/vc_row]<\/p>\n<\/div>","protected":false},"excerpt":{"rendered":"<p>Foile adezive cu dou\u0103 fe\u021be 3M 7956 MPL sunt ideale pentru lipirea materialelor plastice, sticl\u0103, metal, lemn, PVC, plexiglas, PET, policarbonat, poliester \u0219i ABS. Ele decupeaz\u0103 la dimensiunea produselor \u0219i g\u0103zduiesc expansiunile diferitelor suprafe\u021be structurate.<\/p>\n","protected":false},"featured_media":27382,"comment_status":"open","ping_status":"closed","template":"","meta":[],"product_cat":[1855,2668],"product_tag":[],"_links":{"self":[{"href":"https:\/\/partners-ltd.com\/ro\/wp-json\/wp\/v2\/product\/35544"}],"collection":[{"href":"https:\/\/partners-ltd.com\/ro\/wp-json\/wp\/v2\/product"}],"about":[{"href":"https:\/\/partners-ltd.com\/ro\/wp-json\/wp\/v2\/types\/product"}],"replies":[{"embeddable":true,"href":"https:\/\/partners-ltd.com\/ro\/wp-json\/wp\/v2\/comments?post=35544"}],"wp:featuredmedia":[{"embeddable":true,"href":"https:\/\/partners-ltd.com\/ro\/wp-json\/wp\/v2\/media\/27382"}],"wp:attachment":[{"href":"https:\/\/partners-ltd.com\/ro\/wp-json\/wp\/v2\/media?parent=35544"}],"wp:term":[{"taxonomy":"product_cat","embeddable":true,"href":"https:\/\/partners-ltd.com\/ro\/wp-json\/wp\/v2\/product_cat?post=35544"},{"taxonomy":"product_tag","embeddable":true,"href":"https:\/\/partners-ltd.com\/ro\/wp-json\/wp\/v2\/product_tag?post=35544"}],"curies":[{"name":"wp","href":"https:\/\/api.w.org\/{rel}","templated":true}]}}