{"id":35540,"date":"2022-03-17T12:10:26","date_gmt":"2022-03-17T10:10:26","guid":{"rendered":"https:\/\/partners-ltd.com\/?post_type=product&#038;p=35540"},"modified":"2024-06-06T13:49:02","modified_gmt":"2024-06-06T10:49:02","slug":"banda-adeziva-de-transfer-3m-8153le","status":"publish","type":"product","link":"https:\/\/partners-ltd.com\/ro\/e-shop\/banda-dublu-adeziva-si-adezivi\/dublu-adezivi-pe-foaie\/banda-adeziva-de-transfer-3m-8153le\/","title":{"rendered":"Band\u0103 adeziv\u0103 de transfer 3M 8153LE"},"content":{"rendered":"<div class=\"wpb-content-wrapper\"><p>[vc_row margin_bottom=&#8221;30px&#8221;][vc_column css=&#8221;.vc_custom_1644935215002{margin-bottom: 30px !important;border-top-width: 1px !important;border-right-width: 1px !important;border-bottom-width: 1px !important;border-left-width: 1px !important;border-left-color: #c0c0c0 !important;border-left-style: dotted !important;border-right-color: #c0c0c0 !important;border-right-style: dotted !important;border-top-color: #c0c0c0 !important;border-top-style: dotted !important;border-bottom-color: #c0c0c0 !important;border-bottom-style: dotted !important;}&#8221;]<div id=\"ultimate-heading-744169e34cdfb5a68\" class=\"uvc-heading ult-adjust-bottom-margin ultimate-heading-744169e34cdfb5a68 uvc-7984 \" data-hspacer=\"no_spacer\"  data-halign=\"left\" style=\"text-align:left\"><div class=\"uvc-heading-spacer no_spacer\" style=\"top\"><\/div><div class=\"uvc-main-heading ult-responsive\"  data-ultimate-target='.uvc-heading.ultimate-heading-744169e34cdfb5a68 h2'  data-responsive-json-new='{\"font-size\":\"desktop:18px;\",\"line-height\":\"desktop:25px;\"}' ><h2 style=\"font-weight:bold;margin-bottom:30px;\">Band\u0103 adeziv\u0103 de transfer 3M 8153LE<\/h2><\/div><\/div>[vc_row_inner css=&#8221;.vc_custom_1717663796759{margin-bottom: 25px !important;}&#8221;][vc_column_inner][vc_column_text]<img loading=\"lazy\" decoding=\"async\" class=\"alignleft wp-image-27447\" src=\"https:\/\/partners-ltd.com\/wp-content\/uploads\/2022\/02\/\u0414\u0432\u0443\u0441\u0442\u0440\u0430\u043d\u043d\u043e-\u043b\u0435\u043f\u044f\u0449\u0438-\u043b\u0438\u0441\u0442\u043e\u0432\u0435-3M-7945-MPL.jpg\" alt=\"Band\u0103 adeziv\u0103 de transfer 3M 8153LE\" width=\"175\" height=\"147\" \/>3M 8153LE este un adeziv acrilic uscat 200MP format sub form\u0103 de foi cu dimensiuni de 61 cm (l\u0103\u021bime)\/ 91,4 cm (\u00een\u0103l\u021bime). Se ader\u0103 la materiale cu energie de suprafa\u021b\u0103 ridicat\u0103 \u0219i ofer\u0103 durabilitate pe termen lung pentru metale, materiale plastice, poliester, sticl\u0103, policarbonat, ABS \u0219i a\u0219a mai departe.<\/p>\n<p>Foile adezive cu dou\u0103 fe\u021be 3M nu au expansiune \u00een timpul schimb\u0103rilor de temperatur\u0103. 3M Membrane Spacer 7961 MP este proiectat pentru fabricarea de tastaturi tactile flexibile \u0219i afi\u0219aje electronice. Se datoreaz\u0103 faptului c\u0103 3M 8153LE are o grosime fix\u0103 a adezivului.<\/p>\n<p>Foile cu dou\u0103 fe\u021be 3M 8153LE au un suport de film din poliester care este dielectric excelent. Este rezistent la umiditate, astfel \u00eenc\u00e2t nu sunt garantate pliuri. Sunt perfecte pentru lipirea afi\u0219ajelor electronice \u0219i a afi\u0219ajelor telefoanelor mobile.<\/p>\n<p>Folosind foi cu dou\u0103 fe\u021be 3M (distan\u021biere pentru comutatoare cu membran\u0103), pute\u021bi face rapid ca fiecare produs s\u0103 devin\u0103 autoadeziv. Este foarte convenabil pentru clien\u021bi. Grosimea lipirii pe toat\u0103 l\u0103\u021bimea materialelor este garantat\u0103. Astfel produsele nu \u00ee\u0219i schimb\u0103 aspectul \u0219i puterea de aderen\u021b\u0103.[\/vc_column_text][\/vc_column_inner][\/vc_row_inner][\/vc_column][\/vc_row][vc_row margin_bottom=&#8221;30px&#8221;][vc_column css=&#8221;.vc_custom_1645443660985{margin-bottom: 30px !important;border-top-width: 1px !important;border-right-width: 1px !important;border-bottom-width: 1px !important;border-left-width: 1px !important;border-left-color: #c0c0c0 !important;border-left-style: dotted !important;border-right-color: #c0c0c0 !important;border-right-style: dotted !important;border-top-color: #c0c0c0 !important;border-top-style: dotted !important;border-bottom-color: #c0c0c0 !important;border-bottom-style: dotted !important;}&#8221;]<div id=\"ultimate-heading-111569e34cdfb5aa1\" class=\"uvc-heading ult-adjust-bottom-margin ultimate-heading-111569e34cdfb5aa1 uvc-4299 \" data-hspacer=\"no_spacer\"  data-halign=\"left\" style=\"text-align:left\"><div class=\"uvc-heading-spacer no_spacer\" style=\"top\"><\/div><div class=\"uvc-main-heading ult-responsive\"  data-ultimate-target='.uvc-heading.ultimate-heading-111569e34cdfb5aa1 h3'  data-responsive-json-new='{\"font-size\":\"desktop:18px;\",\"line-height\":\"desktop:25px;\"}' ><h3 style=\"font-weight:bold;margin-bottom:15px;\">Leag\u0103 o gam\u0103 larg\u0103 de materiale:<\/h3><\/div><\/div>[vc_row_inner][vc_column_inner width=&#8221;1\/2&#8243;]<div class=\"standard-arrow list-divider\"><ul>\n<li>Materiale plastice<\/li>\n<li>Materiale LSE<\/li>\n<li>Metal<\/li>\n<li>Lemn<\/li>\n<\/ul>\n<\/div>[\/vc_column_inner][vc_column_inner width=&#8221;1\/2&#8243;]<div class=\"standard-arrow list-divider\"><ul>\n<li>poliester<\/li>\n<li>ABS<\/li>\n<li>policarbonat<\/li>\n<li>al\u021bii<\/li>\n<\/ul>\n<\/div>[\/vc_column_inner][\/vc_row_inner][\/vc_column][\/vc_row][vc_row margin_bottom=&#8221;30px&#8221; css=&#8221;.vc_custom_1644935280099{margin-bottom: 30px !important;border-top-width: 1px !important;border-right-width: 1px !important;border-bottom-width: 1px !important;border-left-width: 1px !important;border-left-color: #c6c6c6 !important;border-left-style: dotted !important;border-right-color: #c6c6c6 !important;border-right-style: dotted !important;border-top-color: #c6c6c6 !important;border-top-style: dotted !important;border-bottom-color: #c6c6c6 !important;border-bottom-style: dotted !important;border-radius: 1px !important;}&#8221;][vc_column]<div id=\"ultimate-heading-452469e34cdfb5b24\" class=\"uvc-heading ult-adjust-bottom-margin ultimate-heading-452469e34cdfb5b24 uvc-8578 \" data-hspacer=\"no_spacer\"  data-halign=\"left\" style=\"text-align:left\"><div class=\"uvc-heading-spacer no_spacer\" style=\"top\"><\/div><div class=\"uvc-main-heading ult-responsive\"  data-ultimate-target='.uvc-heading.ultimate-heading-452469e34cdfb5b24 h3'  data-responsive-json-new='{\"font-size\":\"desktop:18px;\",\"line-height\":\"desktop:25px;\"}' ><h3 style=\"font-weight:bold;margin-bottom:20px;\">Avantaje:<\/h3><\/div><\/div>[vc_row_inner][vc_column_inner width=&#8221;1\/2&#8243;]<div class=\"standard-arrow list-divider\"><ul>\n<li>Rezistenta la presiune<\/li>\n<li>Rezisten\u021b\u0103 la temperaturi ridicate<\/li>\n<li>Rezistenta UV<\/li>\n<li>Nu se pliaz\u0103 de ap\u0103<\/li>\n<\/ul>\n<\/div>[\/vc_column_inner][vc_column_inner width=&#8221;1\/2&#8243;]<div class=\"standard-arrow list-divider\"><ul>\n<li>Adeziv transparent, f\u0103r\u0103 impurit\u0103\u021bi<\/li>\n<li>Rezisten\u021b\u0103 la solven\u021bi<\/li>\n<li>Folosit ca dielectric<\/li>\n<\/ul>\n<\/div>[\/vc_column_inner][\/vc_row_inner][\/vc_column][\/vc_row][vc_row margin_bottom=&#8221;30px&#8221;][vc_column css=&#8221;.vc_custom_1644935243545{margin-bottom: 30px !important;border-top-width: 1px !important;border-right-width: 1px !important;border-bottom-width: 1px !important;border-left-width: 1px !important;border-left-color: #c0c0c0 !important;border-left-style: dotted !important;border-right-color: #c0c0c0 !important;border-right-style: dotted !important;border-top-color: #c0c0c0 !important;border-top-style: dotted !important;border-bottom-color: #c0c0c0 !important;border-bottom-style: dotted !important;}&#8221;]<div id=\"ultimate-heading-166069e34cdfb5b78\" class=\"uvc-heading ult-adjust-bottom-margin ultimate-heading-166069e34cdfb5b78 uvc-6585 \" data-hspacer=\"no_spacer\"  data-halign=\"left\" style=\"text-align:left\"><div class=\"uvc-heading-spacer no_spacer\" style=\"top\"><\/div><div class=\"uvc-main-heading ult-responsive\"  data-ultimate-target='.uvc-heading.ultimate-heading-166069e34cdfb5b78 h4'  data-responsive-json-new='{\"font-size\":\"desktop:18px;\",\"line-height\":\"desktop:25px;\"}' ><h4 style=\"font-weight:bold;margin-bottom:15px;\">Tehnica lipirii<\/h4><\/div><\/div>[vc_column_text]\u00cenainte de lipire, utiliza\u021bi amestec de alcool izopropilic pentru a cur\u0103\u021ba suprafe\u021bele. Dup\u0103 aceea, l\u0103sa\u021bi-le s\u0103 se usuce. Lipi\u021bi la temperaturi cuprinse \u00eentre 21\u00b0C \u0219i 38\u00b0C pentru a avea o bun\u0103 aderen\u021b\u0103. Nu se recomanda lipirea la temperaturi sub 10\u00b0C. C\u00e2nd lucra\u021bi cu substan\u021be chimice, lua\u021bi m\u0103suri de precau\u021bie.[\/vc_column_text][\/vc_column][\/vc_row]<\/p>\n<\/div>","protected":false},"excerpt":{"rendered":"<div class=\"woocommerce-product-details__short-description\">Banda adeziv\u0103 de transfer 3M 8153LE ofer\u0103 o rezisten\u021b\u0103 ridicat\u0103 de aderen\u021b\u0103 pe majoritatea suprafe\u021belor, inclusiv pe multe materiale plastice cu energie de suprafa\u021b\u0103 sc\u0103zut\u0103. Adezivul acrilic ofer\u0103, de asemenea, o aderen\u021b\u0103 excelent\u0103 la suprafe\u021bele u\u0219or contaminate cu ulei utilizat \u00een mod obi\u0219nuit cu piesele ma\u0219inii.<\/div>\n","protected":false},"featured_media":27382,"comment_status":"open","ping_status":"closed","template":"","meta":[],"product_cat":[1855,2668],"product_tag":[],"_links":{"self":[{"href":"https:\/\/partners-ltd.com\/ro\/wp-json\/wp\/v2\/product\/35540"}],"collection":[{"href":"https:\/\/partners-ltd.com\/ro\/wp-json\/wp\/v2\/product"}],"about":[{"href":"https:\/\/partners-ltd.com\/ro\/wp-json\/wp\/v2\/types\/product"}],"replies":[{"embeddable":true,"href":"https:\/\/partners-ltd.com\/ro\/wp-json\/wp\/v2\/comments?post=35540"}],"wp:featuredmedia":[{"embeddable":true,"href":"https:\/\/partners-ltd.com\/ro\/wp-json\/wp\/v2\/media\/27382"}],"wp:attachment":[{"href":"https:\/\/partners-ltd.com\/ro\/wp-json\/wp\/v2\/media?parent=35540"}],"wp:term":[{"taxonomy":"product_cat","embeddable":true,"href":"https:\/\/partners-ltd.com\/ro\/wp-json\/wp\/v2\/product_cat?post=35540"},{"taxonomy":"product_tag","embeddable":true,"href":"https:\/\/partners-ltd.com\/ro\/wp-json\/wp\/v2\/product_tag?post=35540"}],"curies":[{"name":"wp","href":"https:\/\/api.w.org\/{rel}","templated":true}]}}