{"id":34375,"date":"2022-03-07T15:41:27","date_gmt":"2022-03-07T13:41:27","guid":{"rendered":"https:\/\/partners-ltd.com\/?post_type=product&#038;p=34375"},"modified":"2024-07-01T09:43:39","modified_gmt":"2024-07-01T06:43:39","slug":"3m-super-77-spray","status":"publish","type":"product","link":"https:\/\/partners-ltd.com\/ro\/e-shop\/banda-dublu-adeziva-si-adezivi\/adezivi-cu-aerosoli\/3m-super-77-spray\/","title":{"rendered":"3M Super 77 &#8211; Multipurpose Spray Adhesive, 500ml"},"content":{"rendered":"<div class=\"wpb-content-wrapper\"><p>[vc_row css=&#8221;.vc_custom_1614340926172{margin-bottom: 30px !important;border-top-width: 1px !important;border-right-width: 1px !important;border-bottom-width: 1px !important;border-left-width: 1px !important;border-left-color: #d8d8d8 !important;border-left-style: solid !important;border-right-color: #d8d8d8 !important;border-right-style: solid !important;border-top-color: #d8d8d8 !important;border-top-style: solid !important;border-bottom-color: #d8d8d8 !important;border-bottom-style: solid !important;border-radius: 1px !important;}&#8221;][vc_column]<div id=\"ultimate-heading-31669dd4c5ec65d8\" class=\"uvc-heading ult-adjust-bottom-margin ultimate-heading-31669dd4c5ec65d8 uvc-92  uvc-heading-default-font-sizes\" data-hspacer=\"no_spacer\"  data-halign=\"left\" style=\"text-align:left\"><div class=\"uvc-heading-spacer no_spacer\" style=\"top\"><\/div><div class=\"uvc-main-heading ult-responsive\"  data-ultimate-target='.uvc-heading.ultimate-heading-31669dd4c5ec65d8 h3'  data-responsive-json-new='{\"font-size\":\"\",\"line-height\":\"\"}' ><h3 style=\"--font-weight:theme;margin-bottom:30px;\">3M Super 77 - Multipurpose Spray Adhesive<\/h3><\/div><\/div>[vc_column_text]<\/p>\n<div class=\"page-title-head hgroup\">\n<p class=\"entry-title\"><a class=\"dt-pswp-item\" href=\"https:\/\/partners-ltd.com\/wp-content\/uploads\/2022\/03\/3M-Spray77_lepene_ramki_karton.jpg\" data-dt-img-description=\"\" data-large_image_width=\"580\" data-large_image_height=\"435\"><img loading=\"lazy\" decoding=\"async\" class=\"alignleft wp-image-27764\" src=\"https:\/\/partners-ltd.com\/wp-content\/uploads\/2022\/03\/3M-Spray77_lepene_ramki_karton.jpg\" alt=\"3M Super 77 application\" width=\"225\" height=\"169\" srcset=\"https:\/\/partners-ltd.com\/wp-content\/uploads\/2022\/03\/3M-Spray77_lepene_ramki_karton.jpg 580w, https:\/\/partners-ltd.com\/wp-content\/uploads\/2022\/03\/3M-Spray77_lepene_ramki_karton-300x225.jpg 300w, https:\/\/partners-ltd.com\/wp-content\/uploads\/2022\/03\/3M-Spray77_lepene_ramki_karton-425x319.jpg 425w\" sizes=\"(max-width: 225px) 100vw, 225px\" \/><\/a><\/p>\n<p><strong>3M Super 77<\/strong> este un adeziv pulverizat multifunc\u021bional pentru lipirea de \u00eenalt\u0103 rezisten\u021b\u0103 a materialelor u\u0219oare f\u0103r\u0103 absorb\u021bie. Folosind acest adeziv spray, lipi\u021bi suprafe\u021bele \u00een doar 15 secunde.<\/p>\n<p>Spray Adhesive Multifunctional 3M Super 77 este un adeziv acrilic agresiv cu o culoare transparenta care are o aderenta initiala mare precum si suficient timp deschis pentru a fixa pozitia materialelor. Se folose\u0219te pentru lipirea permanent\u0103 a cartonului, h\u00e2rtiei, materialelor din spum\u0103 izolatoare, \u021bes\u0103turi din p\u00e2sl\u0103, folii sub\u021biri, placi dure, foi metalice nevopsite.<br \/>\n\u200b<\/p>\n<\/div>\n<p>[\/vc_column_text][\/vc_column][\/vc_row][vc_row css=&#8221;.vc_custom_1614340946766{margin-bottom: 30px !important;border-top-width: 1px !important;border-right-width: 1px !important;border-bottom-width: 1px !important;border-left-width: 1px !important;border-left-color: #d8d8d8 !important;border-left-style: solid !important;border-right-color: #d8d8d8 !important;border-right-style: solid !important;border-top-color: #d8d8d8 !important;border-top-style: solid !important;border-bottom-color: #d8d8d8 !important;border-bottom-style: solid !important;border-radius: 1px !important;}&#8221;][vc_column]<div id=\"ultimate-heading-882269dd4c5ec6615\" class=\"uvc-heading ult-adjust-bottom-margin ultimate-heading-882269dd4c5ec6615 uvc-4090  uvc-heading-default-font-sizes\" data-hspacer=\"no_spacer\"  data-halign=\"left\" style=\"text-align:left\"><div class=\"uvc-heading-spacer no_spacer\" style=\"top\"><\/div><div class=\"uvc-main-heading ult-responsive\"  data-ultimate-target='.uvc-heading.ultimate-heading-882269dd4c5ec6615 h3'  data-responsive-json-new='{\"font-size\":\"\",\"line-height\":\"\"}' ><h3 style=\"--font-weight:theme;margin-bottom:30px;\">Leag\u0103 materiale u\u0219oare:<\/h3><\/div><\/div>[vc_row_inner][vc_column_inner width=&#8221;1\/2&#8243;]<div class=\"standard-arrow list-divider bullet-top\"><ul>\n<li>spum\u0103<\/li>\n<li>spum\u0103 de polistiren<\/li>\n<li>h\u00e2rtie<\/li>\n<li>carton<\/li>\n<li>panou dur<\/li>\n<\/ul>\n<\/div>[\/vc_column_inner][vc_column_inner width=&#8221;1\/2&#8243;]<div class=\"standard-arrow list-divider bullet-top\"><ul>\n<li>\u021bes\u0103tur\u0103 de p\u00e2sl\u0103<\/li>\n<li>\u00e2nz\u0103<\/li>\n<li>filme<\/li>\n<li>foi de aluminiu<\/li>\n<\/ul>\n<\/div>[\/vc_column_inner][\/vc_row_inner][\/vc_column][\/vc_row][vc_row css=&#8221;.vc_custom_1614340946766{margin-bottom: 30px !important;border-top-width: 1px !important;border-right-width: 1px !important;border-bottom-width: 1px !important;border-left-width: 1px !important;border-left-color: #d8d8d8 !important;border-left-style: solid !important;border-right-color: #d8d8d8 !important;border-right-style: solid !important;border-top-color: #d8d8d8 !important;border-top-style: solid !important;border-bottom-color: #d8d8d8 !important;border-bottom-style: solid !important;border-radius: 1px !important;}&#8221;][vc_column]<div id=\"ultimate-heading-675869dd4c5ec66a4\" class=\"uvc-heading ult-adjust-bottom-margin ultimate-heading-675869dd4c5ec66a4 uvc-1695  uvc-heading-default-font-sizes\" data-hspacer=\"no_spacer\"  data-halign=\"left\" style=\"text-align:left\"><div class=\"uvc-heading-spacer no_spacer\" style=\"top\"><\/div><div class=\"uvc-main-heading ult-responsive\"  data-ultimate-target='.uvc-heading.ultimate-heading-675869dd4c5ec66a4 h3'  data-responsive-json-new='{\"font-size\":\"\",\"line-height\":\"\"}' ><h3 style=\"--font-weight:theme;margin-bottom:30px;\">Avantaje:<\/h3><\/div><\/div>[vc_row_inner][vc_column_inner width=&#8221;1\/2&#8243;]<div class=\"standard-arrow list-divider bullet-top\"><ul>\n<li>for\u021ba de leg\u0103tur\u0103<\/li>\n<li>acoperire perfecta<\/li>\n<li>controlul pulveriz\u0103rii<\/li>\n<\/ul>\n<\/div>[\/vc_column_inner][vc_column_inner width=&#8221;1\/2&#8243;]<div class=\"standard-arrow list-divider bullet-top\"><ul>\n<li>aderen\u021b\u0103 ini\u021bial\u0103 rapid\u0103, aderen\u021b\u0103 puternic\u0103, aspect curat<\/li>\n<li>culoare clar\u0103 potrivit\u0103 pentru filme transparente<\/li>\n<li>utilizare multifunc\u021bional\u0103<\/li>\n<\/ul>\n<\/div>[\/vc_column_inner][\/vc_row_inner][\/vc_column][\/vc_row][vc_row css=&#8221;.vc_custom_1614340946766{margin-bottom: 30px !important;border-top-width: 1px !important;border-right-width: 1px !important;border-bottom-width: 1px !important;border-left-width: 1px !important;border-left-color: #d8d8d8 !important;border-left-style: solid !important;border-right-color: #d8d8d8 !important;border-right-style: solid !important;border-top-color: #d8d8d8 !important;border-top-style: solid !important;border-bottom-color: #d8d8d8 !important;border-bottom-style: solid !important;border-radius: 1px !important;}&#8221;][vc_column]<div id=\"ultimate-heading-778469dd4c5ec6702\" class=\"uvc-heading ult-adjust-bottom-margin ultimate-heading-778469dd4c5ec6702 uvc-4173  uvc-heading-default-font-sizes\" data-hspacer=\"no_spacer\"  data-halign=\"left\" style=\"text-align:left\"><div class=\"uvc-heading-spacer no_spacer\" style=\"top\"><\/div><div class=\"uvc-main-heading ult-responsive\"  data-ultimate-target='.uvc-heading.ultimate-heading-778469dd4c5ec6702 h3'  data-responsive-json-new='{\"font-size\":\"\",\"line-height\":\"\"}' ><h3 style=\"--font-weight:theme;margin-bottom:30px;\">Aplicatii:<\/h3><\/div><\/div>[vc_row_inner][vc_column_inner width=&#8221;1\/2&#8243;]<div class=\"standard-arrow list-divider bullet-top\"><ul>\n<li>pachete<\/li>\n<li>mobila<\/li>\n<li>izolatie<\/li>\n<li>prelucrarea lemnului<\/li>\n<\/ul>\n<\/div>[\/vc_column_inner][vc_column_inner width=&#8221;1\/2&#8243;]<div class=\"standard-arrow list-divider bullet-top\"><ul>\n<li>vehicule specializate<\/li>\n<li>sistemele de ventila\u021bie \u0219i climatizare ale vehiculelor<\/li>\n<li>monta\u021bi izola\u021bia<br \/>\n\u200b<\/li>\n<\/ul>\n<\/div>[\/vc_column_inner][\/vc_row_inner][\/vc_column][\/vc_row][vc_row css=&#8221;.vc_custom_1646038538342{margin-bottom: 30px !important;border-top-width: 1px !important;border-right-width: 1px !important;border-bottom-width: 1px !important;border-left-width: 1px !important;border-left-color: #d8d8d8 !important;border-left-style: solid !important;border-right-color: #d8d8d8 !important;border-right-style: solid !important;border-top-color: #d8d8d8 !important;border-top-style: solid !important;border-bottom-color: #d8d8d8 !important;border-bottom-style: solid !important;border-radius: 1px !important;}&#8221;][vc_column css=&#8221;.vc_custom_1646038433563{margin-top: 0px !important;margin-right: 0px !important;margin-bottom: 0px !important;margin-left: 0px !important;border-top-width: 0px !important;border-right-width: 0px !important;border-bottom-width: 0px !important;border-left-width: 0px !important;border-left-color: #d8d8d8 !important;border-left-style: solid !important;border-right-color: #d8d8d8 !important;border-right-style: solid !important;border-top-color: #d8d8d8 !important;border-top-style: solid !important;border-bottom-color: #d8d8d8 !important;border-bottom-style: solid !important;border-radius: 1px !important;}&#8221;]<div id=\"ultimate-heading-602069dd4c5ec6762\" class=\"uvc-heading ult-adjust-bottom-margin ultimate-heading-602069dd4c5ec6762 uvc-733  uvc-heading-default-font-sizes\" data-hspacer=\"no_spacer\"  data-halign=\"left\" style=\"text-align:left\"><div class=\"uvc-heading-spacer no_spacer\" style=\"top\"><\/div><div class=\"uvc-main-heading ult-responsive\"  data-ultimate-target='.uvc-heading.ultimate-heading-602069dd4c5ec6762 h3'  data-responsive-json-new='{\"font-size\":\"\",\"line-height\":\"\"}' ><h3 style=\"--font-weight:theme;margin-bottom:20px;\">Cum se aplic\u0103 Super 77 Spray Adhesive?<\/h3><\/div><\/div>[vc_column_text]Cur\u0103\u021ba\u021bi suprafe\u021bele materialelor pe care le lipi\u021bi. Se recomand\u0103 \u00eendep\u0103rtarea tuturor murd\u0103riei, cum ar fi praful, gr\u0103simea \u0219i a\u0219a mai departe. Lipi\u021bi la o temperatur\u0103 mai mare de 18\u00b0C pentru o conexiune de \u00eenalt\u0103 rezisten\u021b\u0103.<\/p>\n<ol>\n<li>Cur\u0103\u021ba\u021bi perfect suprafe\u021bele.<\/li>\n<li>Alege\u021bi l\u0103\u021bimea pulveriz\u0103rii.<\/li>\n<li>Pulveriza\u021bi ambele suprafe\u021be de la 15-20 distan\u021b\u0103.<\/li>\n<li>Lipi\u021bi materialele p\u00e2n\u0103 c\u00e2nd adezivul este \u00eenc\u0103 umed.<\/li>\n<\/ol>\n<p>[\/vc_column_text][\/vc_column][\/vc_row][vc_row css=&#8221;.vc_custom_1614340974723{border-top-width: 1px !important;border-right-width: 1px !important;border-bottom-width: 1px !important;border-left-width: 1px !important;border-left-color: #d8d8d8 !important;border-left-style: solid !important;border-right-color: #d8d8d8 !important;border-right-style: solid !important;border-top-color: #d8d8d8 !important;border-top-style: solid !important;border-bottom-color: #d8d8d8 !important;border-bottom-style: solid !important;border-radius: 1px !important;}&#8221;][vc_column css=&#8221;.vc_custom_1646730575037{margin-bottom: 30px !important;}&#8221;]<div id=\"ultimate-heading-7069dd4c5ec677c\" class=\"uvc-heading ult-adjust-bottom-margin ultimate-heading-7069dd4c5ec677c uvc-2486  uvc-heading-default-font-sizes\" data-hspacer=\"no_spacer\"  data-halign=\"left\" style=\"text-align:left\"><div class=\"uvc-heading-spacer no_spacer\" style=\"top\"><\/div><div class=\"uvc-main-heading ult-responsive\"  data-ultimate-target='.uvc-heading.ultimate-heading-7069dd4c5ec677c h3'  data-responsive-json-new='{\"font-size\":\"\",\"line-height\":\"\"}' ><h3 style=\"--font-weight:theme;\">Documente:<\/h3><\/div><\/div>[vc_row_inner css=&#8221;.vc_custom_1615980091033{margin-bottom: 30px !important;}&#8221;][vc_column_inner width=&#8221;1\/4&#8243;][vc_column_text]Brochure[\/vc_column_text][vc_single_image image=&#8221;27745&#8243; onclick=&#8221;custom_link&#8221; img_link_target=&#8221;_blank&#8221; link=&#8221;\/wp-content\/uploads\/2022\/03\/Brochure-3M-Spray-Adhesives-Brochure.pdf&#8221;]<style type=\"text\/css\" data-type=\"the7_shortcodes-inline-css\">#default-btn-b56b3cee24b759a574db5c05f9adf0bc.ico-right-side > i {\n  margin-right: 0px;\n  margin-left: 8px;\n}\n#default-btn-b56b3cee24b759a574db5c05f9adf0bc > i {\n  margin-right: 8px;\n}\n<\/style><a href=\"\/wp-content\/uploads\/2022\/03\/Brochure-3M-Spray-Adhesives-Brochure.pdf\" class=\"default-btn-shortcode dt-btn dt-btn-s link-hover-off btn-inline-left \" target=\"_blank\" id=\"default-btn-b56b3cee24b759a574db5c05f9adf0bc\" rel=\"noopener\"><span>Desc\u0103rca\u021bi PDF<\/span><\/a>[\/vc_column_inner][vc_column_inner width=&#8221;1\/4&#8243;][vc_column_text]Datasheet[\/vc_column_text][vc_single_image image=&#8221;27769&#8243; onclick=&#8221;custom_link&#8221; img_link_target=&#8221;_blank&#8221; link=&#8221;https:\/\/partners-ltd.com\/wp-content\/uploads\/2022\/03\/3M_Super77-Multipurpose-Spray.pdf&#8221;]<style type=\"text\/css\" data-type=\"the7_shortcodes-inline-css\">#default-btn-d8c435dc8ffa04da71eb5e419910bffe.ico-right-side > i {\n  margin-right: 0px;\n  margin-left: 8px;\n}\n#default-btn-d8c435dc8ffa04da71eb5e419910bffe > i {\n  margin-right: 8px;\n}\n<\/style><a href=\"https:\/\/partners-ltd.com\/wp-content\/uploads\/2022\/03\/3M_Super77-Multipurpose-Spray.pdf\" class=\"default-btn-shortcode dt-btn dt-btn-s link-hover-off btn-inline-left \" target=\"_blank\" id=\"default-btn-d8c435dc8ffa04da71eb5e419910bffe\" rel=\"noopener\"><span>Desc\u0103rca\u021bi PDF<\/span><\/a>[\/vc_column_inner][vc_column_inner width=&#8221;1\/4&#8243;][\/vc_column_inner][vc_column_inner width=&#8221;1\/4&#8243;][\/vc_column_inner][\/vc_row_inner][\/vc_column][\/vc_row]<\/p>\n<\/div>","protected":false},"excerpt":{"rendered":"<p>Adezivul aerosol 3M Spray 77 este utilizat pentru lipirea permanent\u0103 pe o varietate de materiale u\u0219oare, cum ar fi h\u00e2rtie, folii de ambalare, materiale de spum\u0103 izolatoare, folii, \u021bes\u0103turi \u0219i a\u0219a mai departe.<\/p>\n","protected":false},"featured_media":27775,"comment_status":"open","ping_status":"closed","template":"","meta":[],"product_cat":[1855,2667],"product_tag":[],"_links":{"self":[{"href":"https:\/\/partners-ltd.com\/ro\/wp-json\/wp\/v2\/product\/34375"}],"collection":[{"href":"https:\/\/partners-ltd.com\/ro\/wp-json\/wp\/v2\/product"}],"about":[{"href":"https:\/\/partners-ltd.com\/ro\/wp-json\/wp\/v2\/types\/product"}],"replies":[{"embeddable":true,"href":"https:\/\/partners-ltd.com\/ro\/wp-json\/wp\/v2\/comments?post=34375"}],"wp:featuredmedia":[{"embeddable":true,"href":"https:\/\/partners-ltd.com\/ro\/wp-json\/wp\/v2\/media\/27775"}],"wp:attachment":[{"href":"https:\/\/partners-ltd.com\/ro\/wp-json\/wp\/v2\/media?parent=34375"}],"wp:term":[{"taxonomy":"product_cat","embeddable":true,"href":"https:\/\/partners-ltd.com\/ro\/wp-json\/wp\/v2\/product_cat?post=34375"},{"taxonomy":"product_tag","embeddable":true,"href":"https:\/\/partners-ltd.com\/ro\/wp-json\/wp\/v2\/product_tag?post=34375"}],"curies":[{"name":"wp","href":"https:\/\/api.w.org\/{rel}","templated":true}]}}