{"id":34309,"date":"2022-03-17T12:10:44","date_gmt":"2022-03-17T10:10:44","guid":{"rendered":"https:\/\/partners-ltd.com\/?post_type=product&#038;p=34309"},"modified":"2024-02-26T13:08:04","modified_gmt":"2024-02-26T11:08:04","slug":"3m-dual-lock-tb3560-25-mm-x-305-m","status":"publish","type":"product","link":"https:\/\/partners-ltd.com\/ro\/e-shop\/banda-dublu-adeziva-si-adezivi\/elemente-de-fixare-dual-lock\/3m-dual-lock-tb3560-25-mm-x-305-m\/","title":{"rendered":"3M Dual Lock TB3560 25 mm x 3,05 m &#8211; band\u0103 de montare transparent\u0103"},"content":{"rendered":"<div class=\"wpb-content-wrapper\"><p>[vc_row css=&#8221;.vc_custom_1614340926172{margin-bottom: 30px !important;border-top-width: 1px !important;border-right-width: 1px !important;border-bottom-width: 1px !important;border-left-width: 1px !important;border-left-color: #d8d8d8 !important;border-left-style: solid !important;border-right-color: #d8d8d8 !important;border-right-style: solid !important;border-top-color: #d8d8d8 !important;border-top-style: solid !important;border-bottom-color: #d8d8d8 !important;border-bottom-style: solid !important;border-radius: 1px !important;}&#8221;][vc_column]<div id=\"ultimate-heading-482569d4740cb47f5\" class=\"uvc-heading ult-adjust-bottom-margin ultimate-heading-482569d4740cb47f5 uvc-990  uvc-heading-default-font-sizes\" data-hspacer=\"no_spacer\"  data-halign=\"left\" style=\"text-align:left\"><div class=\"uvc-heading-spacer no_spacer\" style=\"top\"><\/div><div class=\"uvc-main-heading ult-responsive\"  data-ultimate-target='.uvc-heading.ultimate-heading-482569d4740cb47f5 h3'  data-responsive-json-new='{\"font-size\":\"\",\"line-height\":\"\"}' ><h3 style=\"--font-weight:theme;margin-bottom:30px;\">3M Dual Lock TB3560 25 mm x 3,05 m - band\u0103 de montare transparent\u0103<\/h3><\/div><\/div>[vc_column_text]<a class=\"dt-pswp-item\" href=\"https:\/\/partners-ltd.com\/wp-content\/uploads\/2022\/02\/3M-SJ3560-Dual-Lock-\u0441\u0442\u0440\u0443\u043a\u0442\u0443\u0440\u0430.jpg\" data-dt-img-description=\"\" data-large_image_width=\"300\" data-large_image_height=\"300\"><img loading=\"lazy\" decoding=\"async\" class=\"alignleft wp-image-27653\" src=\"https:\/\/partners-ltd.com\/wp-content\/uploads\/2022\/02\/3M-SJ3560-Dual-Lock-\u0441\u0442\u0440\u0443\u043a\u0442\u0443\u0440\u0430.jpg\" alt=\"3M SJ3560 Dual Lock \" width=\"169\" height=\"169\" srcset=\"https:\/\/partners-ltd.com\/wp-content\/uploads\/2022\/02\/3M-SJ3560-Dual-Lock-\u0441\u0442\u0440\u0443\u043a\u0442\u0443\u0440\u0430.jpg 300w, https:\/\/partners-ltd.com\/wp-content\/uploads\/2022\/02\/3M-SJ3560-Dual-Lock-\u0441\u0442\u0440\u0443\u043a\u0442\u0443\u0440\u0430-100x100.jpg 100w, https:\/\/partners-ltd.com\/wp-content\/uploads\/2022\/02\/3M-SJ3560-Dual-Lock-\u0441\u0442\u0440\u0443\u043a\u0442\u0443\u0440\u0430-200x200.jpg 200w\" sizes=\"(max-width: 169px) 100vw, 169px\" \/><\/a><\/p>\n<p>Band\u0103 cu dou\u0103 fe\u021be de asamblare-demontare Dual Lock 3M TB3560 &#8211; pe o parte este acoperit\u0103 cu adeziv transparent acrilic, iar pe cealalt\u0103 cu mii de bure\u021bi mici. Adezivul acrilic are o durabilitate excelent\u0103 \u00een aplica\u021bii care implic\u0103 temperaturi ridicate \u0219i umiditate. \u00cen plus, ader\u0103 cu mare rezisten\u021b\u0103 la materiale cu energie de suprafa\u021b\u0103 mare &#8211; lemn vopsit, metal, materiale plastice, sticl\u0103, ABS etc.<\/p>\n<p>Baza Dual Lock TB3560, precum \u0219i bure\u021bii, sunt realizate din polipropilen\u0103 complet transparent\u0103. Densitatea de distribu\u021bie a bure\u021bilor determin\u0103 \u0219i for\u021ba de \u00eenc\u0103rcare pe care o poate suport\u0103 banda de fixare. Banda de asamblare-dezasamblare Dual Lock TB3560 este proiectat\u0103 pentru sarcini mai mari, cu o densitate de 250 de bure\u021bi pe inch p\u0103trat (pentru p\u00e2n\u0103 la 1000 de cicluri de operare). Flexibilitatea excelent\u0103 a 3M TB3560 \u00eei permite s\u0103 absoarb\u0103 vibra\u021biile puternice.<\/p>\n<p>Benzile Dual Lock \u00eenlocuiesc cu succes metodele de prindere cunoscute, cum ar fi fermoare, \u0219uruburi, cleme, c\u00e2rlige etc. Sunt o alternativ\u0103 excelent\u0103 datorit\u0103 aplic\u0103rii mai u\u0219oare \u0219i mai rapide, f\u0103r\u0103 g\u0103urire sau preg\u0103tiri mai speciale. Utilizatorul ob\u021bine o conexiune complet curat\u0103 \u0219i neted\u0103.[\/vc_column_text][\/vc_column][\/vc_row][vc_row css=&#8221;.vc_custom_1614340946766{margin-bottom: 30px !important;border-top-width: 1px !important;border-right-width: 1px !important;border-bottom-width: 1px !important;border-left-width: 1px !important;border-left-color: #d8d8d8 !important;border-left-style: solid !important;border-right-color: #d8d8d8 !important;border-right-style: solid !important;border-top-color: #d8d8d8 !important;border-top-style: solid !important;border-bottom-color: #d8d8d8 !important;border-bottom-style: solid !important;border-radius: 1px !important;}&#8221;][vc_column]<div id=\"ultimate-heading-402569d4740cb482e\" class=\"uvc-heading ult-adjust-bottom-margin ultimate-heading-402569d4740cb482e uvc-3027  uvc-heading-default-font-sizes\" data-hspacer=\"no_spacer\"  data-halign=\"left\" style=\"text-align:left\"><div class=\"uvc-heading-spacer no_spacer\" style=\"top\"><\/div><div class=\"uvc-main-heading ult-responsive\"  data-ultimate-target='.uvc-heading.ultimate-heading-402569d4740cb482e h3'  data-responsive-json-new='{\"font-size\":\"\",\"line-height\":\"\"}' ><h3 style=\"--font-weight:theme;margin-bottom:30px;\">Montarea si demontarea urmatoarelor materiale:<\/h3><\/div><\/div>[vc_row_inner][vc_column_inner width=&#8221;1\/2&#8243;]<div class=\"standard-arrow list-divider bullet-top\"><ul>\n<li>metal<\/li>\n<li>sticl\u0103<\/li>\n<li>lemn vopsit<\/li>\n<li>acril<\/li>\n<li>polistiren<\/li>\n<\/ul>\n<\/div>[\/vc_column_inner][vc_column_inner width=&#8221;1\/2&#8243;]<div class=\"standard-arrow list-divider bullet-top\"><ul>\n<li>policarbonat<\/li>\n<li>poliester<\/li>\n<li>nailon<\/li>\n<li>vinil<\/li>\n<li>altele<\/li>\n<\/ul>\n<\/div>[\/vc_column_inner][\/vc_row_inner][\/vc_column][\/vc_row][vc_row css=&#8221;.vc_custom_1614340946766{margin-bottom: 30px !important;border-top-width: 1px !important;border-right-width: 1px !important;border-bottom-width: 1px !important;border-left-width: 1px !important;border-left-color: #d8d8d8 !important;border-left-style: solid !important;border-right-color: #d8d8d8 !important;border-right-style: solid !important;border-top-color: #d8d8d8 !important;border-top-style: solid !important;border-bottom-color: #d8d8d8 !important;border-bottom-style: solid !important;border-radius: 1px !important;}&#8221;][vc_column]<div id=\"ultimate-heading-64469d4740cb48a9\" class=\"uvc-heading ult-adjust-bottom-margin ultimate-heading-64469d4740cb48a9 uvc-7866  uvc-heading-default-font-sizes\" data-hspacer=\"no_spacer\"  data-halign=\"left\" style=\"text-align:left\"><div class=\"uvc-heading-spacer no_spacer\" style=\"top\"><\/div><div class=\"uvc-main-heading ult-responsive\"  data-ultimate-target='.uvc-heading.ultimate-heading-64469d4740cb48a9 h3'  data-responsive-json-new='{\"font-size\":\"\",\"line-height\":\"\"}' ><h3 style=\"--font-weight:theme;margin-bottom:30px;\">Aplicatii:<\/h3><\/div><\/div>[vc_row_inner][vc_column_inner width=&#8221;1\/2&#8243;]<div class=\"standard-arrow list-divider bullet-top\"><ul>\n<li>Panouri desp\u0103r\u021bitoare \u00een birou<\/li>\n<li>Panouri acustice<\/li>\n<li>Panouri de acces la echipamente electrice, lifturi<\/li>\n<li>Camere \u00een ma\u0219inile de prob\u0103 ale Poli\u021biei Rutiere<\/li>\n<li>Panouri promotionale pentru magazine<\/li>\n<li>Standuri pentru expozitii<\/li>\n<\/ul>\n<\/div>[\/vc_column_inner][vc_column_inner width=&#8221;1\/2&#8243;]<div class=\"standard-arrow list-divider bullet-top\"><ul>\n<li>Acoperi\u0219uri auto<\/li>\n<li>Panouri solare flexibile<\/li>\n<li>Echipament medical suspendat<\/li>\n<li>Pardoseal\u0103<\/li>\n<li>Panouri decorative<\/li>\n<li>Iluminat<\/li>\n<\/ul>\n<\/div>[\/vc_column_inner][\/vc_row_inner][\/vc_column][\/vc_row][vc_row css=&#8221;.vc_custom_1646038538342{margin-bottom: 30px !important;border-top-width: 1px !important;border-right-width: 1px !important;border-bottom-width: 1px !important;border-left-width: 1px !important;border-left-color: #d8d8d8 !important;border-left-style: solid !important;border-right-color: #d8d8d8 !important;border-right-style: solid !important;border-top-color: #d8d8d8 !important;border-top-style: solid !important;border-bottom-color: #d8d8d8 !important;border-bottom-style: solid !important;border-radius: 1px !important;}&#8221;][vc_column css=&#8221;.vc_custom_1646038433563{margin-top: 0px !important;margin-right: 0px !important;margin-bottom: 0px !important;margin-left: 0px !important;border-top-width: 0px !important;border-right-width: 0px !important;border-bottom-width: 0px !important;border-left-width: 0px !important;border-left-color: #d8d8d8 !important;border-left-style: solid !important;border-right-color: #d8d8d8 !important;border-right-style: solid !important;border-top-color: #d8d8d8 !important;border-top-style: solid !important;border-bottom-color: #d8d8d8 !important;border-bottom-style: solid !important;border-radius: 1px !important;}&#8221;]<div id=\"ultimate-heading-360769d4740cb4903\" class=\"uvc-heading ult-adjust-bottom-margin ultimate-heading-360769d4740cb4903 uvc-9509  uvc-heading-default-font-sizes\" data-hspacer=\"no_spacer\"  data-halign=\"left\" style=\"text-align:left\"><div class=\"uvc-heading-spacer no_spacer\" style=\"top\"><\/div><div class=\"uvc-main-heading ult-responsive\"  data-ultimate-target='.uvc-heading.ultimate-heading-360769d4740cb4903 h3'  data-responsive-json-new='{\"font-size\":\"\",\"line-height\":\"\"}' ><h3 style=\"--font-weight:theme;margin-bottom:20px;\">Tehnica de instalare 3M Dual Lock TB3560:<\/h3><\/div><\/div>[vc_column_text]<strong>\u00cenainte de a instala banda, cur\u0103\u021ba\u021bi bine suprafe\u021bele \u0219i usca\u021bi-le.<\/strong><\/p>\n<ol>\n<li>Ata\u0219a\u021bi cele dou\u0103 buc\u0103\u021bi de band\u0103 adeziv\u0103 Dual Lock \u00eempreun\u0103.<\/li>\n<li>Scoate\u021bi protec\u021bia de pe o bucat\u0103 de band\u0103.<\/li>\n<li>Lipi\u021bi-l pe suprafa\u021ba de \u00eembinat.<\/li>\n<li>Desprinde\u021bi protec\u021bia de pe a doua bucat\u0103 de band\u0103 adeziv\u0103.<\/li>\n<li>Fixa\u021bi elementul pe care dori\u021bi s\u0103 \u00eel monta\u021bi, apoi ap\u0103sa\u021bi-l scurt pentru a lipi.<\/li>\n<\/ol>\n<p>[\/vc_column_text][\/vc_column][\/vc_row][vc_row css=&#8221;.vc_custom_1614340974723{border-top-width: 1px !important;border-right-width: 1px !important;border-bottom-width: 1px !important;border-left-width: 1px !important;border-left-color: #d8d8d8 !important;border-left-style: solid !important;border-right-color: #d8d8d8 !important;border-right-style: solid !important;border-top-color: #d8d8d8 !important;border-top-style: solid !important;border-bottom-color: #d8d8d8 !important;border-bottom-style: solid !important;border-radius: 1px !important;}&#8221;][vc_column]<div id=\"ultimate-heading-224669d4740cb4920\" class=\"uvc-heading ult-adjust-bottom-margin ultimate-heading-224669d4740cb4920 uvc-5608  uvc-heading-default-font-sizes\" data-hspacer=\"no_spacer\"  data-halign=\"left\" style=\"text-align:left\"><div class=\"uvc-heading-spacer no_spacer\" style=\"top\"><\/div><div class=\"uvc-main-heading ult-responsive\"  data-ultimate-target='.uvc-heading.ultimate-heading-224669d4740cb4920 h3'  data-responsive-json-new='{\"font-size\":\"\",\"line-height\":\"\"}' ><h3 style=\"--font-weight:theme;margin-bottom:20px;\">Documente:<\/h3><\/div><\/div>[vc_row_inner css=&#8221;.vc_custom_1615980091033{margin-bottom: 30px !important;}&#8221;][vc_column_inner width=&#8221;1\/4&#8243;][vc_column_text]Bulletin:[\/vc_column_text][vc_single_image image=&#8221;27652&#8243; onclick=&#8221;custom_link&#8221; img_link_target=&#8221;_blank&#8221; link=&#8221;\/wp-content\/uploads\/2022\/02\/3M-Dual-Lock-Brochure.pdf&#8221;]<style type=\"text\/css\" data-type=\"the7_shortcodes-inline-css\">#default-btn-70403b9ee01adb5a9e387ccc9baf64a7.ico-right-side > i {\n  margin-right: 0px;\n  margin-left: 8px;\n}\n#default-btn-70403b9ee01adb5a9e387ccc9baf64a7 > i {\n  margin-right: 8px;\n}\n<\/style><a href=\"\/wp-content\/uploads\/2022\/02\/3M-Dual-Lock-Brochure.pdf\" class=\"default-btn-shortcode dt-btn dt-btn-s link-hover-off btn-inline-left \" target=\"_blank\" id=\"default-btn-70403b9ee01adb5a9e387ccc9baf64a7\" rel=\"noopener\"><span>Desc\u0103rca\u021bi PDF-ul<\/span><\/a>[\/vc_column_inner][vc_column_inner width=&#8221;1\/4&#8243;][vc_column_text]Demo:[\/vc_column_text][vc_single_image image=&#8221;27661&#8243; onclick=&#8221;custom_link&#8221; img_link_target=&#8221;_blank&#8221; link=&#8221;\/wp-content\/uploads\/2022\/02\/3M-Fastening-Family-Brochure-HiRes.pdf&#8221;]<style type=\"text\/css\" data-type=\"the7_shortcodes-inline-css\">#default-btn-f6269d8a6e3ba5461b0afed134e0a0b3.ico-right-side > i {\n  margin-right: 0px;\n  margin-left: 8px;\n}\n#default-btn-f6269d8a6e3ba5461b0afed134e0a0b3 > i {\n  margin-right: 8px;\n}\n<\/style><a href=\"\/wp-content\/uploads\/2022\/02\/3M-Fastening-Family-Brochure-HiRes.pdf\" class=\"default-btn-shortcode dt-btn dt-btn-s link-hover-off btn-inline-left \" target=\"_blank\" id=\"default-btn-f6269d8a6e3ba5461b0afed134e0a0b3\" rel=\"noopener\"><span>Desc\u0103rca\u021bi PDF-ul<\/span><\/a>[\/vc_column_inner][vc_column_inner width=&#8221;1\/4&#8243;][\/vc_column_inner][vc_column_inner width=&#8221;1\/4&#8243;][\/vc_column_inner][\/vc_row_inner][\/vc_column][\/vc_row]<\/p>\n<\/div>","protected":false},"excerpt":{"rendered":"<p>Band\u0103 adeziv\u0103 transparent\u0103 3M Dual Lock TB3560 25 mm x 3,05 m pentru instalarea \u0219i \u00eendep\u0103rtarea repetat\u0103 a pl\u0103cilor desp\u0103r\u021bitoare, panourilor, panourilor solare flexibile, panourilor acustice etc.<\/p>\n","protected":false},"featured_media":27646,"comment_status":"open","ping_status":"closed","template":"","meta":[],"product_cat":[1855,2671],"product_tag":[],"_links":{"self":[{"href":"https:\/\/partners-ltd.com\/ro\/wp-json\/wp\/v2\/product\/34309"}],"collection":[{"href":"https:\/\/partners-ltd.com\/ro\/wp-json\/wp\/v2\/product"}],"about":[{"href":"https:\/\/partners-ltd.com\/ro\/wp-json\/wp\/v2\/types\/product"}],"replies":[{"embeddable":true,"href":"https:\/\/partners-ltd.com\/ro\/wp-json\/wp\/v2\/comments?post=34309"}],"wp:featuredmedia":[{"embeddable":true,"href":"https:\/\/partners-ltd.com\/ro\/wp-json\/wp\/v2\/media\/27646"}],"wp:attachment":[{"href":"https:\/\/partners-ltd.com\/ro\/wp-json\/wp\/v2\/media?parent=34309"}],"wp:term":[{"taxonomy":"product_cat","embeddable":true,"href":"https:\/\/partners-ltd.com\/ro\/wp-json\/wp\/v2\/product_cat?post=34309"},{"taxonomy":"product_tag","embeddable":true,"href":"https:\/\/partners-ltd.com\/ro\/wp-json\/wp\/v2\/product_tag?post=34309"}],"curies":[{"name":"wp","href":"https:\/\/api.w.org\/{rel}","templated":true}]}}