{"id":34302,"date":"2023-06-23T13:38:48","date_gmt":"2023-06-23T10:38:48","guid":{"rendered":"https:\/\/partners-ltd.com\/?post_type=product&#038;p=34302"},"modified":"2024-02-26T12:10:24","modified_gmt":"2024-02-26T10:10:24","slug":"3m-dual-lock-sj3551-25mm-x-457m","status":"publish","type":"product","link":"https:\/\/partners-ltd.com\/ro\/e-shop\/banda-dublu-adeziva-si-adezivi\/elemente-de-fixare-dual-lock\/3m-dual-lock-sj3551-25mm-x-457m\/","title":{"rendered":"3M Dual Lock SJ3551 25mm x 45,7m \u2013 Band\u0103 multifunc\u021bional\u0103, neagr\u0103"},"content":{"rendered":"<div class=\"wpb-content-wrapper\"><p>[vc_row css=&#8221;.vc_custom_1614340926172{margin-bottom: 30px !important;border-top-width: 1px !important;border-right-width: 1px !important;border-bottom-width: 1px !important;border-left-width: 1px !important;border-left-color: #d8d8d8 !important;border-left-style: solid !important;border-right-color: #d8d8d8 !important;border-right-style: solid !important;border-top-color: #d8d8d8 !important;border-top-style: solid !important;border-bottom-color: #d8d8d8 !important;border-bottom-style: solid !important;border-radius: 1px !important;}&#8221;][vc_column]<div id=\"ultimate-heading-491369ea3956a5087\" class=\"uvc-heading ult-adjust-bottom-margin ultimate-heading-491369ea3956a5087 uvc-5883  uvc-heading-default-font-sizes\" data-hspacer=\"no_spacer\"  data-halign=\"left\" style=\"text-align:left\"><div class=\"uvc-heading-spacer no_spacer\" style=\"top\"><\/div><div class=\"uvc-main-heading ult-responsive\"  data-ultimate-target='.uvc-heading.ultimate-heading-491369ea3956a5087 h3'  data-responsive-json-new='{\"font-size\":\"\",\"line-height\":\"\"}' ><h3 style=\"--font-weight:theme;margin-bottom:15px;\">3M Dual Lock SJ3551 25mm x 45,7m \u2013 Band\u0103 multifunc\u021bional\u0103, neagr\u0103<\/h3><\/div><\/div>[vc_column_text]Banda adeziv\u0103 Dual Lock 3M TB3551 este o band\u0103 cu dou\u0103 fe\u021be &#8211; pe o parte acoperit\u0103 cu adeziv VHB transparent acrilat \u0219i pe cealalt\u0103 cu mii de bure\u021bi minusculi. Seria SJ3551 are 62 de bure\u021bi pe cm p\u0103trat (mai mult dec\u00e2t seria standard), ceea ce ofer\u0103 o rezisten\u021b\u0103 mai mare de aderen\u021b\u0103 la materiale cu energie de suprafa\u021b\u0103 mare &#8211; metal, materiale plastice, acril, aluminiu etc. Adezivul acrilic are o durabilitate excelent\u0103 \u00een aplica\u021bii expuse de temperaturi ridicate (+90\u00b0 C) \u0219i umiditate.[\/vc_column_text]<div id=\"ultimate-heading-46869ea3956a50cd\" class=\"uvc-heading ult-adjust-bottom-margin ultimate-heading-46869ea3956a50cd uvc-8138  uvc-heading-default-font-sizes\" data-hspacer=\"no_spacer\"  data-halign=\"left\" style=\"text-align:left\"><div class=\"uvc-heading-spacer no_spacer\" style=\"top\"><\/div><div class=\"uvc-main-heading ult-responsive\"  data-ultimate-target='.uvc-heading.ultimate-heading-46869ea3956a50cd h3'  data-responsive-json-new='{\"font-size\":\"\",\"line-height\":\"\"}' ><h3 style=\"--font-weight:theme;margin-bottom:15px;\">Structura benzii adezive 3M SJ3551 Dual Lock<\/h3><\/div><\/div>[vc_column_text]Buc\u0103\u021bile de band\u0103 Dual Lock \u00eenlocuiesc cu succes metodele de prindere cunoscute, cum ar fi fermoare, \u0219uruburi, cleme, c\u00e2rlige etc. Banda de fixare TB3551 este o alternativa mult mai bun\u0103 datorita aplic\u0103rii sale u\u0219oare \u0219i rapide, f\u0103r\u0103 nevoie de g\u0103urire sau preg\u0103tiri mai speciale, conexiuni complet curate si netede. Buc\u0103\u021bile de band\u0103 sunt potrivite pentru asamblarea \u0219i dezasamblarea repetat\u0103 p\u00e2n\u0103 la 1000 de cicluri. Flexibilitatea excelent\u0103 a 3M TB3551 \u00eei permite s\u0103 absoarb\u0103 chiar \u0219i vibra\u021biile puternice. 3M Dual Lock TB3551 este potrivit pentru aplica\u021bii externe \u0219i interne.[\/vc_column_text][vc_row_inner css=&#8221;.vc_custom_1687506531117{margin-bottom: 10px !important;}&#8221;][vc_column_inner width=&#8221;1\/3&#8243;]<style type=\"text\/css\" data-type=\"the7_shortcodes-inline-css\">.shortcode-single-image-wrap.shortcode-single-image-54ff4b2d35d4f026803f590d829ea471.enable-bg-rollover .rollover i,\n.shortcode-single-image-wrap.shortcode-single-image-54ff4b2d35d4f026803f590d829ea471.enable-bg-rollover .rollover-video i {\n  background: -webkit-linear-gradient();\n  background: linear-gradient();\n}\n.shortcode-single-image-wrap.shortcode-single-image-54ff4b2d35d4f026803f590d829ea471 .rollover-icon {\n  font-size: 32px;\n  color: #ffffff;\n  min-width: 44px;\n  min-height: 44px;\n  line-height: 44px;\n  border-radius: 100px;\n  border-style: solid;\n  border-width: 0px;\n}\n.dt-icon-bg-on.shortcode-single-image-wrap.shortcode-single-image-54ff4b2d35d4f026803f590d829ea471 .rollover-icon {\n  background: rgba(255,255,255,0.3);\n  box-shadow: none;\n}\n<\/style><div class=\"shortcode-single-image-wrap shortcode-single-image-54ff4b2d35d4f026803f590d829ea471 alignnone  vc_custom_1687506519104 enable-bg-rollover dt-icon-bg-off\" ><div class=\"shortcode-single-image\"><div class=\"fancy-media-wrap  layzr-bg\" style=\"\"><img fetchpriority=\"high\" decoding=\"async\" class=\"preload-me lazy-load aspect\" src=\"data:image\/svg+xml,%3Csvg%20xmlns%3D&#39;http%3A%2F%2Fwww.w3.org%2F2000%2Fsvg&#39;%20viewBox%3D&#39;0%200%20300%20267&#39;%2F%3E\" data-src=\"https:\/\/partners-ltd.com\/wp-content\/uploads\/2023\/06\/3M-Dual-Lock-TB3550-Structure-300x268-1.png\" data-srcset=\"https:\/\/partners-ltd.com\/wp-content\/uploads\/2023\/06\/3M-Dual-Lock-TB3550-Structure-300x268-1.png 300w\" loading=\"eager\" sizes=\"(max-width: 300px) 100vw, 300px\" width=\"300\" height=\"267\"  data-dt-location=\"https:\/\/partners-ltd.com\/ro\/?attachment_id=31678\" style=\"--ratio: 300 \/ 267;\" alt=\"\" \/><\/div><\/div><\/div>[\/vc_column_inner][vc_column_inner width=&#8221;1\/3&#8243;]<style type=\"text\/css\" data-type=\"the7_shortcodes-inline-css\">.shortcode-single-image-wrap.shortcode-single-image-20349e7aad23a7c31e331d9df3367bd9.enable-bg-rollover .rollover i,\n.shortcode-single-image-wrap.shortcode-single-image-20349e7aad23a7c31e331d9df3367bd9.enable-bg-rollover .rollover-video i {\n  background: -webkit-linear-gradient();\n  background: linear-gradient();\n}\n.shortcode-single-image-wrap.shortcode-single-image-20349e7aad23a7c31e331d9df3367bd9 .rollover-icon {\n  font-size: 32px;\n  color: #ffffff;\n  min-width: 44px;\n  min-height: 44px;\n  line-height: 44px;\n  border-radius: 100px;\n  border-style: solid;\n  border-width: 0px;\n}\n.dt-icon-bg-on.shortcode-single-image-wrap.shortcode-single-image-20349e7aad23a7c31e331d9df3367bd9 .rollover-icon {\n  background: rgba(255,255,255,0.3);\n  box-shadow: none;\n}\n<\/style><div class=\"shortcode-single-image-wrap shortcode-single-image-20349e7aad23a7c31e331d9df3367bd9 alignnone  vc_custom_1687506525503 enable-bg-rollover dt-icon-bg-off\" ><div class=\"shortcode-single-image\"><div class=\"fancy-media-wrap  layzr-bg\" style=\"\"><img decoding=\"async\" class=\"preload-me lazy-load aspect\" src=\"data:image\/svg+xml,%3Csvg%20xmlns%3D&#39;http%3A%2F%2Fwww.w3.org%2F2000%2Fsvg&#39;%20viewBox%3D&#39;0%200%20270%20270&#39;%2F%3E\" data-src=\"https:\/\/partners-ltd.com\/wp-content\/uploads\/2023\/06\/3M-Dual-Lock-TB3550.gif\" data-srcset=\"https:\/\/partners-ltd.com\/wp-content\/uploads\/2023\/06\/3M-Dual-Lock-TB3550.gif 270w\" loading=\"eager\" sizes=\"(max-width: 270px) 100vw, 270px\" width=\"270\" height=\"270\"  data-dt-location=\"https:\/\/partners-ltd.com\/ro\/?attachment_id=31675\" style=\"--ratio: 270 \/ 270;\" alt=\"\" \/><\/div><\/div><\/div>[\/vc_column_inner][vc_column_inner width=&#8221;1\/3&#8243;][\/vc_column_inner][\/vc_row_inner][\/vc_column][\/vc_row][vc_row css=&#8221;.vc_custom_1687514860293{margin-bottom: 30px !important;border-top-width: 1px !important;border-right-width: 1px !important;border-bottom-width: 1px !important;border-left-width: 1px !important;border-left-color: #d8d8d8 !important;border-left-style: solid !important;border-right-color: #d8d8d8 !important;border-right-style: solid !important;border-top-color: #d8d8d8 !important;border-top-style: solid !important;border-bottom-color: #d8d8d8 !important;border-bottom-style: solid !important;border-radius: 1px !important;}&#8221;][vc_column]<div id=\"ultimate-heading-430569ea3956a6e9b\" class=\"uvc-heading ult-adjust-bottom-margin ultimate-heading-430569ea3956a6e9b uvc-664  uvc-heading-default-font-sizes\" data-hspacer=\"no_spacer\"  data-halign=\"left\" style=\"text-align:left\"><div class=\"uvc-heading-spacer no_spacer\" style=\"top\"><\/div><div class=\"uvc-main-heading ult-responsive\"  data-ultimate-target='.uvc-heading.ultimate-heading-430569ea3956a6e9b h3'  data-responsive-json-new='{\"font-size\":\"\",\"line-height\":\"\"}' ><h3 style=\"--font-weight:theme;margin-bottom:30px;\">Conecteaz\u0103 materiale disparate: <\/h3><\/div><\/div>[vc_row_inner][vc_column_inner width=&#8221;1\/2&#8243;]<div class=\"standard-arrow list-divider bullet-top\"><ul>\n<li>Metal<\/li>\n<li>Sticl\u0103<\/li>\n<li>Acril<\/li>\n<li>Aluminiu<\/li>\n<\/ul>\n<\/div>[\/vc_column_inner][vc_column_inner width=&#8221;1\/2&#8243;]<div class=\"standard-arrow list-divider bullet-top\"><ul>\n<li>Plastic<\/li>\n<li>Vinyl<\/li>\n<li>Altele<\/li>\n<\/ul>\n<\/div>[\/vc_column_inner][\/vc_row_inner][\/vc_column][\/vc_row][vc_row css=&#8221;.vc_custom_1687514860293{margin-bottom: 30px !important;border-top-width: 1px !important;border-right-width: 1px !important;border-bottom-width: 1px !important;border-left-width: 1px !important;border-left-color: #d8d8d8 !important;border-left-style: solid !important;border-right-color: #d8d8d8 !important;border-right-style: solid !important;border-top-color: #d8d8d8 !important;border-top-style: solid !important;border-bottom-color: #d8d8d8 !important;border-bottom-style: solid !important;border-radius: 1px !important;}&#8221;][vc_column width=&#8221;1\/2&#8243;]<style type=\"text\/css\" data-type=\"the7_shortcodes-inline-css\">.shortcode-single-image-wrap.shortcode-single-image-38d1d0109bd68a9ee53ceaf3cdccee44.enable-bg-rollover .rollover i,\n.shortcode-single-image-wrap.shortcode-single-image-38d1d0109bd68a9ee53ceaf3cdccee44.enable-bg-rollover .rollover-video i {\n  background: -webkit-linear-gradient();\n  background: linear-gradient();\n}\n.shortcode-single-image-wrap.shortcode-single-image-38d1d0109bd68a9ee53ceaf3cdccee44 .rollover-icon {\n  font-size: 32px;\n  color: #ffffff;\n  min-width: 44px;\n  min-height: 44px;\n  line-height: 44px;\n  border-radius: 100px;\n  border-style: solid;\n  border-width: 0px;\n}\n.dt-icon-bg-on.shortcode-single-image-wrap.shortcode-single-image-38d1d0109bd68a9ee53ceaf3cdccee44 .rollover-icon {\n  background: rgba(255,255,255,0.3);\n  box-shadow: none;\n}\n<\/style><div class=\"shortcode-single-image-wrap shortcode-single-image-38d1d0109bd68a9ee53ceaf3cdccee44 alignnone  vc_custom_1687515541126 enable-bg-rollover dt-icon-bg-off\" ><div class=\"shortcode-single-image\"><div class=\"fancy-media-wrap  layzr-bg\" style=\"\"><img decoding=\"async\" class=\"preload-me lazy-load aspect\" src=\"data:image\/svg+xml,%3Csvg%20xmlns%3D&#39;http%3A%2F%2Fwww.w3.org%2F2000%2Fsvg&#39;%20viewBox%3D&#39;0%200%20402%20275&#39;%2F%3E\" data-src=\"https:\/\/partners-ltd.com\/wp-content\/uploads\/2023\/06\/3M-TB3560_dual_lock_application_2.jpg\" data-srcset=\"https:\/\/partners-ltd.com\/wp-content\/uploads\/2023\/06\/3M-TB3560_dual_lock_application_2.jpg 402w\" loading=\"eager\" sizes=\"(max-width: 402px) 100vw, 402px\" width=\"402\" height=\"275\"  data-dt-location=\"https:\/\/partners-ltd.com\/ro\/?attachment_id=31684\" style=\"--ratio: 402 \/ 275;\" alt=\"3M Dual Lock SJ3551 25\u043c\u043c x 45,7\u043c \u2013 \u0447\u0435\u0440\u043d\u0430 \u0441\u043a\u0440\u0435\u043f\u0438\u0442\u0435\u043b\u043d\u0430 \u043b\u0435\u043d\u0442\u0430\" \/><\/div><\/div><\/div>[\/vc_column][vc_column width=&#8221;1\/2&#8243;]<style type=\"text\/css\" data-type=\"the7_shortcodes-inline-css\">.shortcode-single-image-wrap.shortcode-single-image-b15d31d8644cc1b7a39e220a9d410493.enable-bg-rollover .rollover i,\n.shortcode-single-image-wrap.shortcode-single-image-b15d31d8644cc1b7a39e220a9d410493.enable-bg-rollover .rollover-video i {\n  background: -webkit-linear-gradient();\n  background: linear-gradient();\n}\n.shortcode-single-image-wrap.shortcode-single-image-b15d31d8644cc1b7a39e220a9d410493 .rollover-icon {\n  font-size: 32px;\n  color: #ffffff;\n  min-width: 44px;\n  min-height: 44px;\n  line-height: 44px;\n  border-radius: 100px;\n  border-style: solid;\n  border-width: 0px;\n}\n.dt-icon-bg-on.shortcode-single-image-wrap.shortcode-single-image-b15d31d8644cc1b7a39e220a9d410493 .rollover-icon {\n  background: rgba(255,255,255,0.3);\n  box-shadow: none;\n}\n<\/style><div class=\"shortcode-single-image-wrap shortcode-single-image-b15d31d8644cc1b7a39e220a9d410493 alignnone  vc_custom_1687515535061 enable-bg-rollover dt-icon-bg-off\" ><div class=\"shortcode-single-image\"><div class=\"fancy-media-wrap  layzr-bg\" style=\"\"><img decoding=\"async\" class=\"preload-me lazy-load aspect\" src=\"data:image\/svg+xml,%3Csvg%20xmlns%3D&#39;http%3A%2F%2Fwww.w3.org%2F2000%2Fsvg&#39;%20viewBox%3D&#39;0%200%20403%20273&#39;%2F%3E\" data-src=\"https:\/\/partners-ltd.com\/wp-content\/uploads\/2023\/06\/3M-TB3560_dual_lock_application_1.jpg\" data-srcset=\"https:\/\/partners-ltd.com\/wp-content\/uploads\/2023\/06\/3M-TB3560_dual_lock_application_1.jpg 403w\" loading=\"eager\" sizes=\"(max-width: 403px) 100vw, 403px\" width=\"403\" height=\"273\"  data-dt-location=\"https:\/\/partners-ltd.com\/ro\/?attachment_id=31681\" style=\"--ratio: 403 \/ 273;\" alt=\"3M Dual Lock SJ3551 25\u043c\u043c x 45,7\u043c \u2013 \u0447\u0435\u0440\u043d\u0430 \u0441\u043a\u0440\u0435\u043f\u0438\u0442\u0435\u043b\u043d\u0430 \u043b\u0435\u043d\u0442\u0430\" \/><\/div><\/div><\/div>[\/vc_column][\/vc_row][vc_row css=&#8221;.vc_custom_1614340946766{margin-bottom: 30px !important;border-top-width: 1px !important;border-right-width: 1px !important;border-bottom-width: 1px !important;border-left-width: 1px !important;border-left-color: #d8d8d8 !important;border-left-style: solid !important;border-right-color: #d8d8d8 !important;border-right-style: solid !important;border-top-color: #d8d8d8 !important;border-top-style: solid !important;border-bottom-color: #d8d8d8 !important;border-bottom-style: solid !important;border-radius: 1px !important;}&#8221;][vc_column]<div id=\"ultimate-heading-929969ea3956a89b8\" class=\"uvc-heading ult-adjust-bottom-margin ultimate-heading-929969ea3956a89b8 uvc-2383  uvc-heading-default-font-sizes\" data-hspacer=\"no_spacer\"  data-halign=\"left\" style=\"text-align:left\"><div class=\"uvc-heading-spacer no_spacer\" style=\"top\"><\/div><div class=\"uvc-main-heading ult-responsive\"  data-ultimate-target='.uvc-heading.ultimate-heading-929969ea3956a89b8 h3'  data-responsive-json-new='{\"font-size\":\"\",\"line-height\":\"\"}' ><h3 style=\"--font-weight:theme;margin-bottom:30px;\">Aplicatii:<\/h3><\/div><\/div>[vc_row_inner][vc_column_inner width=&#8221;1\/2&#8243;]<div class=\"standard-arrow list-divider bullet-top\"><ul>\n<li>Panouri acustice<\/li>\n<li>Panouri de acces la echipamente electrice, lifturi<\/li>\n<li>Camere \u00een ma\u0219inile de prob\u0103 ale Poli\u021biei Rutiere<\/li>\n<li>Panouri promo\u021bionale pentru magazine<\/li>\n<li>Standuri pentru expozi\u021bii<\/li>\n<\/ul>\n<\/div>[\/vc_column_inner][vc_column_inner width=&#8221;1\/2&#8243;]<div class=\"standard-arrow list-divider bullet-top\"><ul>\n<li>Acoperi\u0219uri auto<\/li>\n<li>Panouri desp\u0103r\u021bitoare \u00een birou<\/li>\n<li>Echipament medical suspendat<\/li>\n<li>Panouri solare flexible<\/li>\n<li>Pardoseal\u0103<\/li>\n<li>Panouri decorative<\/li>\n<\/ul>\n<\/div>[\/vc_column_inner][\/vc_row_inner][\/vc_column][\/vc_row][vc_row css=&#8221;.vc_custom_1614340974723{border-top-width: 1px !important;border-right-width: 1px !important;border-bottom-width: 1px !important;border-left-width: 1px !important;border-left-color: #d8d8d8 !important;border-left-style: solid !important;border-right-color: #d8d8d8 !important;border-right-style: solid !important;border-top-color: #d8d8d8 !important;border-top-style: solid !important;border-bottom-color: #d8d8d8 !important;border-bottom-style: solid !important;border-radius: 1px !important;}&#8221;][vc_column]<div id=\"ultimate-heading-375869ea3956a8a50\" class=\"uvc-heading ult-adjust-bottom-margin ultimate-heading-375869ea3956a8a50 uvc-1356  uvc-heading-default-font-sizes\" data-hspacer=\"no_spacer\"  data-halign=\"left\" style=\"text-align:left\"><div class=\"uvc-heading-spacer no_spacer\" style=\"top\"><\/div><div class=\"uvc-main-heading ult-responsive\"  data-ultimate-target='.uvc-heading.ultimate-heading-375869ea3956a8a50 h3'  data-responsive-json-new='{\"font-size\":\"\",\"line-height\":\"\"}' ><h3 style=\"--font-weight:theme;\">Documente:<\/h3><\/div><\/div>[vc_row_inner css=&#8221;.vc_custom_1615980091033{margin-bottom: 30px !important;}&#8221;][vc_column_inner width=&#8221;1\/4&#8243;][vc_column_text]Bro\u015fur\u0103[\/vc_column_text][vc_single_image image=&#8221;31689&#8243; onclick=&#8221;custom_link&#8221; img_link_target=&#8221;_blank&#8221; link=&#8221;\/wp-content\/uploads\/2023\/06\/3M_SJ3551_3M-Dual-Lock-Reclosable-Fastener.pdf&#8221;]<style type=\"text\/css\" data-type=\"the7_shortcodes-inline-css\">#default-btn-b1d08de412bfe0323362bd8d4b32abed.ico-right-side > i {\n  margin-right: 0px;\n  margin-left: 8px;\n}\n#default-btn-b1d08de412bfe0323362bd8d4b32abed > i {\n  margin-right: 8px;\n}\n<\/style><a href=\"\/wp-content\/uploads\/2023\/06\/3M_SJ3551_3M-Dual-Lock-Reclosable-Fastener.pdf\" class=\"default-btn-shortcode dt-btn dt-btn-s link-hover-off btn-inline-left \" target=\"_blank\" id=\"default-btn-b1d08de412bfe0323362bd8d4b32abed\" rel=\"noopener\"><span>Desc\u0103rca\u021bi PDF-ul<\/span><\/a>[\/vc_column_inner][vc_column_inner width=&#8221;1\/4&#8243;][\/vc_column_inner][vc_column_inner width=&#8221;1\/4&#8243;][\/vc_column_inner][vc_column_inner width=&#8221;1\/4&#8243;][\/vc_column_inner][\/vc_row_inner][\/vc_column][\/vc_row]<\/p>\n<\/div>","protected":false},"excerpt":{"rendered":"<p>Banda 3M SJ3551 Dual Lock este o band\u0103 cu dou\u0103 fe\u021be pentru instalare \u0219i \u00eendep\u0103rtare repetat\u0103. Seria SJ3551 are 62 de bure\u021bi pe cm p\u0103trat (mai mult dec\u00e2t seria standard), ceea ce ofer\u0103 o rezisten\u021b\u0103 mai mare de aderen\u021b\u0103 la materiale cu energie de suprafa\u021b\u0103 mare &#8211; metal, materiale plastice, acril, aluminiu etc.<\/p>\n","protected":false},"featured_media":27703,"comment_status":"open","ping_status":"closed","template":"","meta":[],"product_cat":[1855,2671],"product_tag":[],"_links":{"self":[{"href":"https:\/\/partners-ltd.com\/ro\/wp-json\/wp\/v2\/product\/34302"}],"collection":[{"href":"https:\/\/partners-ltd.com\/ro\/wp-json\/wp\/v2\/product"}],"about":[{"href":"https:\/\/partners-ltd.com\/ro\/wp-json\/wp\/v2\/types\/product"}],"replies":[{"embeddable":true,"href":"https:\/\/partners-ltd.com\/ro\/wp-json\/wp\/v2\/comments?post=34302"}],"wp:featuredmedia":[{"embeddable":true,"href":"https:\/\/partners-ltd.com\/ro\/wp-json\/wp\/v2\/media\/27703"}],"wp:attachment":[{"href":"https:\/\/partners-ltd.com\/ro\/wp-json\/wp\/v2\/media?parent=34302"}],"wp:term":[{"taxonomy":"product_cat","embeddable":true,"href":"https:\/\/partners-ltd.com\/ro\/wp-json\/wp\/v2\/product_cat?post=34302"},{"taxonomy":"product_tag","embeddable":true,"href":"https:\/\/partners-ltd.com\/ro\/wp-json\/wp\/v2\/product_tag?post=34302"}],"curies":[{"name":"wp","href":"https:\/\/api.w.org\/{rel}","templated":true}]}}