{"id":34288,"date":"2022-03-17T14:00:38","date_gmt":"2022-03-17T12:00:38","guid":{"rendered":"https:\/\/partners-ltd.com\/?post_type=product&#038;p=34288"},"modified":"2024-02-23T12:02:21","modified_gmt":"2024-02-23T10:02:21","slug":"3m-sj4570-dual-lock-25mm-x-0-5m","status":"publish","type":"product","link":"https:\/\/partners-ltd.com\/ro\/e-shop\/banda-dublu-adeziva-si-adezivi\/elemente-de-fixare-dual-lock\/3m-sj4570-dual-lock-25mm-x-0-5m\/","title":{"rendered":"3M SJ4570 Dual Lock 25mm x 0.5m \u2013 Band\u0103 cu dou\u0103 fe\u021be de asamblare-demontare"},"content":{"rendered":"<div class=\"wpb-content-wrapper\"><p>[vc_row css=&#8221;.vc_custom_1614340926172{margin-bottom: 30px !important;border-top-width: 1px !important;border-right-width: 1px !important;border-bottom-width: 1px !important;border-left-width: 1px !important;border-left-color: #d8d8d8 !important;border-left-style: solid !important;border-right-color: #d8d8d8 !important;border-right-style: solid !important;border-top-color: #d8d8d8 !important;border-top-style: solid !important;border-bottom-color: #d8d8d8 !important;border-bottom-style: solid !important;border-radius: 1px !important;}&#8221;][vc_column]<div id=\"ultimate-heading-467669dfefc3cc8fb\" class=\"uvc-heading ult-adjust-bottom-margin ultimate-heading-467669dfefc3cc8fb uvc-8509  uvc-heading-default-font-sizes\" data-hspacer=\"no_spacer\"  data-halign=\"left\" style=\"text-align:left\"><div class=\"uvc-heading-spacer no_spacer\" style=\"top\"><\/div><div class=\"uvc-main-heading ult-responsive\"  data-ultimate-target='.uvc-heading.ultimate-heading-467669dfefc3cc8fb h3'  data-responsive-json-new='{\"font-size\":\"\",\"line-height\":\"\"}' ><h3 style=\"--font-weight:theme;margin-bottom:30px;\">3M SJ4570 Dual Lock 25\u043c\u043c x 0.5\u043c \u2013 Band\u0103 cu dou\u0103 fe\u021be de asamblare-demontare<\/h3><\/div><\/div>[vc_column_text]<a class=\"dt-pswp-item\" href=\"https:\/\/partners-ltd.com\/wp-content\/uploads\/2022\/03\/3M-Dual-Lock-TB3550.gif\" data-dt-img-description=\"\" data-large_image_width=\"270\" data-large_image_height=\"270\"><img loading=\"lazy\" decoding=\"async\" class=\" wp-image-27695 alignleft\" src=\"https:\/\/partners-ltd.com\/wp-content\/uploads\/2022\/03\/3M-Dual-Lock-TB3550.gif\" alt=\"3M Dual Lock TB3550\" width=\"216\" height=\"216\" \/><\/a><\/p>\n<p><strong>Dual Lock 3M SJ4570<\/strong> &#8211; pe o parte este acoperit\u0103 cu adeziv transparent acrilic, iar pe cealalt\u0103 cu mii de bure\u021bi mici. Adezivul acrilic are o durabilitate excelent\u0103 \u00een aplica\u021bii care implic\u0103 temperaturi ridicate \u0219i umiditate. \u00cen plus, ader\u0103 cu mare rezisten\u021b\u0103 la materiale cu energie de suprafa\u021b\u0103 mare &#8211; lemn l\u0103cuit, metal, materiale plastice, sticl\u0103, ABS etc.<\/p>\n<p><strong>Baza Dual Lock 3M SJ4570<\/strong>, precum \u0219i bure\u021bii, sunt realizate din polipropilen\u0103 complet transparent\u0103. Densitatea de distribu\u021bie a bure\u021bilor determin\u0103 \u0219i for\u021ba de \u00eenc\u0103rcare pe care o poate suporta banda de fixare. Banda de instalare-dezasamblare Dual Lock 3M SJ4570 este proiectat\u0103 pentru sarcini mai mari, cu o densitate de 250 de bure\u021bi pe inch p\u0103trat. pentru p\u00e2n\u0103 la 1000 de cicluri de operare. Flexibilitatea excelent\u0103 a 3M Dual Lock 3M SJ4570 \u00eei permite s\u0103 absoarb\u0103 vibra\u021biile puternice.<\/p>\n<p>Benzile Dual Lock \u00eenlocuiesc cu succes metodele de prindere cunoscute, cum ar fi fermoare, \u0219uruburi, cleme, c\u00e2rlige etc. Sunt o alternativ\u0103 excelent\u0103 datorit\u0103 aplic\u0103rii mai u\u0219oare \u0219i mai rapide, f\u0103r\u0103 g\u0103urire sau preg\u0103tiri mai speciale. Utilizatorul ob\u021bine o conexiune complet curat\u0103 \u0219i neted\u0103.[\/vc_column_text][\/vc_column][\/vc_row][vc_row css=&#8221;.vc_custom_1614340946766{margin-bottom: 30px !important;border-top-width: 1px !important;border-right-width: 1px !important;border-bottom-width: 1px !important;border-left-width: 1px !important;border-left-color: #d8d8d8 !important;border-left-style: solid !important;border-right-color: #d8d8d8 !important;border-right-style: solid !important;border-top-color: #d8d8d8 !important;border-top-style: solid !important;border-bottom-color: #d8d8d8 !important;border-bottom-style: solid !important;border-radius: 1px !important;}&#8221;][vc_column]<div id=\"ultimate-heading-591269dfefc3cc93c\" class=\"uvc-heading ult-adjust-bottom-margin ultimate-heading-591269dfefc3cc93c uvc-3887  uvc-heading-default-font-sizes\" data-hspacer=\"no_spacer\"  data-halign=\"left\" style=\"text-align:left\"><div class=\"uvc-heading-spacer no_spacer\" style=\"top\"><\/div><div class=\"uvc-main-heading ult-responsive\"  data-ultimate-target='.uvc-heading.ultimate-heading-591269dfefc3cc93c h3'  data-responsive-json-new='{\"font-size\":\"\",\"line-height\":\"\"}' ><h3 style=\"--font-weight:theme;margin-bottom:30px;\">Montarea si demontarea urmatoarelor materiale:<\/h3><\/div><\/div>[vc_row_inner][vc_column_inner width=&#8221;1\/2&#8243;]<div class=\"standard-arrow list-divider bullet-top\"><ul>\n<li>Metal<\/li>\n<li>sticl\u0103<\/li>\n<li>lemn l\u0103cuit<\/li>\n<li>acril<\/li>\n<\/ul>\n<\/div>[\/vc_column_inner][vc_column_inner width=&#8221;1\/2&#8243;]<div class=\"standard-arrow list-divider bullet-top\"><ul>\n<li>polistiren<\/li>\n<li>policarbonat<\/li>\n<li>poliester<\/li>\n<li>nailon vinil \u0219i altele.<\/li>\n<\/ul>\n<\/div>[\/vc_column_inner][\/vc_row_inner][\/vc_column][\/vc_row][vc_row css=&#8221;.vc_custom_1614340946766{margin-bottom: 30px !important;border-top-width: 1px !important;border-right-width: 1px !important;border-bottom-width: 1px !important;border-left-width: 1px !important;border-left-color: #d8d8d8 !important;border-left-style: solid !important;border-right-color: #d8d8d8 !important;border-right-style: solid !important;border-top-color: #d8d8d8 !important;border-top-style: solid !important;border-bottom-color: #d8d8d8 !important;border-bottom-style: solid !important;border-radius: 1px !important;}&#8221;][vc_column]<div id=\"ultimate-heading-282769dfefc3cc9ce\" class=\"uvc-heading ult-adjust-bottom-margin ultimate-heading-282769dfefc3cc9ce uvc-3669  uvc-heading-default-font-sizes\" data-hspacer=\"no_spacer\"  data-halign=\"left\" style=\"text-align:left\"><div class=\"uvc-heading-spacer no_spacer\" style=\"top\"><\/div><div class=\"uvc-main-heading ult-responsive\"  data-ultimate-target='.uvc-heading.ultimate-heading-282769dfefc3cc9ce h3'  data-responsive-json-new='{\"font-size\":\"\",\"line-height\":\"\"}' ><h3 style=\"--font-weight:theme;margin-bottom:30px;\">Aplicatii: <\/h3><\/div><\/div>[vc_row_inner][vc_column_inner width=&#8221;1\/2&#8243;]<div class=\"standard-arrow list-divider bullet-top\"><ul>\n<li>Panouri desp\u0103r\u021bitoare \u00een birou<\/li>\n<li>Panouri acustice<\/li>\n<li>Panouri de acces la echipamente electrice, lifturi<\/li>\n<li>Camere \u00een ma\u0219inile de prob\u0103 ale Poli\u021biei Rutiere<\/li>\n<li>Panouri promotionale pentru magazine<\/li>\n<li>Standuri pentru expozitii<\/li>\n<\/ul>\n<\/div>[\/vc_column_inner][vc_column_inner width=&#8221;1\/2&#8243;]<div class=\"standard-arrow list-divider bullet-top\"><ul>\n<li>Acoperi\u0219uri auto<\/li>\n<li>Panouri solare flexible<\/li>\n<li>Echipament medical suspendat<\/li>\n<li>Pardoseala<\/li>\n<li>Panouri decorative<\/li>\n<li>Iluminat<\/li>\n<\/ul>\n<\/div>[\/vc_column_inner][\/vc_row_inner][\/vc_column][\/vc_row][vc_row css=&#8221;.vc_custom_1646038538342{margin-bottom: 30px !important;border-top-width: 1px !important;border-right-width: 1px !important;border-bottom-width: 1px !important;border-left-width: 1px !important;border-left-color: #d8d8d8 !important;border-left-style: solid !important;border-right-color: #d8d8d8 !important;border-right-style: solid !important;border-top-color: #d8d8d8 !important;border-top-style: solid !important;border-bottom-color: #d8d8d8 !important;border-bottom-style: solid !important;border-radius: 1px !important;}&#8221;][vc_column css=&#8221;.vc_custom_1646038433563{margin-top: 0px !important;margin-right: 0px !important;margin-bottom: 0px !important;margin-left: 0px !important;border-top-width: 0px !important;border-right-width: 0px !important;border-bottom-width: 0px !important;border-left-width: 0px !important;border-left-color: #d8d8d8 !important;border-left-style: solid !important;border-right-color: #d8d8d8 !important;border-right-style: solid !important;border-top-color: #d8d8d8 !important;border-top-style: solid !important;border-bottom-color: #d8d8d8 !important;border-bottom-style: solid !important;border-radius: 1px !important;}&#8221;]<div id=\"ultimate-heading-689069dfefc3cca3a\" class=\"uvc-heading ult-adjust-bottom-margin ultimate-heading-689069dfefc3cca3a uvc-6073  uvc-heading-default-font-sizes\" data-hspacer=\"no_spacer\"  data-halign=\"left\" style=\"text-align:left\"><div class=\"uvc-heading-spacer no_spacer\" style=\"top\"><\/div><div class=\"uvc-main-heading ult-responsive\"  data-ultimate-target='.uvc-heading.ultimate-heading-689069dfefc3cca3a h3'  data-responsive-json-new='{\"font-size\":\"\",\"line-height\":\"\"}' ><h3 style=\"--font-weight:theme;margin-bottom:20px;\">Tehnica de instalare 3M SJ4570 Dual Lock:<\/h3><\/div><\/div>[vc_column_text]<\/p>\n<ul>\n<li>\u00cenainte de a instala banda, cur\u0103\u021ba\u021bi bine suprafe\u021bele \u0219i usca\u021bi-le.<\/li>\n<li>Ata\u0219a\u021bi cele dou\u0103 buc\u0103\u021bi de band\u0103 adeziv\u0103 Dual Lock \u00eempreun\u0103.<\/li>\n<li>Scoate\u021bi protec\u021bia de pe o bucat\u0103 de band\u0103.<\/li>\n<li>Lipi\u021bi-l pe suprafa\u021ba de \u00eembinat.<\/li>\n<li>Desprinde\u021bi protec\u021bia de pe a doua bucat\u0103 de band\u0103 adeziv\u0103.<\/li>\n<li>Fixa\u021bi elementul pe care dori\u021bi s\u0103 \u00eel monta\u021bi, apoi ap\u0103sa\u021bi-l scurt pentru a lipi.<\/li>\n<\/ul>\n<p>[\/vc_column_text][\/vc_column][\/vc_row][vc_row css=&#8221;.vc_custom_1614340974723{border-top-width: 1px !important;border-right-width: 1px !important;border-bottom-width: 1px !important;border-left-width: 1px !important;border-left-color: #d8d8d8 !important;border-left-style: solid !important;border-right-color: #d8d8d8 !important;border-right-style: solid !important;border-top-color: #d8d8d8 !important;border-top-style: solid !important;border-bottom-color: #d8d8d8 !important;border-bottom-style: solid !important;border-radius: 1px !important;}&#8221;][vc_column]<div id=\"ultimate-heading-600269dfefc3cca57\" class=\"uvc-heading ult-adjust-bottom-margin ultimate-heading-600269dfefc3cca57 uvc-1890  uvc-heading-default-font-sizes\" data-hspacer=\"no_spacer\"  data-halign=\"left\" style=\"text-align:left\"><div class=\"uvc-heading-spacer no_spacer\" style=\"top\"><\/div><div class=\"uvc-main-heading ult-responsive\"  data-ultimate-target='.uvc-heading.ultimate-heading-600269dfefc3cca57 h3'  data-responsive-json-new='{\"font-size\":\"\",\"line-height\":\"\"}' ><h3 style=\"--font-weight:theme;\">Documente:<\/h3><\/div><\/div>[vc_empty_space][vc_row_inner css=&#8221;.vc_custom_1615980091033{margin-bottom: 30px !important;}&#8221;][vc_column_inner width=&#8221;1\/4&#8243;][vc_column_text]Buletin:[\/vc_column_text][vc_single_image image=&#8221;27652&#8243; onclick=&#8221;custom_link&#8221; img_link_target=&#8221;_blank&#8221; link=&#8221;\/wp-content\/uploads\/2022\/02\/3M-Dual-Lock-Brochure.pdf&#8221;]<style type=\"text\/css\" data-type=\"the7_shortcodes-inline-css\">#default-btn-70403b9ee01adb5a9e387ccc9baf64a7.ico-right-side > i {\n  margin-right: 0px;\n  margin-left: 8px;\n}\n#default-btn-70403b9ee01adb5a9e387ccc9baf64a7 > i {\n  margin-right: 8px;\n}\n<\/style><a href=\"\/wp-content\/uploads\/2022\/02\/3M-Dual-Lock-Brochure.pdf\" class=\"default-btn-shortcode dt-btn dt-btn-s link-hover-off btn-inline-left \" target=\"_blank\" id=\"default-btn-70403b9ee01adb5a9e387ccc9baf64a7\" rel=\"noopener\"><span>Desc\u0103rca\u021bi PDF-ul<\/span><\/a>[\/vc_column_inner][vc_column_inner width=&#8221;1\/4&#8243;][vc_column_text]Demo:[\/vc_column_text][vc_single_image image=&#8221;27661&#8243; onclick=&#8221;custom_link&#8221; img_link_target=&#8221;_blank&#8221; link=&#8221;\/wp-content\/uploads\/2022\/02\/3M-Fastening-Family-Brochure-HiRes.pdf&#8221;]<style type=\"text\/css\" data-type=\"the7_shortcodes-inline-css\">#default-btn-f6269d8a6e3ba5461b0afed134e0a0b3.ico-right-side > i {\n  margin-right: 0px;\n  margin-left: 8px;\n}\n#default-btn-f6269d8a6e3ba5461b0afed134e0a0b3 > i {\n  margin-right: 8px;\n}\n<\/style><a href=\"\/wp-content\/uploads\/2022\/02\/3M-Fastening-Family-Brochure-HiRes.pdf\" class=\"default-btn-shortcode dt-btn dt-btn-s link-hover-off btn-inline-left \" target=\"_blank\" id=\"default-btn-f6269d8a6e3ba5461b0afed134e0a0b3\" rel=\"noopener\"><span>Desc\u0103rca\u021bi PDF-ul<\/span><\/a>[\/vc_column_inner][vc_column_inner width=&#8221;1\/4&#8243;][\/vc_column_inner][vc_column_inner width=&#8221;1\/4&#8243;][\/vc_column_inner][\/vc_row_inner][\/vc_column][\/vc_row]<\/p>\n<\/div>","protected":false},"excerpt":{"rendered":"<p>Banda 3M SJ4570 Dual Lock este o band\u0103 cu dou\u0103 fe\u021be pentru instalare \u0219i \u00eendep\u0103rtare repetat\u0103. Ader\u0103 cu mare rezisten\u021b\u0103 la materiale cu energie de suprafa\u021b\u0103 mare &#8211; metal, materiale plastice, acril, aluminiu etc.<\/p>\n<div id=\"ultimate-heading-6073622129f739d84\" class=\"uvc-heading ult-adjust-bottom-margin ultimate-heading-6073622129f739d84 uvc-8413 \" data-hspacer=\"no_spacer\" data-halign=\"left\">\n<div class=\"uvc-heading-spacer no_spacer\"><\/div>\n<div class=\"uvc-main-heading ult-responsive\" data-ultimate-target=\".uvc-heading.ultimate-heading-6073622129f739d84 h2\" data-responsive-json-new=\"{&quot;font-size&quot;:&quot;desktop:18px;&quot;,&quot;line-height&quot;:&quot;desktop:25px;&quot;}\"><\/div>\n<\/div>\n","protected":false},"featured_media":27718,"comment_status":"open","ping_status":"closed","template":"","meta":[],"product_cat":[1855,2671],"product_tag":[],"_links":{"self":[{"href":"https:\/\/partners-ltd.com\/ro\/wp-json\/wp\/v2\/product\/34288"}],"collection":[{"href":"https:\/\/partners-ltd.com\/ro\/wp-json\/wp\/v2\/product"}],"about":[{"href":"https:\/\/partners-ltd.com\/ro\/wp-json\/wp\/v2\/types\/product"}],"replies":[{"embeddable":true,"href":"https:\/\/partners-ltd.com\/ro\/wp-json\/wp\/v2\/comments?post=34288"}],"wp:featuredmedia":[{"embeddable":true,"href":"https:\/\/partners-ltd.com\/ro\/wp-json\/wp\/v2\/media\/27718"}],"wp:attachment":[{"href":"https:\/\/partners-ltd.com\/ro\/wp-json\/wp\/v2\/media?parent=34288"}],"wp:term":[{"taxonomy":"product_cat","embeddable":true,"href":"https:\/\/partners-ltd.com\/ro\/wp-json\/wp\/v2\/product_cat?post=34288"},{"taxonomy":"product_tag","embeddable":true,"href":"https:\/\/partners-ltd.com\/ro\/wp-json\/wp\/v2\/product_tag?post=34288"}],"curies":[{"name":"wp","href":"https:\/\/api.w.org\/{rel}","templated":true}]}}