{"id":34279,"date":"2020-09-21T11:24:39","date_gmt":"2020-09-21T08:24:39","guid":{"rendered":"https:\/\/partners-ltd.com\/?post_type=product&#038;p=34279"},"modified":"2026-03-22T08:24:39","modified_gmt":"2026-03-22T06:24:39","slug":"3m-finish-line-knifeless-tape-folie-multistrat-35-mm-x-10-m","status":"publish","type":"product","link":"https:\/\/partners-ltd.com\/ro\/e-shop\/instrumente\/scule-si-accesorii-3m\/3m-finish-line-knifeless-tape-folie-multistrat-35-mm-x-10-m\/","title":{"rendered":"3M Finish Line Knifeless Tape &#8211; folie multistrat t\u0103iat\u0103 fin, f\u0103r\u0103 zg\u00e2rieturi auto &#8211; 3,5 mm x 10 m"},"content":{"rendered":"<div class=\"wpb-content-wrapper\"><p>[vc_row][vc_column][vc_column_text]<\/p>\n<h2>Fir puternic pentru folie multistrat<\/h2>\n<p><strong>3M Finish Line Knifeless Tape<\/strong> este un produs conceput pentru a t\u0103ia fante fine pe folie pentru a evita necesitatea unui cu\u021bit sau plotter. \u00cen acest fel, \u0219ansa ca ma\u0219ina s\u0103 fie zg\u00e2riat\u0103 este minimizat\u0103. Seria 3M Knifeless Tape Finish Line este proiectat\u0103 cu un fir \u00eencorporat puternic \u0219i durabil, care nu poate fi rupt cu m\u00e2na.<\/p>\n<p>Este recomandat pentru utilizarea tipurilor de folie \u0219i laminate cu un singur strat \u0219i multistrat &#8211; 3M Wrap Film 1080, 3M Wrap Film 1380 \u0219i 3M Wrap Film 2080. Datorit\u0103 rezisten\u021bei sale excep\u021bionale, firul nu se \u00eentinde, ceea ce \u00eel face potrivit pentru curbele luminoase.<\/p>\n<p>&nbsp;<\/p>\n\n\t\t\t<style type='text\/css'>\n\t\t\t\t#gallery-1 {\n\t\t\t\t\tmargin: auto;\n\t\t\t\t}\n\t\t\t\t#gallery-1 .gallery-item {\n\t\t\t\t\tfloat: left;\n\t\t\t\t\tmargin-top: 10px;\n\t\t\t\t\ttext-align: center;\n\t\t\t\t\twidth: 33%;\n\t\t\t\t}\n\t\t\t\t#gallery-1 img {\n\t\t\t\t\tborder: 2px solid #cfcfcf;\n\t\t\t\t}\n\t\t\t\t#gallery-1 .gallery-caption {\n\t\t\t\t\tmargin-left: 0;\n\t\t\t\t}\n\t\t\t\t\/* see gallery_shortcode() in wp-includes\/media.php *\/\n\t\t\t<\/style>\n\t\t<div id='gallery-1' class='dt-gallery-container gallery galleryid-34279 gallery-columns-3 gallery-size-medium'><dl class='gallery-item'>\n\t\t\t\t<dt class='gallery-icon landscape'>\n\t\t\t\t\t<img loading=\"lazy\" decoding=\"async\" width=\"300\" height=\"169\" src=\"https:\/\/partners-ltd.com\/wp-content\/uploads\/2020\/09\/3M-Finish-Line-Knifeless-Tape-1-300x169.jpg\" class=\"attachment-medium size-medium\" alt=\"3M Finish Line Knifeless Tape - folie multistrat t\u0103iat\u0103 fin, f\u0103r\u0103 zg\u00e2rieturi auto\" srcset=\"https:\/\/partners-ltd.com\/wp-content\/uploads\/2020\/09\/3M-Finish-Line-Knifeless-Tape-1-300x169.jpg 300w, https:\/\/partners-ltd.com\/wp-content\/uploads\/2020\/09\/3M-Finish-Line-Knifeless-Tape-1-768x432.jpg 768w, https:\/\/partners-ltd.com\/wp-content\/uploads\/2020\/09\/3M-Finish-Line-Knifeless-Tape-1-425x239.jpg 425w, https:\/\/partners-ltd.com\/wp-content\/uploads\/2020\/09\/3M-Finish-Line-Knifeless-Tape-1.jpg 774w\" sizes=\"(max-width: 300px) 100vw, 300px\" \/>\n\t\t\t\t<\/dt><\/dl><dl class='gallery-item'>\n\t\t\t\t<dt class='gallery-icon landscape'>\n\t\t\t\t\t<img loading=\"lazy\" decoding=\"async\" width=\"300\" height=\"169\" src=\"https:\/\/partners-ltd.com\/wp-content\/uploads\/2020\/09\/3M-Finish-Line-Knifeless-Tape_-300x169.jpg\" class=\"attachment-medium size-medium\" alt=\"3M Finish Line Knifeless Tape - folie multistrat t\u0103iat\u0103 fin, f\u0103r\u0103 zg\u00e2rieturi auto\" srcset=\"https:\/\/partners-ltd.com\/wp-content\/uploads\/2020\/09\/3M-Finish-Line-Knifeless-Tape_-300x169.jpg 300w, https:\/\/partners-ltd.com\/wp-content\/uploads\/2020\/09\/3M-Finish-Line-Knifeless-Tape_-768x432.jpg 768w, https:\/\/partners-ltd.com\/wp-content\/uploads\/2020\/09\/3M-Finish-Line-Knifeless-Tape_-1024x576.jpg 1024w, https:\/\/partners-ltd.com\/wp-content\/uploads\/2020\/09\/3M-Finish-Line-Knifeless-Tape_-425x239.jpg 425w, https:\/\/partners-ltd.com\/wp-content\/uploads\/2020\/09\/3M-Finish-Line-Knifeless-Tape_.jpg 1137w\" sizes=\"(max-width: 300px) 100vw, 300px\" \/>\n\t\t\t\t<\/dt><\/dl><dl class='gallery-item'>\n\t\t\t\t<dt class='gallery-icon landscape'>\n\t\t\t\t\t<img loading=\"lazy\" decoding=\"async\" width=\"300\" height=\"169\" src=\"https:\/\/partners-ltd.com\/wp-content\/uploads\/2020\/09\/3M-Finish-Line-Knifeless-Tape-detail-300x169.jpg\" class=\"attachment-medium size-medium\" alt=\"3M Finish Line Knifeless Tape - folie multistrat t\u0103iat\u0103 fin, f\u0103r\u0103 zg\u00e2rieturi auto\" srcset=\"https:\/\/partners-ltd.com\/wp-content\/uploads\/2020\/09\/3M-Finish-Line-Knifeless-Tape-detail-300x169.jpg 300w, https:\/\/partners-ltd.com\/wp-content\/uploads\/2020\/09\/3M-Finish-Line-Knifeless-Tape-detail.jpg 364w\" sizes=\"(max-width: 300px) 100vw, 300px\" \/>\n\t\t\t\t<\/dt><\/dl><br style=\"clear: both\" \/>\n\t\t\t<\/div>\n\n<h2><\/h2>\n<h2>T\u0103iere precis\u0103 \u0219i eficient\u0103<\/h2>\n<p>Nu risca\u021bi s\u0103 t\u0103ia\u021bi sau s\u0103 zg\u00e2ria\u021bi suprafa\u021ba vehiculului. Tehnologia 3M Knifeless Tape este conceput\u0103 pentru a t\u0103ia filmul autoadeziv f\u0103r\u0103 un cu\u021bit. U\u0219or, convenabil \u0219i sigur &#8211; at\u00e2t pentru tine, c\u00e2t \u0219i pentru acoperirea ma\u0219inii tale.<\/p>\n<p>F\u0103r\u0103 deteriorare a suprafe\u021bei \u0219i linie curat\u0103. 3M se asigur\u0103 c\u0103 toate elementele grafice \u2013 de la pelicul\u0103 \u0219i cerneal\u0103, p\u00e2n\u0103 la adeziv, band\u0103 \u0219i acoperire de protec\u021bie \u2013 vor func\u021biona cel mai bine \u0219i \u00een mod constant \u00een timp, chiar \u0219i \u00een condi\u021bii meteorologice nefavorabile.<\/p>\n<p><span style=\"text-decoration: underline;\"><strong>Important:<\/strong><\/span> Nu aplica\u021bi 3M Knifeless Tape \u00een aer liber \u0219i nu l\u0103sa\u021bi produsul la soare pentru o perioad\u0103 lung\u0103 de timp, deoarece acest lucru poate \u00eengreuna \u00eendep\u0103rtarea. Manipula\u021bi fiecare band\u0103 cu grij\u0103. Nu v\u0103 \u00eenf\u0103\u0219ura\u021bi degetele sau m\u00e2na \u00een timp ce lucra\u021bi.[\/vc_column_text][\/vc_column][\/vc_row][vc_row css=&#8221;.vc_custom_1531296600629{margin-bottom: 20px !important;border-top-width: 1px !important;border-right-width: 1px !important;border-bottom-width: 1px !important;border-left-width: 1px !important;padding-right: 10px !important;padding-left: 10px !important;border-left-color: #e2e2e2 !important;border-left-style: dotted !important;border-right-color: #e2e2e2 !important;border-right-style: dotted !important;border-top-color: #e2e2e2 !important;border-top-style: dotted !important;border-bottom-color: #e2e2e2 !important;border-bottom-style: dotted !important;border-radius: 2px !important;}&#8221;][vc_column width=&#8221;1\/2&#8243;]<div id=\"ultimate-heading-870769e1e374da8fb\" class=\"uvc-heading ult-adjust-bottom-margin ultimate-heading-870769e1e374da8fb uvc-4146 \" data-hspacer=\"no_spacer\"  data-halign=\"left\" style=\"text-align:left\"><div class=\"uvc-heading-spacer no_spacer\" style=\"top\"><\/div><div class=\"uvc-main-heading ult-responsive\"  data-ultimate-target='.uvc-heading.ultimate-heading-870769e1e374da8fb h3'  data-responsive-json-new='{\"font-size\":\"desktop:28px;\",\"line-height\":\"desktop:38px;\"}' ><h3 style=\"--font-weight:theme;margin-bottom:20px;\">Aplica\u021bie:<\/h3><\/div><\/div><div class=\"standard-arrow list-divider bullet-top\"><ul>\n<li>pe folie dens\u0103 cu un singur strat sau multistrat<\/li>\n<li>\u00een jurul oglinzilor<\/li>\n<li>m\u00e2nerele u\u0219ilor \u0219i toate mulajele<\/li>\n<li>peste garnituri de cauciuc<\/li>\n<li>acoperirile ferestrelor \u00eenainte de aplicarea benzilor de etan\u0219are<\/li>\n<\/ul>\n<\/div>[\/vc_column][vc_column width=&#8221;1\/2&#8243;]<style type=\"text\/css\" data-type=\"the7_shortcodes-inline-css\">.shortcode-single-image-wrap.shortcode-single-image-e1d662c8debe285024d7b5086af45a72.enable-bg-rollover .rollover i,\n.shortcode-single-image-wrap.shortcode-single-image-e1d662c8debe285024d7b5086af45a72.enable-bg-rollover .rollover-video i {\n  background: -webkit-linear-gradient();\n  background: linear-gradient();\n}\n.shortcode-single-image-wrap.shortcode-single-image-e1d662c8debe285024d7b5086af45a72 .rollover-icon {\n  font-size: 32px;\n  color: #ffffff;\n  min-width: 44px;\n  min-height: 44px;\n  line-height: 44px;\n  border-radius: 100px;\n  border-style: solid;\n  border-width: 0px;\n}\n.dt-icon-bg-on.shortcode-single-image-wrap.shortcode-single-image-e1d662c8debe285024d7b5086af45a72 .rollover-icon {\n  background: rgba(255,255,255,0.3);\n  box-shadow: none;\n}\n<\/style><div class=\"shortcode-single-image-wrap shortcode-single-image-e1d662c8debe285024d7b5086af45a72 alignnone shortcode-single-video  enable-bg-rollover dt-icon-bg-off\" style=\"margin-top:0px; margin-bottom:0px; margin-left:0px; margin-right:0px; width:500px;\"><div class=\"shortcode-single-image\"><div class=\"fancy-media-wrap\" style=\"\"><iframe loading=\"lazy\" title=\"3M\u2122 Knifeless Tape\" width=\"500\" height=\"281\" src=\"https:\/\/www.youtube.com\/embed\/KCr-XsFvu5Y?feature=oembed&enablejsapi=1&origin=https:\/\/partners-ltd.com\" frameborder=\"0\" allow=\"accelerometer; autoplay; clipboard-write; encrypted-media; gyroscope; picture-in-picture; web-share\" allowfullscreen><\/iframe><\/div><\/div><\/div>[\/vc_column][vc_column]<div id=\"ultimate-heading-59569e1e374db6d6\" class=\"uvc-heading ult-adjust-bottom-margin ultimate-heading-59569e1e374db6d6 uvc-5375 \" data-hspacer=\"no_spacer\"  data-halign=\"left\" style=\"text-align:left\"><div class=\"uvc-heading-spacer no_spacer\" style=\"top\"><\/div><div class=\"uvc-main-heading ult-responsive\"  data-ultimate-target='.uvc-heading.ultimate-heading-59569e1e374db6d6 h3'  data-responsive-json-new='{\"font-size\":\"desktop:28px;\",\"line-height\":\"desktop:38px;\"}' ><h3 style=\"--font-weight:theme;margin-bottom:20px;\">Avantaje:<\/h3><\/div><\/div>[vc_row_inner][vc_column_inner width=&#8221;1\/2&#8243;]<div class=\"standard-arrow list-divider bullet-top\"><ul>\n<li>permite t\u0103ierea foliei multistrat<\/li>\n<li>previne deteriorarea suprafe\u021bei<\/li>\n<li>fir extrem de puternic, nu se \u00eentinde<\/li>\n<li>\u00eenlocuie\u0219te necesitatea unui cu\u021bit la t\u0103iere<\/li>\n<\/ul>\n<\/div>[\/vc_column_inner][vc_column_inner width=&#8221;1\/2&#8243;]<div class=\"standard-arrow list-divider bullet-top\"><ul>\n<li>potrivit pentru curbe u\u0219oare<\/li>\n<li>pentru marginile filmului acoperite sau ascunse<\/li>\n<li>depozitare de la +4\u00b0C la +30\u00b0C<\/li>\n<li>culoare translucid\u0103, aproape imperceptibil\u0103<\/li>\n<\/ul>\n<\/div>[\/vc_column_inner][\/vc_row_inner][\/vc_column][\/vc_row][vc_row][vc_column]<div id=\"ultimate-heading-450769e1e374db74c\" class=\"uvc-heading ult-adjust-bottom-margin ultimate-heading-450769e1e374db74c uvc-3465  uvc-heading-default-font-sizes\" data-hspacer=\"no_spacer\"  data-halign=\"left\" style=\"text-align:left\"><div class=\"uvc-heading-spacer no_spacer\" style=\"top\"><\/div><div class=\"uvc-main-heading ult-responsive\"  data-ultimate-target='.uvc-heading.ultimate-heading-450769e1e374db74c h3'  data-responsive-json-new='{\"font-size\":\"\",\"line-height\":\"\"}' ><h3 style=\"--font-weight:theme;\">Documente:<\/h3><\/div><\/div>[vc_separator][vc_row_inner][vc_column_inner width=&#8221;1\/4&#8243;][vc_column_text]<\/p>\n<p style=\"text-align: left;\">Bulletin de produs:<\/p>\n<p>[\/vc_column_text][vc_single_image image=&#8221;22384&#8243; style=&#8221;vc_box_border&#8221; onclick=&#8221;custom_link&#8221; img_link_target=&#8221;_blank&#8221; link=&#8221;\/wp-content\/uploads\/2020\/09\/Product-Bulletin_Knifeless_Tape_EN-WE_2019_11.pdf&#8221;]<style type=\"text\/css\" data-type=\"the7_shortcodes-inline-css\">#default-btn-ce72253aef887aaee3e56f35b91a2ceb.ico-right-side > i {\n  margin-right: 0px;\n  margin-left: 8px;\n}\n#default-btn-ce72253aef887aaee3e56f35b91a2ceb > i {\n  margin-right: 8px;\n}\n<\/style><a href=\"\/wp-content\/uploads\/2020\/09\/Product-Bulletin_Knifeless_Tape_EN-WE_2019_11.pdf\" class=\"default-btn-shortcode dt-btn dt-btn-s link-hover-off btn-inline-left \" target=\"_blank\" id=\"default-btn-ce72253aef887aaee3e56f35b91a2ceb\" rel=\"noopener\"><span>Desc\u0103rc\u0103t\u0103 PDF-ul<\/span><\/a>[\/vc_column_inner][vc_column_inner width=&#8221;1\/4&#8243;][vc_column_text]<\/p>\n<p style=\"text-align: left;\">Catalog:<\/p>\n<p>[\/vc_column_text][vc_single_image image=&#8221;22447&#8243; style=&#8221;vc_box_border&#8221; onclick=&#8221;custom_link&#8221; img_link_target=&#8221;_blank&#8221; link=&#8221;\/wp-content\/uploads\/2020\/09\/3M-Precision-Line-Tape.pdf&#8221;]<style type=\"text\/css\" data-type=\"the7_shortcodes-inline-css\">#default-btn-6a6a56a72f3ba59eaf32baa036b59344.ico-right-side > i {\n  margin-right: 0px;\n  margin-left: 8px;\n}\n#default-btn-6a6a56a72f3ba59eaf32baa036b59344 > i {\n  margin-right: 8px;\n}\n<\/style><a href=\"\/wp-content\/uploads\/2020\/09\/3M-Precision-Line-Tape.pdf\" class=\"default-btn-shortcode dt-btn dt-btn-s link-hover-off btn-inline-left \" target=\"_blank\" id=\"default-btn-6a6a56a72f3ba59eaf32baa036b59344\" rel=\"noopener\"><span>Desc\u0103rc\u0103t\u0103 PDF-ul<\/span><\/a>[\/vc_column_inner][vc_column_inner width=&#8221;1\/4&#8243;][vc_column_text]<\/p>\n<p style=\"text-align: left;\">Instructiuni de folosire:<\/p>\n<p>[\/vc_column_text][vc_single_image image=&#8221;22387&#8243; style=&#8221;vc_box_border&#8221; onclick=&#8221;custom_link&#8221; img_link_target=&#8221;_blank&#8221; link=&#8221;\/wp-content\/uploads\/2020\/09\/Knifeless_Insert_final_BW.pdf&#8221;]<style type=\"text\/css\" data-type=\"the7_shortcodes-inline-css\">#default-btn-bee4f201b96d4b459405be6bd51c65ad.ico-right-side > i {\n  margin-right: 0px;\n  margin-left: 8px;\n}\n#default-btn-bee4f201b96d4b459405be6bd51c65ad > i {\n  margin-right: 8px;\n}\n<\/style><a href=\"\/wp-content\/uploads\/2020\/09\/Knifeless_Insert_final_BW.pdf\" class=\"default-btn-shortcode dt-btn dt-btn-s link-hover-off btn-inline-left \" target=\"_blank\" id=\"default-btn-bee4f201b96d4b459405be6bd51c65ad\" rel=\"noopener\"><span>Desc\u0103rc\u0103t\u0103 PDF-ul<\/span><\/a>[\/vc_column_inner][vc_column_inner width=&#8221;1\/4&#8243;][vc_column_text]<\/p>\n<p style=\"text-align: left;\">Informatii utile:<\/p>\n<p>[\/vc_column_text][vc_single_image image=&#8221;22390&#8243; style=&#8221;vc_box_border&#8221; onclick=&#8221;custom_link&#8221; img_link_target=&#8221;_blank&#8221; link=&#8221;\/wp-content\/uploads\/2020\/09\/Quick-Reference_Installation-Tools.pdf&#8221;]<style type=\"text\/css\" data-type=\"the7_shortcodes-inline-css\">#default-btn-bc30208edaef1dd39c78513152307310.ico-right-side > i {\n  margin-right: 0px;\n  margin-left: 8px;\n}\n#default-btn-bc30208edaef1dd39c78513152307310 > i {\n  margin-right: 8px;\n}\n<\/style><a href=\"\/wp-content\/uploads\/2020\/09\/Quick-Reference_Installation-Tools.pdf\" class=\"default-btn-shortcode dt-btn dt-btn-s link-hover-off btn-inline-left \" target=\"_blank\" id=\"default-btn-bc30208edaef1dd39c78513152307310\" rel=\"noopener\"><span>Desc\u0103rc\u0103t\u0103 PDF-ul<\/span><\/a>[\/vc_column_inner][\/vc_row_inner][\/vc_column][\/vc_row]<\/p>\n<\/div>","protected":false},"excerpt":{"rendered":"<p>Cu banda 3M Finish Line Knifeless Tape, \u0219ansa ca ma\u0219ina s\u0103 fie zg\u00e2riat\u0103 este redus\u0103 la minim. Seria este proiectat\u0103 cu un fir \u00eencorporat puternic \u0219i durabil, care nu poate fi rupt cu m\u00e2na. Datorit\u0103 rezisten\u021bei sale excep\u021bionale, este recomandat pentru utilizare at\u00e2t pe tipuri de folii \u0219i laminate cu un singur strat, c\u00e2t \u0219i pe mai multe straturi.<\/p>\n<p>Dimensiunea benzii: 3,5 mm x 10 m.<\/p>\n","protected":false},"featured_media":22461,"comment_status":"open","ping_status":"closed","template":"","meta":[],"product_cat":[1858,2677],"product_tag":[],"_links":{"self":[{"href":"https:\/\/partners-ltd.com\/ro\/wp-json\/wp\/v2\/product\/34279"}],"collection":[{"href":"https:\/\/partners-ltd.com\/ro\/wp-json\/wp\/v2\/product"}],"about":[{"href":"https:\/\/partners-ltd.com\/ro\/wp-json\/wp\/v2\/types\/product"}],"replies":[{"embeddable":true,"href":"https:\/\/partners-ltd.com\/ro\/wp-json\/wp\/v2\/comments?post=34279"}],"wp:featuredmedia":[{"embeddable":true,"href":"https:\/\/partners-ltd.com\/ro\/wp-json\/wp\/v2\/media\/22461"}],"wp:attachment":[{"href":"https:\/\/partners-ltd.com\/ro\/wp-json\/wp\/v2\/media?parent=34279"}],"wp:term":[{"taxonomy":"product_cat","embeddable":true,"href":"https:\/\/partners-ltd.com\/ro\/wp-json\/wp\/v2\/product_cat?post=34279"},{"taxonomy":"product_tag","embeddable":true,"href":"https:\/\/partners-ltd.com\/ro\/wp-json\/wp\/v2\/product_tag?post=34279"}],"curies":[{"name":"wp","href":"https:\/\/api.w.org\/{rel}","templated":true}]}}