{"id":33437,"date":"2020-08-27T09:03:01","date_gmt":"2020-08-27T06:03:01","guid":{"rendered":"https:\/\/partners-ltd.com\/?post_type=product&#038;p=33437"},"modified":"2025-12-12T10:16:31","modified_gmt":"2025-12-12T08:16:31","slug":"3m-wrap-film-series-2080-mx12-matrix-black","status":"publish","type":"product","link":"https:\/\/partners-ltd.com\/ro\/e-shop\/3m-folie-tuning-auto\/texturi\/3m-wrap-film-series-2080-mx12-matrix-black\/","title":{"rendered":"3M Wrap Film Series 2080 MX12 Matrix Black"},"content":{"rendered":"<div class=\"wpb-content-wrapper\"><p>[vc_row css=&#8221;.vc_custom_1532072282826{margin-bottom: 20px !important;border-top-width: 1px !important;border-right-width: 1px !important;border-bottom-width: 1px !important;border-left-width: 1px !important;padding-right: 10px !important;padding-left: 10px !important;border-left-color: #e2e2e2 !important;border-left-style: dotted !important;border-right-color: #e2e2e2 !important;border-right-style: dotted !important;border-top-color: #e2e2e2 !important;border-top-style: dotted !important;border-bottom-color: #e2e2e2 !important;border-bottom-style: dotted !important;border-radius: 1px !important;}&#8221;][vc_column][vc_column_text]<\/p>\n<h2>Folie cu textura ca parte a matricei 3M<\/h2>\n<p>Liderul mondial 3M deschide din ce \u00een ce mai multe oportunit\u0103\u021bi pentru pasiona\u021bii de tuning de a-\u0219i transforma cele mai nebune\u0219ti idei \u00een realitate. \u201eBlack Matrix\u201d este o folie neagr\u0103 texturat\u0103 cu detalii \u00een form\u0103 de hexagon care amintesc de o minge de fotbal. Acest lucru creeaz\u0103 un efect de profunzime \u0219i imaginea non-standard a unei ma\u0219ini din materiale textile. O viziune care te va face recunoscut pe drum.<\/p>\n<p>Extravagant, atr\u0103g\u0103tor \u0219i complet mat, acest produs poate fi folosit la exteriorul \u0219i interiorul vehiculului dumneavoastr\u0103. Decizia este \u00een m\u00e2inile tale, totul este posibil cu folia de tuning. Textura sa 3D unic\u0103 \u00eei va impresiona pe pasiona\u021bii de acoperire auto cu m\u0103iestria sa de precizie. Un avantaj suplimentar este faptul c\u0103 este rezistent la impactul pietrelor de pe drum \u0219i protejeaz\u0103 \u00eempotriva urmelor \u0219i zg\u00e2rieturilor nepl\u0103cute.<\/p>\n<h2>Produs nou \u0219i \u00eembun\u0103t\u0103\u021bit<\/h2>\n<p><strong>3M Car Wrap Film 2080<\/strong> este o nou\u0103 <a href=\"https:\/\/partners-ltd.com\/ro\/product-categorie\/3m-folie-tuning-auto\/\"><strong>folie \u00eembun\u0103t\u0103\u021bit\u0103 de colantare a ma\u0219inii<\/strong><\/a>, care \u00eendepline\u0219te cele mai \u00eenalte cerin\u021be de calitate \u0219i este potrivit\u0103 pentru colantarea complet\u0103 sau par\u021bial\u0103. Sistemul <a href=\"https:\/\/partners-ltd.com\/ro\/ce-reprezinta-tehnologiile-comply-si-controltac-ale-adezivului\/\"><strong>Micro Comply\u2122<\/strong><\/a> asigur\u0103 o \u00eempingere mai bun\u0103 a bulelor de aer prin canalele de aer complet invizibile din stratul adeziv, iar<a href=\"https:\/\/partners-ltd.com\/ro\/ce-reprezinta-tehnologiile-comply-si-controltac-ale-adezivului\/\"><strong> Controltac\u2122<\/strong><\/a> permite repozi\u021bionarea filmului pentru a crea aspectul perfect finit al ma\u0219inii.<\/p>\n\n\t\t\t<style type='text\/css'>\n\t\t\t\t#gallery-1 {\n\t\t\t\t\tmargin: auto;\n\t\t\t\t}\n\t\t\t\t#gallery-1 .gallery-item {\n\t\t\t\t\tfloat: left;\n\t\t\t\t\tmargin-top: 10px;\n\t\t\t\t\ttext-align: center;\n\t\t\t\t\twidth: 33%;\n\t\t\t\t}\n\t\t\t\t#gallery-1 img {\n\t\t\t\t\tborder: 2px solid #cfcfcf;\n\t\t\t\t}\n\t\t\t\t#gallery-1 .gallery-caption {\n\t\t\t\t\tmargin-left: 0;\n\t\t\t\t}\n\t\t\t\t\/* see gallery_shortcode() in wp-includes\/media.php *\/\n\t\t\t<\/style>\n\t\t<div id='gallery-1' class='dt-gallery-container gallery galleryid-33437 gallery-columns-3 gallery-size-medium'><dl class='gallery-item'>\n\t\t\t\t<dt class='gallery-icon landscape'>\n\t\t\t\t\t<img loading=\"lazy\" decoding=\"async\" width=\"300\" height=\"200\" src=\"https:\/\/partners-ltd.com\/wp-content\/uploads\/2020\/08\/3M-Wrap-Series-2080-Matrix-Black_2-300x200.jpg\" class=\"attachment-medium size-medium\" alt=\"3M Wrap Film Series 2080 MX12\" srcset=\"https:\/\/partners-ltd.com\/wp-content\/uploads\/2020\/08\/3M-Wrap-Series-2080-Matrix-Black_2-300x200.jpg 300w, https:\/\/partners-ltd.com\/wp-content\/uploads\/2020\/08\/3M-Wrap-Series-2080-Matrix-Black_2-768x512.jpg 768w, https:\/\/partners-ltd.com\/wp-content\/uploads\/2020\/08\/3M-Wrap-Series-2080-Matrix-Black_2-1024x683.jpg 1024w, https:\/\/partners-ltd.com\/wp-content\/uploads\/2020\/08\/3M-Wrap-Series-2080-Matrix-Black_2-425x283.jpg 425w, https:\/\/partners-ltd.com\/wp-content\/uploads\/2020\/08\/3M-Wrap-Series-2080-Matrix-Black_2.jpg 2016w\" sizes=\"(max-width: 300px) 100vw, 300px\" \/>\n\t\t\t\t<\/dt><\/dl><dl class='gallery-item'>\n\t\t\t\t<dt class='gallery-icon landscape'>\n\t\t\t\t\t<img loading=\"lazy\" decoding=\"async\" width=\"300\" height=\"200\" src=\"https:\/\/partners-ltd.com\/wp-content\/uploads\/2020\/08\/3M-Wrap-Series-2080-Matrix-Black_1-300x200.jpg\" class=\"attachment-medium size-medium\" alt=\"3M Wrap Film Series 2080 MX12\" srcset=\"https:\/\/partners-ltd.com\/wp-content\/uploads\/2020\/08\/3M-Wrap-Series-2080-Matrix-Black_1-300x200.jpg 300w, https:\/\/partners-ltd.com\/wp-content\/uploads\/2020\/08\/3M-Wrap-Series-2080-Matrix-Black_1-768x512.jpg 768w, https:\/\/partners-ltd.com\/wp-content\/uploads\/2020\/08\/3M-Wrap-Series-2080-Matrix-Black_1-1024x683.jpg 1024w, https:\/\/partners-ltd.com\/wp-content\/uploads\/2020\/08\/3M-Wrap-Series-2080-Matrix-Black_1-425x283.jpg 425w, https:\/\/partners-ltd.com\/wp-content\/uploads\/2020\/08\/3M-Wrap-Series-2080-Matrix-Black_1.jpg 2016w\" sizes=\"(max-width: 300px) 100vw, 300px\" \/>\n\t\t\t\t<\/dt><\/dl><dl class='gallery-item'>\n\t\t\t\t<dt class='gallery-icon landscape'>\n\t\t\t\t\t<img loading=\"lazy\" decoding=\"async\" width=\"300\" height=\"200\" src=\"https:\/\/partners-ltd.com\/wp-content\/uploads\/2020\/08\/3M_2080_Black_Matrix-300x200.jpg\" class=\"attachment-medium size-medium\" alt=\"3M Wrap Film Series 2080 MX12\" srcset=\"https:\/\/partners-ltd.com\/wp-content\/uploads\/2020\/08\/3M_2080_Black_Matrix-300x200.jpg 300w, https:\/\/partners-ltd.com\/wp-content\/uploads\/2020\/08\/3M_2080_Black_Matrix-768x512.jpg 768w, https:\/\/partners-ltd.com\/wp-content\/uploads\/2020\/08\/3M_2080_Black_Matrix-425x283.jpg 425w, https:\/\/partners-ltd.com\/wp-content\/uploads\/2020\/08\/3M_2080_Black_Matrix.jpg 960w\" sizes=\"(max-width: 300px) 100vw, 300px\" \/>\n\t\t\t\t<\/dt><\/dl><br style=\"clear: both\" \/>\n\t\t\t<\/div>\n\n<h2><\/h2>\n<h2>Extensibilitate \u0219i flexibilitate mai mare<\/h2>\n<p><strong>3M Car Wrap Film 2080<\/strong> are tehnologii inovatoare care permit o aplicare u\u0219oar\u0103, de \u00eenalt\u0103 calitate \u0219i durabil\u0103. \u00centinderea \u00eembun\u0103t\u0103\u021bit\u0103 ajut\u0103 filmul s\u0103 adere chiar \u0219i la cele mai complexe \u0219i profunde curbe 3D ale ma\u0219inii \u0219i, de asemenea, faciliteaz\u0103 instalarea pe vreme rece. Folia auto de la 3M Car Wrap Film 2080 are un alt avantaj \u2013 o suprafa\u021b\u0103 special tratat\u0103 anti-poluare. Datorit\u0103 energiei sale sc\u0103zute de suprafa\u021b\u0103, pelicula nu re\u021bine murd\u0103ria, iar ma\u0219ina ta se cur\u0103\u021b\u0103 practic singur\u0103. Tehnologia inovatoare aminte\u0219te de nanowax &#8211; un polimer lichid care creeaz\u0103 un strat protector, rezult\u00e2nd \u00een impermeabilitate.<\/p>\n<h2>Stabilitate excelent\u0103 a adezivului<\/h2>\n<p>Dup\u0103 lipire, rezisten\u021ba ader\u0103rii cre\u0219te \u00een c\u00e2teva ore. Cu toate acestea, folia de automobile din seria 3M 2080 poate fi \u00eendep\u0103rtat\u0103 f\u0103r\u0103 a l\u0103sa reziduuri pe ma\u0219ina dvs., chiar \u0219i ani mai t\u00e2rziu. Seria <strong>3M Car Wrap Film 2080<\/strong> garanteaz\u0103 rezisten\u021ba \u0219i rezisten\u021ba instal\u0103rii chiar \u0219i asupra detaliilor vulnerabile &#8211; marginile u\u0219ilor \u0219i aripilor, capacul frontal \u0219i bara de protec\u021bie.<\/p>\n<p><strong>Aten\u021bie<\/strong>: Dup\u0103 lipirea cu 3M Car Wrap Film 2080, tehnologia nu permite lipirea unei alte folii pe suprafa\u021ba deja lipit\u0103.[\/vc_column_text][\/vc_column][\/vc_row][vc_row css=&#8221;.vc_custom_1700226622608{margin-bottom: 10px !important;border-top-width: 1px !important;border-right-width: 1px !important;border-bottom-width: 1px !important;border-left-width: 1px !important;border-left-color: #e8e8e8 !important;border-left-style: dotted !important;border-right-color: #e8e8e8 !important;border-right-style: dotted !important;border-top-color: #e8e8e8 !important;border-top-style: dotted !important;border-bottom-color: #e8e8e8 !important;border-bottom-style: dotted !important;border-radius: 1px !important;}&#8221;][vc_column width=&#8221;1\/2&#8243;]<div class=\"standard-arrow list-divider bullet-top\"><ul>\n<li>potrivit pentru denivel\u0103ri \u0219i curbe 3D ad\u00e2nci<\/li>\n<li>Sistem Comply\u2122 pentru lipirea uscat\u0103 cu canalele din stratul adeziv pentru a elimina aerul<\/li>\n<li>Controltac\u2122 creeaz\u0103 repozi\u021bionabilitate<\/li>\n<li>suprafata special tratat\u0103- anti-poluare<\/li>\n<li>interval larg de temperatur\u0103 de func\u021bionare de la -53\u00b0C la +107\u00b0C<\/li>\n<\/ul>\n<\/div>[\/vc_column][vc_column width=&#8221;1\/2&#8243;]<style type=\"text\/css\" data-type=\"the7_shortcodes-inline-css\">.shortcode-single-image-wrap.shortcode-single-image-b705ac02cdb08eea9c81469a20d15545.enable-bg-rollover .rollover i,\n.shortcode-single-image-wrap.shortcode-single-image-b705ac02cdb08eea9c81469a20d15545.enable-bg-rollover .rollover-video i {\n  background: -webkit-linear-gradient();\n  background: linear-gradient();\n}\n.shortcode-single-image-wrap.shortcode-single-image-b705ac02cdb08eea9c81469a20d15545 .rollover-icon {\n  font-size: 32px;\n  color: #ffffff;\n  min-width: 44px;\n  min-height: 44px;\n  line-height: 44px;\n  border-radius: 100px;\n  border-style: solid;\n  border-width: 0px;\n}\n.dt-icon-bg-on.shortcode-single-image-wrap.shortcode-single-image-b705ac02cdb08eea9c81469a20d15545 .rollover-icon {\n  background: rgba(255,255,255,0.3);\n  box-shadow: none;\n}\n<\/style><div class=\"shortcode-single-image-wrap shortcode-single-image-b705ac02cdb08eea9c81469a20d15545 alignnone shortcode-single-video  enable-bg-rollover dt-icon-bg-off\" style=\"margin-top:0px; margin-bottom:0px; margin-left:0px; margin-right:0px; width:480px;\"><div class=\"shortcode-single-image\"><div class=\"fancy-media-wrap\" style=\"\"><iframe loading=\"lazy\" title=\"3M\u2122 Wrap Film Series 2080. Leading the Way - Again.\" width=\"480\" height=\"270\" src=\"https:\/\/www.youtube.com\/embed\/NS995OM1_sk?feature=oembed\" frameborder=\"0\" allow=\"accelerometer; autoplay; clipboard-write; encrypted-media; gyroscope; picture-in-picture; web-share\" allowfullscreen><\/iframe><\/div><\/div><\/div>[\/vc_column][\/vc_row][vc_row css=&#8221;.vc_custom_1532072267931{border-top-width: 1px !important;border-right-width: 1px !important;border-bottom-width: 1px !important;border-left-width: 1px !important;padding-right: 10px !important;padding-bottom: 20px !important;padding-left: 10px !important;border-left-color: #e2e2e2 !important;border-left-style: dotted !important;border-right-color: #e2e2e2 !important;border-right-style: dotted !important;border-top-color: #e2e2e2 !important;border-top-style: dotted !important;border-bottom-color: #e2e2e2 !important;border-bottom-style: dotted !important;border-radius: 1px !important;}&#8221;][vc_column]<div id=\"ultimate-heading-729869d5560fc910e\" class=\"uvc-heading ult-adjust-bottom-margin ultimate-heading-729869d5560fc910e uvc-3437 \" data-hspacer=\"no_spacer\"  data-halign=\"left\" style=\"text-align:left\"><div class=\"uvc-heading-spacer no_spacer\" style=\"top\"><\/div><div class=\"uvc-main-heading ult-responsive\"  data-ultimate-target='.uvc-heading.ultimate-heading-729869d5560fc910e h3'  data-responsive-json-new='{\"font-size\":\"desktop:24px;\",\"line-height\":\"desktop:34px;\"}' ><h3 style=\"--font-weight:theme;margin-bottom:20px;\">Documente:<\/h3><\/div><\/div>[vc_column_text]Buletin de produs \u0219i informa\u021bii utile pentru 3M Wrap Film Series 2080.[\/vc_column_text][vc_row_inner gap=&#8221;15&#8243;][vc_column_inner width=&#8221;1\/3&#8243;][vc_column_text]<\/p>\n<p style=\"text-align: center;\">Buletinul de produse<\/p>\n<p>[\/vc_column_text][vc_single_image image=&#8221;21678&#8243; alignment=&#8221;center&#8221; style=&#8221;vc_box_border&#8221; onclick=&#8221;custom_link&#8221; img_link_target=&#8221;_blank&#8221; link=&#8221;\/wp-content\/uploads\/2020\/08\/3M-2080-Wrap-Series-Product-Bulletin_2019_11.pdf&#8221;]<style type=\"text\/css\" data-type=\"the7_shortcodes-inline-css\">#default-btn-2399c6e7b1d1acaf50e24beb148d30c6.ico-right-side > i {\n  margin-right: 0px;\n  margin-left: 8px;\n}\n#default-btn-2399c6e7b1d1acaf50e24beb148d30c6 > i {\n  margin-right: 8px;\n}\n<\/style><div class=\"btn-align-center\"><a href=\"\/wp-content\/uploads\/2020\/08\/3M-2080-Wrap-Series-Product-Bulletin_2019_11.pdf\" class=\"default-btn-shortcode dt-btn dt-btn-s link-hover-off \" target=\"_blank\" id=\"default-btn-2399c6e7b1d1acaf50e24beb148d30c6\" rel=\"noopener\"><i class=\"fas fa-download\"><\/i><span>Desc\u0103rca\u021bi PDF<\/span><\/a><\/div>[\/vc_column_inner][vc_column_inner width=&#8221;1\/3&#8243;][vc_column_text]<\/p>\n<p style=\"text-align: center;\">\u00cengrijirea ma\u0219inii<\/p>\n<p>[\/vc_column_text][vc_single_image image=&#8221;21693&#8243; alignment=&#8221;center&#8221; style=&#8221;vc_box_border&#8221; onclick=&#8221;custom_link&#8221; img_link_target=&#8221;_blank&#8221; link=&#8221;\/wp-content\/uploads\/2020\/08\/3M-2080-Wrap-Series_FAQ_Vehicle_Care.pdf&#8221;]<style type=\"text\/css\" data-type=\"the7_shortcodes-inline-css\">#default-btn-8eece94492ff2e37927e1f8cf96290a3.ico-right-side > i {\n  margin-right: 0px;\n  margin-left: 8px;\n}\n#default-btn-8eece94492ff2e37927e1f8cf96290a3 > i {\n  margin-right: 8px;\n}\n<\/style><div class=\"btn-align-center\"><a href=\"\/wp-content\/uploads\/2020\/08\/3M-2080-Wrap-Series_FAQ_Vehicle_Care.pdf\" class=\"default-btn-shortcode dt-btn dt-btn-s link-hover-off \" target=\"_blank\" id=\"default-btn-8eece94492ff2e37927e1f8cf96290a3\" rel=\"noopener\"><i class=\"fas fa-download\"><\/i><span>Desc\u0103rca\u021bi PDF<\/span><\/a><\/div>[\/vc_column_inner][vc_column_inner width=&#8221;1\/3&#8243;][vc_column_text]<\/p>\n<p style=\"text-align: center;\">Gam\u0103 de culori<\/p>\n<p>[\/vc_column_text][vc_single_image image=&#8221;21681&#8243; alignment=&#8221;center&#8221; style=&#8221;vc_box_border&#8221; onclick=&#8221;custom_link&#8221; img_link_target=&#8221;_blank&#8221; link=&#8221;\/wp-content\/uploads\/2020\/08\/3M-2080-Wrap-Series-Colour-Assortiment.pdf&#8221;]<style type=\"text\/css\" data-type=\"the7_shortcodes-inline-css\">#default-btn-0752ee84adfabf9feb40353954b73e13.ico-right-side > i {\n  margin-right: 0px;\n  margin-left: 8px;\n}\n#default-btn-0752ee84adfabf9feb40353954b73e13 > i {\n  margin-right: 8px;\n}\n<\/style><div class=\"btn-align-center\"><a href=\"\/wp-content\/uploads\/2020\/08\/3M-2080-Wrap-Series-Colour-Assortiment.pdf\" class=\"default-btn-shortcode dt-btn dt-btn-s link-hover-off \" target=\"_blank\" id=\"default-btn-0752ee84adfabf9feb40353954b73e13\" rel=\"noopener\"><i class=\"fas fa-download\"><\/i><span>Desc\u0103rca\u021bi PDF<\/span><\/a><\/div>[\/vc_column_inner][\/vc_row_inner][\/vc_column][\/vc_row]<\/p>\n<\/div>","protected":false},"excerpt":{"rendered":"<p>3M Wrap Film Series 2080 MX12 &#8211; \u201eBlack Matrix\u201d este o pelicul\u0103 neagr\u0103 cu o textur\u0103 care creeaz\u0103 efectul de profunzime \u0219i imaginea non-standard a unei ma\u0219ini din material textil. Extravagant, atr\u0103g\u0103tor \u0219i complet mat, acest produs te va face s\u0103 fii recunoscut pe drum.<\/p>\n<table class=\"md-cstyl\">\n<tbody>\n<tr>\n<th colspan=\"3\">Prices and discounts:<\/th>\n<\/tr>\n<tr>\n<td>up to 3 m<sup>2<\/sup><\/td>\n<td>above 3m<sup>2<\/sup><\/td>\n<\/tr>\n<tr>\n<td><strong>63.78 EUR. \/ m<sup>2<\/sup><\/strong><\/td>\n<td><strong>55.19\u00a0 EUR \/ m<sup>2<\/sup><\/strong><\/td>\n<\/tr>\n<\/tbody>\n<\/table>\n","protected":false},"featured_media":21831,"comment_status":"open","ping_status":"closed","template":"","meta":[],"product_cat":[2662],"product_tag":[],"_links":{"self":[{"href":"https:\/\/partners-ltd.com\/ro\/wp-json\/wp\/v2\/product\/33437"}],"collection":[{"href":"https:\/\/partners-ltd.com\/ro\/wp-json\/wp\/v2\/product"}],"about":[{"href":"https:\/\/partners-ltd.com\/ro\/wp-json\/wp\/v2\/types\/product"}],"replies":[{"embeddable":true,"href":"https:\/\/partners-ltd.com\/ro\/wp-json\/wp\/v2\/comments?post=33437"}],"wp:featuredmedia":[{"embeddable":true,"href":"https:\/\/partners-ltd.com\/ro\/wp-json\/wp\/v2\/media\/21831"}],"wp:attachment":[{"href":"https:\/\/partners-ltd.com\/ro\/wp-json\/wp\/v2\/media?parent=33437"}],"wp:term":[{"taxonomy":"product_cat","embeddable":true,"href":"https:\/\/partners-ltd.com\/ro\/wp-json\/wp\/v2\/product_cat?post=33437"},{"taxonomy":"product_tag","embeddable":true,"href":"https:\/\/partners-ltd.com\/ro\/wp-json\/wp\/v2\/product_tag?post=33437"}],"curies":[{"name":"wp","href":"https:\/\/api.w.org\/{rel}","templated":true}]}}