{"id":33417,"date":"2021-02-11T14:43:30","date_gmt":"2021-02-11T12:43:30","guid":{"rendered":"https:\/\/partners-ltd.com\/?post_type=product&#038;p=33417"},"modified":"2026-04-08T16:19:03","modified_gmt":"2026-04-08T13:19:03","slug":"3m-wrap-overlaminate-8900","status":"publish","type":"product","link":"https:\/\/partners-ltd.com\/ro\/e-shop\/3m-folie-tuning-auto\/folie-carbon\/3m-wrap-overlaminate-8900\/","title":{"rendered":"3M Wrap Overlaminate 8900"},"content":{"rendered":"<div class=\"wpb-content-wrapper\"><p>[vc_row css=&#8221;.vc_custom_1613047400248{margin-bottom: 20px !important;border-top-width: 1px !important;border-right-width: 1px !important;border-bottom-width: 1px !important;border-left-width: 1px !important;padding-right: 10px !important;padding-left: 10px !important;border-left-color: #e2e2e2 !important;border-left-style: solid !important;border-right-color: #e2e2e2 !important;border-right-style: solid !important;border-top-color: #e2e2e2 !important;border-top-style: solid !important;border-bottom-color: #e2e2e2 !important;border-bottom-style: solid !important;border-radius: 1px !important;}&#8221;][vc_column]<div id=\"ultimate-heading-670169e1b7504e7a2\" class=\"uvc-heading ult-adjust-bottom-margin ultimate-heading-670169e1b7504e7a2 uvc-3022  uvc-heading-default-font-sizes\" data-hspacer=\"no_spacer\"  data-halign=\"left\" style=\"text-align:left\"><div class=\"uvc-heading-spacer no_spacer\" style=\"top\"><\/div><div class=\"uvc-main-heading ult-responsive\"  data-ultimate-target='.uvc-heading.ultimate-heading-670169e1b7504e7a2 h3'  data-responsive-json-new='{\"font-size\":\"\",\"line-height\":\"\"}' ><h3 style=\"--font-weight:theme;\">Posibilitati nelimitate si calitate<\/h3><\/div><\/div>[vc_empty_space height=&#8221;22px&#8221;][vc_column_text]<strong>3M Wrap Overlaminate 8900<\/strong> este un laminat PVC turnat incolor cu o textur\u0103 de carbon 3D. Con\u021bine un adeziv permanent transparent, sensibil la presiune, care ader\u0103 perfect la folie colorat\u0103 sau imprimat\u0103. Cu textura sa profund\u0103 3D, produsul recreeaz\u0103 cu succes aspectul carbonului real.<\/p>\n<p>Combinat cu paleta bogat\u0103 de folii auto, ai posibilitatea de a crea un design unic \u0219i autentic pentru ma\u0219ina sau barca ta. 3M Wrap Overlaminate 8900 este rezistent la ap\u0103, sare, substan\u021be chimice cu rezisten\u021b\u0103 medie \u0219i are o gam\u0103 larg\u0103 de temperaturi de la -54C la +107C grade.<\/p>\n<p>Laminatul este potrivit pentru lipire complet\u0103 sau par\u021bial\u0103. Este folosit pentru uz extern \u0219i intern. Creeaz\u0103 un accent luxos care \u00eei va face pe oameni s\u0103 se \u00eentoarc\u0103 dup\u0103 tine.[\/vc_column_text][\/vc_column][\/vc_row][vc_row css=&#8221;.vc_custom_1613048290562{margin-bottom: 20px !important;border-top-width: 1px !important;border-right-width: 1px !important;border-bottom-width: 1px !important;border-left-width: 1px !important;border-left-color: #e2e2e2 !important;border-left-style: solid !important;border-right-color: #e2e2e2 !important;border-right-style: solid !important;border-top-color: #e2e2e2 !important;border-top-style: solid !important;border-bottom-color: #e2e2e2 !important;border-bottom-style: solid !important;border-radius: 1px !important;}&#8221;][vc_column width=&#8221;1\/2&#8243;]<div class=\"standard-arrow list-divider bullet-top\"><ul>\n<li>Textura profund\u0103 de carbon 3D<\/li>\n<li>Aplicare pe folie colorat\u0103 sau imprimat\u0103<\/li>\n<li>Adeziv incolor, permanent<\/li>\n<li>\u00centindere p\u00e2n\u0103 la 130%<\/li>\n<li>Rezistent la ap\u0103, sare \u0219i substan\u021be chimice cu rezisten\u021b\u0103 medie<\/li>\n<li>Gam\u0103 larg\u0103 de temperatur\u0103 de func\u021bionare de la -54\u00b0C la +107\u00b0C<\/li>\n<\/ul>\n<\/div>[\/vc_column][vc_column width=&#8221;1\/2&#8243;]<style type=\"text\/css\" data-type=\"the7_shortcodes-inline-css\">.shortcode-single-image-wrap.shortcode-single-image-5e7d2a6b51d54b2ab7db8711ef885846.enable-bg-rollover .rollover i,\n.shortcode-single-image-wrap.shortcode-single-image-5e7d2a6b51d54b2ab7db8711ef885846.enable-bg-rollover .rollover-video i {\n  background: -webkit-linear-gradient();\n  background: linear-gradient();\n}\n.shortcode-single-image-wrap.shortcode-single-image-5e7d2a6b51d54b2ab7db8711ef885846 .rollover-icon {\n  font-size: 32px;\n  color: #ffffff;\n  min-width: 44px;\n  min-height: 44px;\n  line-height: 44px;\n  border-radius: 100px;\n  border-style: solid;\n  border-width: 0px;\n}\n.dt-icon-bg-on.shortcode-single-image-wrap.shortcode-single-image-5e7d2a6b51d54b2ab7db8711ef885846 .rollover-icon {\n  background: rgba(255,255,255,0.3);\n  box-shadow: none;\n}\n<\/style><div class=\"shortcode-single-image-wrap shortcode-single-image-5e7d2a6b51d54b2ab7db8711ef885846 alignnone  enable-bg-rollover dt-icon-bg-off\" style=\"margin-top:0px; margin-bottom:0px; margin-left:0px; margin-right:0px; width:430px;\"><div class=\"shortcode-single-image\"><div class=\"fancy-media-wrap\" style=\"\"><a href=\"\" class=\" layzr-bg rollover\" style=\"\" aria-label=\"Image\"><img fetchpriority=\"high\" decoding=\"async\" class=\"preload-me lazy-load aspect\" src=\"data:image\/svg+xml,%3Csvg%20xmlns%3D&#39;http%3A%2F%2Fwww.w3.org%2F2000%2Fsvg&#39;%20viewBox%3D&#39;0%200%20430%20286&#39;%2F%3E\" data-src=\"https:\/\/partners-ltd.com\/wp-content\/uploads\/2021\/02\/3M-Wrap-Overlaminate-8900-Carbon-Fiber-Clear-430x286.jpg\" data-srcset=\"https:\/\/partners-ltd.com\/wp-content\/uploads\/2021\/02\/3M-Wrap-Overlaminate-8900-Carbon-Fiber-Clear-430x286.jpg 430w, https:\/\/partners-ltd.com\/wp-content\/uploads\/2021\/02\/3M-Wrap-Overlaminate-8900-Carbon-Fiber-Clear-705x468.jpg 705w\" loading=\"eager\" style=\"--ratio: 430 \/ 286\" sizes=\"(max-width: 430px) 100vw, 430px\" width=\"430\" height=\"286\"  data-dt-location=\"https:\/\/partners-ltd.com\/ro\/?attachment_id=24740\" alt=\"3M Wrap Overlaminate 8900 Carbon Fiber Clear - \u043f\u0440\u043e\u0437\u0440\u0430\u0447\u0435\u043d \u043a\u0430\u0440\u0431\u043e\u043d, \u043b\u0430\u043c\u0438\u043d\u0430\u0442\" \/><\/a><\/div><\/div><\/div>[vc_empty_space][\/vc_column][\/vc_row][vc_row css=&#8221;.vc_custom_1613047390463{border-top-width: 1px !important;border-right-width: 1px !important;border-bottom-width: 1px !important;border-left-width: 1px !important;padding-right: 10px !important;padding-bottom: 20px !important;padding-left: 10px !important;border-left-color: #e2e2e2 !important;border-left-style: solid !important;border-right-color: #e2e2e2 !important;border-right-style: solid !important;border-top-color: #e2e2e2 !important;border-top-style: solid !important;border-bottom-color: #e2e2e2 !important;border-bottom-style: solid !important;border-radius: 1px !important;}&#8221;][vc_column]<div id=\"ultimate-heading-463869e1b7504f8dc\" class=\"uvc-heading ult-adjust-bottom-margin ultimate-heading-463869e1b7504f8dc uvc-3758 \" data-hspacer=\"no_spacer\"  data-halign=\"left\" style=\"text-align:left\"><div class=\"uvc-heading-spacer no_spacer\" style=\"top\"><\/div><div class=\"uvc-main-heading ult-responsive\"  data-ultimate-target='.uvc-heading.ultimate-heading-463869e1b7504f8dc h3'  data-responsive-json-new='{\"font-size\":\"desktop:24px;\",\"line-height\":\"desktop:34px;\"}' ><h3 style=\"--font-weight:theme;\">Documents:<\/h3><\/div><\/div>[vc_column_text]Buletin de produs \u0219i informa\u021bii utile pentru 3M Wrap Overlaminate 8900[\/vc_column_text][vc_row_inner gap=&#8221;15&#8243;][vc_column_inner width=&#8221;1\/3&#8243;][vc_column_text]<\/p>\n<p style=\"text-align: center;\">Buletinul de produse<\/p>\n<p>[\/vc_column_text][vc_single_image image=&#8221;24751&#8243; alignment=&#8221;center&#8221; style=&#8221;vc_box_border&#8221; onclick=&#8221;custom_link&#8221; img_link_target=&#8221;_blank&#8221; link=&#8221;\/wp-content\/uploads\/2021\/02\/Product_Bulletin_8900.pdf&#8221;]<style type=\"text\/css\" data-type=\"the7_shortcodes-inline-css\">#default-btn-1673c0d27276a5891a9fe5b05f82741b.ico-right-side > i {\n  margin-right: 0px;\n  margin-left: 8px;\n}\n#default-btn-1673c0d27276a5891a9fe5b05f82741b > i {\n  margin-right: 8px;\n}\n<\/style><div class=\"btn-align-center\"><a href=\"\/wp-content\/uploads\/2021\/02\/Product_Bulletin_8900.pdf\" class=\"default-btn-shortcode dt-btn dt-btn-s link-hover-off \" target=\"_blank\" id=\"default-btn-1673c0d27276a5891a9fe5b05f82741b\" rel=\"noopener\"><i class=\"fas fa-download\"><\/i><span>Desc\u0103rca\u021bi PDF<\/span><\/a><\/div>[\/vc_column_inner][vc_column_inner width=&#8221;1\/3&#8243;][vc_column_text]<\/p>\n<p style=\"text-align: center;\">Informa\u021bii suplimentare<\/p>\n<p>[\/vc_column_text][vc_single_image image=&#8221;24757&#8243; alignment=&#8221;center&#8221; style=&#8221;vc_box_border&#8221; onclick=&#8221;custom_link&#8221; img_link_target=&#8221;_blank&#8221; link=&#8221;\/wp-content\/uploads\/2021\/02\/3M-Wrap-Overlaminate-8900-Product-Line.pdf&#8221;]<style type=\"text\/css\" data-type=\"the7_shortcodes-inline-css\">#default-btn-da74076f49a43d9a23ad9cbb9f5e961a.ico-right-side > i {\n  margin-right: 0px;\n  margin-left: 8px;\n}\n#default-btn-da74076f49a43d9a23ad9cbb9f5e961a > i {\n  margin-right: 8px;\n}\n<\/style><div class=\"btn-align-center\"><a href=\"\/wp-content\/uploads\/2021\/02\/3M-Wrap-Overlaminate-8900-Product-Line.pdf\" class=\"default-btn-shortcode dt-btn dt-btn-s link-hover-off \" target=\"_blank\" id=\"default-btn-da74076f49a43d9a23ad9cbb9f5e961a\" rel=\"noopener\"><i class=\"fas fa-download\"><\/i><span>Desc\u0103rca\u021bi PDF<\/span><\/a><\/div>[\/vc_column_inner][vc_column_inner width=&#8221;1\/3&#8243;][vc_column_text]<\/p>\n<p style=\"text-align: center;\">Catalog 3M Car Wrap 2080<\/p>\n<p>[\/vc_column_text][vc_single_image image=&#8221;21681&#8243; alignment=&#8221;center&#8221; style=&#8221;vc_box_border&#8221; onclick=&#8221;custom_link&#8221; img_link_target=&#8221;_blank&#8221; link=&#8221;\/wp-content\/uploads\/2020\/08\/3M-2080-Wrap-Series-Colour-Assortiment.pdf&#8221;]<style type=\"text\/css\" data-type=\"the7_shortcodes-inline-css\">#default-btn-0752ee84adfabf9feb40353954b73e13.ico-right-side > i {\n  margin-right: 0px;\n  margin-left: 8px;\n}\n#default-btn-0752ee84adfabf9feb40353954b73e13 > i {\n  margin-right: 8px;\n}\n<\/style><div class=\"btn-align-center\"><a href=\"\/wp-content\/uploads\/2020\/08\/3M-2080-Wrap-Series-Colour-Assortiment.pdf\" class=\"default-btn-shortcode dt-btn dt-btn-s link-hover-off \" target=\"_blank\" id=\"default-btn-0752ee84adfabf9feb40353954b73e13\" rel=\"noopener\"><i class=\"fas fa-download\"><\/i><span>Desc\u0103rca\u021bi PDF<\/span><\/a><\/div>[\/vc_column_inner][\/vc_row_inner][\/vc_column][\/vc_row]<\/p>\n<\/div>","protected":false},"excerpt":{"rendered":"<p>3M Wrap Overlaminate 8900 este un laminat PVC turnat incolor cu o textur\u0103 de carbon 3D. Con\u021bine un adeziv permanent transparent, sensibil la presiune, care ader\u0103 perfect la folie colorat\u0103 sau imprimat\u0103. Produsul recreeaz\u0103 cu succes aspectul de carbon real. Potrivit pentru uz extern \u0219i intern.<\/p>\n<table class=\"md-cstyl\">\n<tbody>\n<tr>\n<th colspan=\"3\">Preturi si reduceri de cantitate:<\/th>\n<\/tr>\n<tr>\n<td>p\u00e2n\u0103 la 3m<sup>2<\/sup><\/td>\n<td>peste 3m<sup>2<\/sup><\/td>\n<\/tr>\n<tr>\n<td><strong>67.98 eur \/m<sup>2<\/sup><\/strong><\/td>\n<td><strong>58.98 eur \/ m<sup>2<\/sup><\/strong><\/td>\n<\/tr>\n<\/tbody>\n<\/table>\n","protected":false},"featured_media":24748,"comment_status":"open","ping_status":"closed","template":"","meta":[],"product_cat":[1853,2658],"product_tag":[],"_links":{"self":[{"href":"https:\/\/partners-ltd.com\/ro\/wp-json\/wp\/v2\/product\/33417"}],"collection":[{"href":"https:\/\/partners-ltd.com\/ro\/wp-json\/wp\/v2\/product"}],"about":[{"href":"https:\/\/partners-ltd.com\/ro\/wp-json\/wp\/v2\/types\/product"}],"replies":[{"embeddable":true,"href":"https:\/\/partners-ltd.com\/ro\/wp-json\/wp\/v2\/comments?post=33417"}],"wp:featuredmedia":[{"embeddable":true,"href":"https:\/\/partners-ltd.com\/ro\/wp-json\/wp\/v2\/media\/24748"}],"wp:attachment":[{"href":"https:\/\/partners-ltd.com\/ro\/wp-json\/wp\/v2\/media?parent=33417"}],"wp:term":[{"taxonomy":"product_cat","embeddable":true,"href":"https:\/\/partners-ltd.com\/ro\/wp-json\/wp\/v2\/product_cat?post=33417"},{"taxonomy":"product_tag","embeddable":true,"href":"https:\/\/partners-ltd.com\/ro\/wp-json\/wp\/v2\/product_tag?post=33417"}],"curies":[{"name":"wp","href":"https:\/\/api.w.org\/{rel}","templated":true}]}}