{"id":32801,"date":"2020-11-25T17:00:42","date_gmt":"2020-11-25T15:00:42","guid":{"rendered":"https:\/\/partners-ltd.com\/?post_type=product&#038;p=32801"},"modified":"2026-04-29T10:12:08","modified_gmt":"2026-04-29T07:12:08","slug":"title-3m-wrap-film-series-2080-g12-folie-neagra-lucioasa","status":"publish","type":"product","link":"https:\/\/partners-ltd.com\/ro\/e-shop\/3m-folie-tuning-auto\/culori-luciu\/title-3m-wrap-film-series-2080-g12-folie-neagra-lucioasa\/","title":{"rendered":"3M Wrap Film Series 2080 G12 \u2013 folie neagr\u0103 lucioas\u0103"},"content":{"rendered":"<div class=\"wpb-content-wrapper\"><p>[vc_row css=&#8221;.vc_custom_1532072282826{margin-bottom: 20px !important;border-top-width: 1px !important;border-right-width: 1px !important;border-bottom-width: 1px !important;border-left-width: 1px !important;padding-right: 10px !important;padding-left: 10px !important;border-left-color: #e2e2e2 !important;border-left-style: dotted !important;border-right-color: #e2e2e2 !important;border-right-style: dotted !important;border-top-color: #e2e2e2 !important;border-top-style: dotted !important;border-bottom-color: #e2e2e2 !important;border-bottom-style: dotted !important;border-radius: 1px !important;}&#8221;][vc_column]<div id=\"ultimate-heading-875369f283bda187e\" class=\"uvc-heading ult-adjust-bottom-margin ultimate-heading-875369f283bda187e uvc-9383 \" data-hspacer=\"no_spacer\"  data-halign=\"left\" style=\"text-align:left\"><div class=\"uvc-heading-spacer no_spacer\" style=\"top\"><\/div><div class=\"uvc-main-heading ult-responsive\"  data-ultimate-target='.uvc-heading.ultimate-heading-875369f283bda187e h2'  data-responsive-json-new='{\"font-size\":\"desktop:28px;\",\"line-height\":\"desktop:38px;\"}' ><h2 style=\"--font-weight:theme;margin-bottom:20px;\">3M Wrap Film 2080 - folie neagr\u0103 lucioas\u0103 pentru colantarea complet\u0103 sau par\u021bial\u0103 a ma\u0219inilor<\/h2><\/div><\/div>[vc_column_text]Folia turnat\u0103 dubl\u0103 de \u00eenalt\u0103 calitate pentru ambalarea ma\u0219inilor este o versiune nou\u0103, \u00eembun\u0103t\u0103\u021bit\u0103 a foliei <strong>3M 1080<\/strong>, care \u00eendepline\u0219te cele mai \u00eenalte cerin\u021be pentru colantarea complet\u0103 a ma\u0219inilor. Extrem de flexibil, permi\u021b\u00e2nd aplicarea u\u0219oar\u0103 \u0219i rapid\u0103, chiar \u0219i a celor mai <strong>complexe curbe 3D.<\/strong><\/p>\n<p><strong>3M 2080-G12<\/strong>, precum \u0219i toate celelalte culori lucioase ale seriei 3M 2080, au un strat protector suplimentar (complet transparent) care protejeaz\u0103 suprafa\u021ba \u00eempotriva zg\u00e2rieturilor \u00een timpul aplic\u0103rii. De fapt, folia de protec\u021bie protejeaz\u0103 luciul <strong>3M 2080-G12<\/strong> de urmele l\u0103sate de spatule sau alte unelte \u00een timpul instal\u0103rii. Dup\u0103 instalare, folia de protec\u021bie se \u00eendep\u0103rteaz\u0103 u\u0219or, curat \u0219i rapid, iar ma\u0219ina r\u0103m\u00e2ne cu un aspect lucios perfect. \u00cen acest fel, produsul \u00eendepline\u0219te cerin\u021bele chiar \u0219i ale celor mai preten\u021bio\u0219i clien\u021bi. Iar acest lucru \u00eembun\u0103t\u0103\u021be\u0219te eficien\u021ba muncii instalatorilor \u0219i ace\u0219tia pot fi siguri c\u0103 clien\u021bii lor vor fi mul\u021bumi\u021bi.[\/vc_column_text][vc_column_text css=&#8221;.vc_custom_1696498498031{border-top-width: 30px !important;}&#8221;]<strong><img loading=\"lazy\" decoding=\"async\" class=\"alignleft wp-image-20226\" src=\"https:\/\/partners-ltd.com\/wp-content\/uploads\/2019\/11\/3M-2080_G12-Gloss-Black_Film-Install_01.jpg\" alt=\"Folia 3M 2080-G12 \" width=\"378\" height=\"189\" srcset=\"https:\/\/partners-ltd.com\/wp-content\/uploads\/2019\/11\/3M-2080_G12-Gloss-Black_Film-Install_01.jpg 410w, https:\/\/partners-ltd.com\/wp-content\/uploads\/2019\/11\/3M-2080_G12-Gloss-Black_Film-Install_01-300x150.jpg 300w\" sizes=\"(max-width: 378px) 100vw, 378px\" \/>Folia 3M 2080-G12<\/strong> a fost special dezvoltat\u0103 pentru colantarea complet\u0103 a ma\u0219inilor: cu o adaptabilitate \u0219i mai bun\u0103 la denivel\u0103ri \u0219i curburi 3D, extensibilitate mai mare la instalarea pe vreme rece \u0219i stabilitate excelent\u0103 a adezivului &#8211; f\u0103r\u0103 decojire. Acest lucru garanteaz\u0103 stabilitatea instal\u0103rii pe detaliile vulnerabile &#8211; marginile u\u0219ilor \u0219i aripilor, precum \u0219i \u00een p\u0103r\u021bile cele mai neprotejate ale ma\u0219inii &#8211; capota \u0219i bara de protec\u021bie.[\/vc_column_text][vc_column_text css=&#8221;.vc_custom_1696498520063{border-top-width: 30px !important;}&#8221;]Se utilizeaz\u0103 cea mai recent\u0103 tehnologie de adeziv <strong>Comply\u2122<\/strong> \u0219i <strong>Controltac\u2122 v3<\/strong>, care garanteaz\u0103 o aplicare u\u0219oar\u0103 \u0219i f\u0103r\u0103 cusur pe curbele complexe 3D ale ma\u0219inii. Tehnologia Micro Comply\u2122 are canale de aer complet invizibile pentru o ventila\u021bie mai bun\u0103, urm\u0103rind o aplica\u021bie \u201ef\u0103r\u0103 bule\u201d. \u0218i Controltac\u2122 \u00eempiedic\u0103 adezivul s\u0103 se lipeasc\u0103 de suprafa\u021ba vehiculului p\u00e2n\u0103 c\u00e2nd spatula este \u00a0aplicat\u0103, permi\u021b\u00e2nd repozi\u021bionarea \u00een timpul instal\u0103rii. Post\u00eenc\u0103lzirea (coacerea\/fixarea final\u0103 a foliei deja instalate) este obligatorie pentru rezultate maxime.[\/vc_column_text][vc_row_inner][vc_column_inner width=&#8221;1\/3&#8243;][vc_column_text]<strong>Dimensiunea rolei:<\/strong> 1,52m \u0445 25m[\/vc_column_text][\/vc_column_inner][vc_column_inner width=&#8221;1\/3&#8243;][vc_column_text]<strong>Grosime<\/strong>: 90 microni (fara lipici)[\/vc_column_text][\/vc_column_inner][vc_column_inner width=&#8221;1\/3&#8243;][\/vc_column_inner][\/vc_row_inner][\/vc_column][\/vc_row][vc_row css=&#8221;.vc_custom_1532072379976{margin-bottom: 20px !important;border-top-width: 1px !important;border-right-width: 1px !important;border-bottom-width: 1px !important;border-left-width: 1px !important;padding-right: 10px !important;padding-bottom: 20px !important;padding-left: 10px !important;border-left-color: #e2e2e2 !important;border-left-style: dotted !important;border-right-color: #e2e2e2 !important;border-right-style: dotted !important;border-top-color: #e2e2e2 !important;border-top-style: dotted !important;border-bottom-color: #e2e2e2 !important;border-bottom-style: dotted !important;border-radius: 1px !important;}&#8221;][vc_column width=&#8221;1\/2&#8243;]<div id=\"ultimate-heading-489269f283bda18c1\" class=\"uvc-heading ult-adjust-bottom-margin ultimate-heading-489269f283bda18c1 uvc-7120 \" data-hspacer=\"no_spacer\"  data-halign=\"left\" style=\"text-align:left\"><div class=\"uvc-heading-spacer no_spacer\" style=\"top\"><\/div><div class=\"uvc-main-heading ult-responsive\"  data-ultimate-target='.uvc-heading.ultimate-heading-489269f283bda18c1 h3'  data-responsive-json-new='{\"font-size\":\"desktop:24px;\",\"line-height\":\"desktop:34px;\"}' ><h3 style=\"--font-weight:theme;margin-bottom:20px;\">Principalele caracteristici:<\/h3><\/div><\/div><div class=\"standard-arrow list-divider bullet-top\"><ul>\n<li>potrivit pentru denivel\u0103ri \u0219i curbe 3D ad\u00e2nci<\/li>\n<li>Sistem Comply\u2122 pentru lipirea uscat\u0103 cu canalele din stratul adeziv pentru a elimina aerul<\/li>\n<li>Controltac\u2122 creeaz\u0103 repozi\u021bionabilitate<\/li>\n<\/ul>\n<\/div>[\/vc_column][vc_column width=&#8221;1\/2&#8243;]<div class=\"ult-spacer spacer-69f283bda192d\" data-id=\"69f283bda192d\" data-height=\"54\" data-height-mobile=\"20\" data-height-tab=\"20\" data-height-tab-portrait=\"20\" data-height-mobile-landscape=\"20\" style=\"clear:both;display:block;\"><\/div><div class=\"standard-arrow list-divider bullet-top\"><ul>\n<li>suprafata special tratat\u0103- anti-poluare<\/li>\n<li>interval larg de temperatur\u0103 de func\u021bionare de la -53\u00b0C la +107\u00b0C<\/li>\n<li>durabilitate &#8211; 7 ani pentru aplica\u021bii verticale<\/li>\n<\/ul>\n<\/div>[\/vc_column][\/vc_row][vc_row css=&#8221;.vc_custom_1532072267931{border-top-width: 1px !important;border-right-width: 1px !important;border-bottom-width: 1px !important;border-left-width: 1px !important;padding-right: 10px !important;padding-bottom: 20px !important;padding-left: 10px !important;border-left-color: #e2e2e2 !important;border-left-style: dotted !important;border-right-color: #e2e2e2 !important;border-right-style: dotted !important;border-top-color: #e2e2e2 !important;border-top-style: dotted !important;border-bottom-color: #e2e2e2 !important;border-bottom-style: dotted !important;border-radius: 1px !important;}&#8221;][vc_column]<div id=\"ultimate-heading-390169f283bda196b\" class=\"uvc-heading ult-adjust-bottom-margin ultimate-heading-390169f283bda196b uvc-4454 \" data-hspacer=\"no_spacer\"  data-halign=\"left\" style=\"text-align:left\"><div class=\"uvc-heading-spacer no_spacer\" style=\"top\"><\/div><div class=\"uvc-main-heading ult-responsive\"  data-ultimate-target='.uvc-heading.ultimate-heading-390169f283bda196b h3'  data-responsive-json-new='{\"font-size\":\"desktop:24px;\",\"line-height\":\"desktop:34px;\"}' ><h3 style=\"--font-weight:theme;margin-bottom:20px;\">Documente:<\/h3><\/div><\/div>[vc_column_text]Buletin de produs \u0219i informa\u021bii utile pentru 3M Wrap Film Series 2080.[\/vc_column_text][vc_row_inner gap=&#8221;15&#8243;][vc_column_inner width=&#8221;1\/4&#8243;][vc_column_text]<\/p>\n<p style=\"text-align: center;\">Buletinul de produse<\/p>\n<p>[\/vc_column_text][vc_single_image image=&#8221;20222&#8243; img_size=&#8221;130&#215;180&#8243; alignment=&#8221;center&#8221; style=&#8221;vc_box_outline&#8221;]<style type=\"text\/css\" data-type=\"the7_shortcodes-inline-css\">#default-btn-32739aa0befc51de1076ab1e2c35af29.ico-right-side > i {\n  margin-right: 0px;\n  margin-left: 8px;\n}\n#default-btn-32739aa0befc51de1076ab1e2c35af29 > i {\n  margin-right: 8px;\n}\n<\/style><div class=\"btn-align-center\"><a href=\"\/wp-content\/uploads\/2019\/11\/Product-Bulletin_3M-2080_ver2019.pdf\" class=\"default-btn-shortcode dt-btn dt-btn-s link-hover-off \" target=\"_blank\" id=\"default-btn-32739aa0befc51de1076ab1e2c35af29\" rel=\"noopener\"><i class=\"fas fa-download\"><\/i><span>Desc\u0103rca\u021bi PDF<\/span><\/a><\/div>[\/vc_column_inner][vc_column_inner width=&#8221;3\/4&#8243;]<div class=\"ult-spacer spacer-69f283bda1d69\" data-id=\"69f283bda1d69\" data-height=\"60\" data-height-mobile=\"20\" data-height-tab=\"20\" data-height-tab-portrait=\"20\" data-height-mobile-landscape=\"20\" style=\"clear:both;display:block;\"><\/div>[\/vc_column_inner][\/vc_row_inner][\/vc_column][\/vc_row]<\/p>\n<\/div>","protected":false},"excerpt":{"rendered":"<p>Folie turnat\u0103 dubl\u0103 neagr\u0103 lucioas\u0103 3M 2080-G12 pentru colantarea complet\u0103 sau par\u021bial\u0103 a ma\u0219inilor, cu un strat protector transparent. Dezvoltat cu sistemele adezive Comply\u2122 \u0219i Controltac\u2122 v3 pentru o aplicare mai u\u0219oar\u0103 \u0219i f\u0103r\u0103 cusur pe suprafe\u021be netede sau suprafe\u021be cu curbe 3D complexe.<\/p>\n<table class=\"md-cstyl\">\n<tbody>\n<tr>\n<th colspan=\"3\">Preturi si reduceri de cantitate:<\/th>\n<\/tr>\n<tr>\n<td>p\u00e2n\u0103 la 3m<sup>2<\/sup><\/td>\n<td>peste 3m<sup>2<\/sup><\/td>\n<\/tr>\n<tr>\n<td><strong>40.74 eur \/m<sup>2<\/sup><\/strong><\/td>\n<td><strong>35.46 eur \/ m<sup>2<\/sup><\/strong><\/td>\n<\/tr>\n<\/tbody>\n<\/table>\n","protected":false},"featured_media":20434,"comment_status":"open","ping_status":"closed","template":"","meta":[],"product_cat":[2664],"product_tag":[],"_links":{"self":[{"href":"https:\/\/partners-ltd.com\/ro\/wp-json\/wp\/v2\/product\/32801"}],"collection":[{"href":"https:\/\/partners-ltd.com\/ro\/wp-json\/wp\/v2\/product"}],"about":[{"href":"https:\/\/partners-ltd.com\/ro\/wp-json\/wp\/v2\/types\/product"}],"replies":[{"embeddable":true,"href":"https:\/\/partners-ltd.com\/ro\/wp-json\/wp\/v2\/comments?post=32801"}],"wp:featuredmedia":[{"embeddable":true,"href":"https:\/\/partners-ltd.com\/ro\/wp-json\/wp\/v2\/media\/20434"}],"wp:attachment":[{"href":"https:\/\/partners-ltd.com\/ro\/wp-json\/wp\/v2\/media?parent=32801"}],"wp:term":[{"taxonomy":"product_cat","embeddable":true,"href":"https:\/\/partners-ltd.com\/ro\/wp-json\/wp\/v2\/product_cat?post=32801"},{"taxonomy":"product_tag","embeddable":true,"href":"https:\/\/partners-ltd.com\/ro\/wp-json\/wp\/v2\/product_tag?post=32801"}],"curies":[{"name":"wp","href":"https:\/\/api.w.org\/{rel}","templated":true}]}}