{"id":30942,"date":"2018-08-19T11:50:02","date_gmt":"2018-08-19T08:50:02","guid":{"rendered":"https:\/\/partners-ltd.com\/?post_type=product&#038;p=30942"},"modified":"2025-01-15T11:04:47","modified_gmt":"2025-01-15T09:04:47","slug":"3m-sun-control-window-films-prestige-90-exterior","status":"publish","type":"product","link":"https:\/\/partners-ltd.com\/ro\/e-shop\/3m-folie-geamuri\/folie-protectie-solara-pentru-geamuri\/3m-sun-control-window-films-prestige-90-exterior\/","title":{"rendered":"3M Sun Control Window Films Prestige 90 Exterior"},"content":{"rendered":"<div class=\"wpb-content-wrapper\"><p>[vc_row css=&#8221;.vc_custom_1530878786079{margin-bottom: 20px !important;border-top-width: 1px !important;border-right-width: 1px !important;border-bottom-width: 1px !important;border-left-width: 1px !important;padding-right: 10px !important;padding-left: 10px !important;border-left-color: #e2e2e2 !important;border-left-style: dotted !important;border-right-color: #e2e2e2 !important;border-right-style: dotted !important;border-top-color: #e2e2e2 !important;border-top-style: dotted !important;border-bottom-color: #e2e2e2 !important;border-bottom-style: dotted !important;border-radius: 1px !important;}&#8221;][vc_column]<div id=\"ultimate-heading-911569d2846534a14\" class=\"uvc-heading ult-adjust-bottom-margin ultimate-heading-911569d2846534a14 uvc-4263 \" data-hspacer=\"no_spacer\"  data-halign=\"left\" style=\"text-align:left\"><div class=\"uvc-heading-spacer no_spacer\" style=\"top\"><\/div><div class=\"uvc-main-heading ult-responsive\"  data-ultimate-target='.uvc-heading.ultimate-heading-911569d2846534a14 h2'  data-responsive-json-new='{\"font-size\":\"desktop:28px;\",\"line-height\":\"desktop:38px;\"}' ><h2 style=\"--font-weight:theme;margin-bottom:20px;\">3M Sun Control Window Films Prestige 90 Exterior<\/h2><\/div><\/div>[vc_row_inner][vc_column_inner][vc_column_text]<\/p>\n<h3>Foliile pentru ferestre cu protec\u021bie solar\u0103 de \u00eenalt\u0103 protec\u021bie de la 3M.<\/h3>\n<p>Foliile pentru ferestre cu control solar resping un procent ridicat de energie solar\u0103, ceea ce reduce consumul de energie, f\u0103c\u00e2ndu-le mai eficiente. \u00centre timp, ofer\u0103 o vizibilitate excelent\u0103, reduc str\u0103lucirea pe televizoare \u0219i pe ecranele computerelor. Tehnologia inovatoare 3M garanteaz\u0103 fiabilitatea ridicat\u0103 a culorii foliei \u00een timp.<\/p>\n<p>Seria <strong>Prestige Exterior<\/strong> sunt folii pentru ferestre de \u00eenalt\u0103 calitate, absolut transparente. Proiectat cu sistem stratificat de 42 de straturi nano-poliester, cu carbon transparent care absoarbe lumina \u0219i energia.<\/p>\n<p>Datorit\u0103 structurii sale multistratificate \u0219i tehnologiei inovatoare, aceast\u0103 serie ofer\u0103 protec\u021bie eficient\u0103 la soare, UV \u0219i str\u0103lucire. Construit cu tehnologie nemetalizat\u0103 pentru un serviciu mobil mai bun.[\/vc_column_text][\/vc_column_inner][\/vc_row_inner][\/vc_column][\/vc_row][vc_row css=&#8221;.vc_custom_1681134891501{border-top-width: 1px !important;border-right-width: 1px !important;border-bottom-width: 1px !important;border-left-width: 1px !important;border-left-color: #d6d6d6 !important;border-left-style: dotted !important;border-right-color: #d6d6d6 !important;border-right-style: dotted !important;border-top-color: #d6d6d6 !important;border-top-style: dotted !important;border-bottom-color: #d6d6d6 !important;border-bottom-style: dotted !important;border-radius: 1px !important;}&#8221;][vc_column]<div id=\"ultimate-heading-277469d2846534a4b\" class=\"uvc-heading ult-adjust-bottom-margin ultimate-heading-277469d2846534a4b uvc-2698 \" data-hspacer=\"no_spacer\"  data-halign=\"left\" style=\"text-align:left\"><div class=\"uvc-heading-spacer no_spacer\" style=\"top\"><\/div><div class=\"uvc-main-heading ult-responsive\"  data-ultimate-target='.uvc-heading.ultimate-heading-277469d2846534a4b h3'  data-responsive-json-new='{\"font-size\":\"desktop:24px;\",\"line-height\":\"desktop:34px;\"}' ><h3 style=\"--font-weight:theme;margin-bottom:20px;\">Principalele caracteristici:<\/h3><\/div><\/div>[vc_row_inner][vc_column_inner width=&#8221;1\/2&#8243;]<div class=\"standard-arrow list-divider bullet-top\"><ul>\n<li>Respingere UV \u2013 99,9%<\/li>\n<li>transmisie luminii vizibile \u2013 88%<\/li>\n<li>economisirea eficient\u0103 a energiei<\/li>\n<li>antireflexie<\/li>\n<li>energia solar\u0103 total\u0103 respins\u0103 \u2013 36%<\/li>\n<\/ul>\n<\/div>[\/vc_column_inner][vc_column_inner width=&#8221;1\/2&#8243;]<div class=\"standard-arrow list-divider bullet-top\"><ul>\n<li>reducerea str\u0103lucirii \u2013 1%<\/li>\n<li>concepute pentru uz exterior<\/li>\n<li>potrivit pentru suprafete plane<\/li>\n<li>7 ani garan\u021bie<\/li>\n<\/ul>\n<\/div>[\/vc_column_inner][\/vc_row_inner][\/vc_column][\/vc_row][vc_row css=&#8221;.vc_custom_1531293008623{margin-bottom: 20px !important;border-top-width: 1px !important;border-right-width: 1px !important;border-bottom-width: 1px !important;border-left-width: 1px !important;padding-right: 10px !important;padding-left: 10px !important;border-left-color: #e2e2e2 !important;border-left-style: dotted !important;border-right-color: #e2e2e2 !important;border-right-style: dotted !important;border-top-color: #e2e2e2 !important;border-top-style: dotted !important;border-bottom-color: #e2e2e2 !important;border-bottom-style: dotted !important;border-radius: 2px !important;}&#8221;][vc_column]<div id=\"ultimate-heading-630269d2846534ae3\" class=\"uvc-heading ult-adjust-bottom-margin ultimate-heading-630269d2846534ae3 uvc-3177 \" data-hspacer=\"no_spacer\"  data-halign=\"left\" style=\"text-align:left\"><div class=\"uvc-heading-spacer no_spacer\" style=\"top\"><\/div><div class=\"uvc-main-heading ult-responsive\"  data-ultimate-target='.uvc-heading.ultimate-heading-630269d2846534ae3 h3'  data-responsive-json-new='{\"font-size\":\"desktop:28px;\",\"line-height\":\"desktop:38px;\"}' ><h3 style=\"--font-weight:theme;margin-bottom:30px;\">Documente:<\/h3><\/div><\/div>[vc_row_inner gap=&#8221;20&#8243; css=&#8221;.vc_custom_1674828145265{margin-bottom: 20px !important;border-bottom-width: 20px !important;}&#8221;][vc_column_inner width=&#8221;1\/3&#8243;][vc_column_text]<\/p>\n<p style=\"text-align: center;\">Bro\u015fur\u0103<\/p>\n<p>[\/vc_column_text][vc_single_image image=&#8221;30927&#8243; img_size=&#8221;130&#215;180&#8243; alignment=&#8221;center&#8221; style=&#8221;vc_box_outline&#8221; onclick=&#8221;custom_link&#8221; img_link_target=&#8221;_blank&#8221; link=&#8221;\/wp-content\/uploads\/2021\/02\/Brochure-Sun-Control-Prestige-Window-Films-with-adnotations.pdf&#8221;]<style type=\"text\/css\" data-type=\"the7_shortcodes-inline-css\">#default-btn-64c4d539e7f4ff02ab9e49df61e1b908.ico-right-side > i {\n  margin-right: 0px;\n  margin-left: 8px;\n}\n#default-btn-64c4d539e7f4ff02ab9e49df61e1b908 > i {\n  margin-right: 8px;\n}\n<\/style><div class=\"btn-align-center\"><a href=\"\/wp-content\/uploads\/2021\/02\/Brochure-Sun-Control-Prestige-Window-Films-with-adnotations.pdf\" class=\"default-btn-shortcode dt-btn dt-btn-s link-hover-off \" target=\"_blank\" id=\"default-btn-64c4d539e7f4ff02ab9e49df61e1b908\" rel=\"noopener\"><i class=\"fas fa-download\"><\/i><span>Desc\u0103rca\u021bi PDF<\/span><\/a><\/div>[\/vc_column_inner][vc_column_inner width=&#8221;1\/3&#8243;][vc_column_text]<\/p>\n<p style=\"text-align: center;\">Bro\u015fur\u0103 3M Sun Control Films<\/p>\n<p>[\/vc_column_text][vc_single_image image=&#8221;30919&#8243; img_size=&#8221;130&#215;180&#8243; alignment=&#8221;center&#8221; style=&#8221;vc_box_outline&#8221; onclick=&#8221;custom_link&#8221; img_link_target=&#8221;_blank&#8221; link=&#8221;\/wp-content\/uploads\/2021\/02\/Brochure-Sun-Control-films-with-adnotations.pdf&#8221;]<style type=\"text\/css\" data-type=\"the7_shortcodes-inline-css\">#default-btn-caebb65da57ff2fb65a315c85ce10169.ico-right-side > i {\n  margin-right: 0px;\n  margin-left: 8px;\n}\n#default-btn-caebb65da57ff2fb65a315c85ce10169 > i {\n  margin-right: 8px;\n}\n<\/style><div class=\"btn-align-center\"><a href=\"\/wp-content\/uploads\/2021\/02\/Brochure-Sun-Control-films-with-adnotations.pdf\" class=\"default-btn-shortcode dt-btn dt-btn-s link-hover-off \" target=\"_blank\" id=\"default-btn-caebb65da57ff2fb65a315c85ce10169\" rel=\"noopener\"><i class=\"fas fa-download\"><\/i><span>Desc\u0103rca\u021bi PDF<\/span><\/a><\/div>[\/vc_column_inner][vc_column_inner width=&#8221;1\/3&#8243;][vc_column_text]<\/p>\n<p style=\"text-align: center;\">Bro\u0219ura produsului<\/p>\n<p>[\/vc_column_text][vc_single_image image=&#8221;16026&#8243; img_size=&#8221;130&#215;180&#8243; alignment=&#8221;center&#8221; style=&#8221;vc_box_outline&#8221; onclick=&#8221;custom_link&#8221; img_link_target=&#8221;_blank&#8221; link=&#8221;\/wp-content\/uploads\/2018\/08\/3M-Sun-Control-Window-Films-Prestige-Exterior-PDF.pdf&#8221;]<style type=\"text\/css\" data-type=\"the7_shortcodes-inline-css\">#default-btn-849bffb87998969960a0115b453b1285.ico-right-side > i {\n  margin-right: 0px;\n  margin-left: 8px;\n}\n#default-btn-849bffb87998969960a0115b453b1285 > i {\n  margin-right: 8px;\n}\n<\/style><div class=\"btn-align-center\"><a href=\"\/wp-content\/uploads\/2018\/08\/3M-Sun-Control-Window-Films-Prestige-Exterior-PDF.pdf\" class=\"default-btn-shortcode dt-btn dt-btn-s link-hover-off \" target=\"_blank\" id=\"default-btn-849bffb87998969960a0115b453b1285\" rel=\"noopener\"><i class=\"fas fa-download\"><\/i><span>Desc\u0103rca\u021bi PDF<\/span><\/a><\/div>[\/vc_column_inner][\/vc_row_inner][\/vc_column][\/vc_row]<\/p>\n<\/div>","protected":false},"excerpt":{"rendered":"<p>Filmele Sun Control resping un procent mare din energia solar\u0103 ceea ce reduce consumul de energie f\u0103c\u00e2ndu-le mai eficiente. Seria Prestige Exterior sunt folii pentru ferestre de \u00eenalt\u0103 calitate, absolut transparente.<\/p>\n","protected":false},"featured_media":16029,"comment_status":"open","ping_status":"closed","template":"","meta":[],"product_cat":[1863],"product_tag":[],"_links":{"self":[{"href":"https:\/\/partners-ltd.com\/ro\/wp-json\/wp\/v2\/product\/30942"}],"collection":[{"href":"https:\/\/partners-ltd.com\/ro\/wp-json\/wp\/v2\/product"}],"about":[{"href":"https:\/\/partners-ltd.com\/ro\/wp-json\/wp\/v2\/types\/product"}],"replies":[{"embeddable":true,"href":"https:\/\/partners-ltd.com\/ro\/wp-json\/wp\/v2\/comments?post=30942"}],"wp:featuredmedia":[{"embeddable":true,"href":"https:\/\/partners-ltd.com\/ro\/wp-json\/wp\/v2\/media\/16029"}],"wp:attachment":[{"href":"https:\/\/partners-ltd.com\/ro\/wp-json\/wp\/v2\/media?parent=30942"}],"wp:term":[{"taxonomy":"product_cat","embeddable":true,"href":"https:\/\/partners-ltd.com\/ro\/wp-json\/wp\/v2\/product_cat?post=30942"},{"taxonomy":"product_tag","embeddable":true,"href":"https:\/\/partners-ltd.com\/ro\/wp-json\/wp\/v2\/product_tag?post=30942"}],"curies":[{"name":"wp","href":"https:\/\/api.w.org\/{rel}","templated":true}]}}