{"id":30723,"date":"2020-10-21T11:41:22","date_gmt":"2020-10-21T08:41:22","guid":{"rendered":"https:\/\/partners-ltd.com\/?post_type=product&#038;p=30723"},"modified":"2023-03-15T11:55:50","modified_gmt":"2023-03-15T09:55:50","slug":"sloanled-vl4-ho-rosu-6500k-3-lentile-3-led-uri","status":"publish","type":"product","link":"https:\/\/partners-ltd.com\/ro\/e-shop\/module-si-iluminare-led\/module-sloanled\/sloanled-vl4-ho-rosu-6500k-3-lentile-3-led-uri\/","title":{"rendered":"SloanLED VL4 HO ro\u0219u 6500K (3 lentile\/ 3 LED-uri)"},"content":{"rendered":"<div class=\"wpb-content-wrapper\"><p>[vc_row css=&#8221;.vc_custom_1530619279291{margin-bottom: 20px !important;border-top-width: 1px !important;border-right-width: 1px !important;border-bottom-width: 1px !important;border-left-width: 1px !important;padding-right: 10px !important;padding-left: 10px !important;border-left-color: #e2e2e2 !important;border-left-style: dotted !important;border-right-color: #e2e2e2 !important;border-right-style: dotted !important;border-top-color: #e2e2e2 !important;border-top-style: dotted !important;border-bottom-color: #e2e2e2 !important;border-bottom-style: dotted !important;border-radius: 1px !important;}&#8221;][vc_column][vc_single_image image=&#8221;15166&#8243; img_size=&#8221;full&#8221; alignment=&#8221;center&#8221;]<div id=\"ultimate-heading-725569d7c7ebcba96\" class=\"uvc-heading ult-adjust-bottom-margin ultimate-heading-725569d7c7ebcba96 uvc-2635 \" data-hspacer=\"no_spacer\"  data-halign=\"left\" style=\"text-align:left\"><div class=\"uvc-heading-spacer no_spacer\" style=\"top\"><\/div><div class=\"uvc-main-heading ult-responsive\"  data-ultimate-target='.uvc-heading.ultimate-heading-725569d7c7ebcba96 h1'  data-responsive-json-new='{\"font-size\":\"desktop:28px;\",\"line-height\":\"desktop:38px;\"}' ><h1 style=\"--font-weight:theme;margin-bottom:20px;\">SloanLED VL4 - urm\u0103toarea genera\u021bie, solu\u021bie de iluminat LED de zi cu zi<\/h1><\/div><\/div>[vc_row_inner css=&#8221;.vc_custom_1678866362934{margin-top: 25px !important;}&#8221;][vc_column_inner][vc_column_text]<a class=\"dt-pswp-item\" href=\"https:\/\/partners-ltd.com\/wp-content\/uploads\/2020\/10\/SloanLED-VL4.png\" data-dt-img-description=\"\" data-large_image_width=\"685\" data-large_image_height=\"548\"><img loading=\"lazy\" decoding=\"async\" class=\"alignleft wp-image-23181\" src=\"https:\/\/partners-ltd.com\/wp-content\/uploads\/2020\/10\/SloanLED-VL4.png\" alt=\"SloanLED VL4 alb 6500K\" width=\"317\" height=\"253\" srcset=\"https:\/\/partners-ltd.com\/wp-content\/uploads\/2020\/10\/SloanLED-VL4.png 685w, https:\/\/partners-ltd.com\/wp-content\/uploads\/2020\/10\/SloanLED-VL4-300x240.png 300w, https:\/\/partners-ltd.com\/wp-content\/uploads\/2020\/10\/SloanLED-VL4-425x340.png 425w\" sizes=\"(max-width: 317px) 100vw, 317px\" \/><\/a><strong>SloanLED VL4 HO ro\u0219u 6500K (3 Lens\/ 3 LED)<\/strong> \u2013 Dup\u0103 zeci de ani de cercetare \u0219i dezvoltare, SloanLED a realizat \u00eenc\u0103 o nou\u0103 descoperire remarcabil\u0103 \u00een domeniul fizicii optice.<\/p>\n<p>Seria VL4 este o solu\u021bie de iluminare cu LED-uri pentru iluminarea literelor standard de tip canal cu iluminare facial\u0103 care spulber\u0103 a\u0219tept\u0103rile cu un model de radia\u021bie de 160\u00b0 pe la\u021bime.<\/p>\n<ul>\n<li>Putere luminoas\u0103 \u0219i eficien\u021b\u0103 de v\u00e2rf \u0219i o durat\u0103 de via\u021b\u0103 de peste 54.000 de ore<\/li>\n<li>Optica \u00eembun\u0103t\u0103\u021bit\u0103 f\u0103c\u00e2nd din VL4 cea mai puternic\u0103 \u0219i eficient\u0103 op\u021biune de iluminare din clasa sa<\/li>\n<li>Disponibil \u00een alb (7200 K, 6500 K), ro\u0219u, verde \u0219i albastru<\/li>\n<li>Ideal pentru litere standard de tip canal de 3-5 inchi (75-125 mm) ad\u00e2ncime<\/li>\n<li>Utiliza\u021bi mai pu\u021bine module pentru o instalare mai rapid\u0103 \u0219i un cost mai mic pe semn<\/li>\n<\/ul>\n<p>SloanLED VL4 v\u0103 permite s\u0103 ilumina\u021bi semne extrem de mici sau litere de canal cu un num\u0103r minim de module LED. Perfect pentru panouri luminoase cu o singur\u0103 fa\u021b\u0103 care au o ad\u00e2ncime de p\u00e2n\u0103 la 5 cm. Modulele \u0219i l\u0103mpile LED de \u00eenalt\u0103 calitate de la SloanLED asigur\u0103 o iluminare durabil\u0103 \u0219i eficient\u0103.[\/vc_column_text][\/vc_column_inner][\/vc_row_inner][\/vc_column][\/vc_row][vc_row css=&#8221;.vc_custom_1531296600629{margin-bottom: 20px !important;border-top-width: 1px !important;border-right-width: 1px !important;border-bottom-width: 1px !important;border-left-width: 1px !important;padding-right: 10px !important;padding-left: 10px !important;border-left-color: #e2e2e2 !important;border-left-style: dotted !important;border-right-color: #e2e2e2 !important;border-right-style: dotted !important;border-top-color: #e2e2e2 !important;border-top-style: dotted !important;border-bottom-color: #e2e2e2 !important;border-bottom-style: dotted !important;border-radius: 2px !important;}&#8221;][vc_column width=&#8221;1\/2&#8243;]<div id=\"ultimate-heading-25769d7c7ebcbae3\" class=\"uvc-heading ult-adjust-bottom-margin ultimate-heading-25769d7c7ebcbae3 uvc-4561 \" data-hspacer=\"no_spacer\"  data-halign=\"left\" style=\"text-align:left\"><div class=\"uvc-heading-spacer no_spacer\" style=\"top\"><\/div><div class=\"uvc-main-heading ult-responsive\"  data-ultimate-target='.uvc-heading.ultimate-heading-25769d7c7ebcbae3 h3'  data-responsive-json-new='{\"font-size\":\"desktop:28px;\",\"line-height\":\"desktop:38px;\"}' ><h3 style=\"--font-weight:theme;margin-bottom:20px;\">Caracteristici principale:<\/h3><\/div><\/div><div class=\"standard-arrow list-divider bullet-top\"><ul>\n<li>Pentru iluminarea literei standard de tip canal cu iluminare facial\u0103<\/li>\n<li>Dou\u0103 lentile<\/li>\n<li>160\u00b0 radiation pattern for wide<\/li>\n<\/ul>\n<\/div>[\/vc_column][vc_column width=&#8221;1\/2&#8243; css=&#8221;.vc_custom_1678866387716{margin-top: 54px !important;}&#8221;]<div class=\"standard-arrow list-divider bullet-top\"><ul>\n<li>Iluminare eficient\u0103 \u0219i uniform\u0103<\/li>\n<li>Evaluare de durat\u0103 de via\u021b\u0103 de peste 54.000 de ore<\/li>\n<li>10 ani garan\u021bie<\/li>\n<\/ul>\n<\/div>[\/vc_column][\/vc_row][vc_row css=&#8221;.vc_custom_1531293008623{margin-bottom: 20px !important;border-top-width: 1px !important;border-right-width: 1px !important;border-bottom-width: 1px !important;border-left-width: 1px !important;padding-right: 10px !important;padding-left: 10px !important;border-left-color: #e2e2e2 !important;border-left-style: dotted !important;border-right-color: #e2e2e2 !important;border-right-style: dotted !important;border-top-color: #e2e2e2 !important;border-top-style: dotted !important;border-bottom-color: #e2e2e2 !important;border-bottom-style: dotted !important;border-radius: 2px !important;}&#8221;][vc_column]<div id=\"ultimate-heading-276369d7c7ebcbb87\" class=\"uvc-heading ult-adjust-bottom-margin ultimate-heading-276369d7c7ebcbb87 uvc-9623 \" data-hspacer=\"no_spacer\"  data-halign=\"left\" style=\"text-align:left\"><div class=\"uvc-heading-spacer no_spacer\" style=\"top\"><\/div><div class=\"uvc-main-heading ult-responsive\"  data-ultimate-target='.uvc-heading.ultimate-heading-276369d7c7ebcbb87 h3'  data-responsive-json-new='{\"font-size\":\"desktop:28px;\",\"line-height\":\"desktop:38px;\"}' ><h3 style=\"--font-weight:theme;margin-bottom:30px;\">Document\u0435<\/h3><\/div><\/div>[vc_row_inner gap=&#8221;20&#8243; css=&#8221;.vc_custom_1678866476869{margin-bottom: 30px !important;}&#8221;][vc_column_inner width=&#8221;1\/4&#8243;][vc_column_text]<\/p>\n<p style=\"text-align: center;\">Product bulletin<\/p>\n<p>[\/vc_column_text][vc_single_image image=&#8221;23173&#8243; img_size=&#8221;130&#215;180&#8243; alignment=&#8221;center&#8221; style=&#8221;vc_box_outline&#8221; onclick=&#8221;custom_link&#8221; img_link_target=&#8221;_blank&#8221; link=&#8221;\/wp-content\/uploads\/2020\/10\/ProductGuide-ChannelLetter-US-Canada.pdf&#8221;]<style type=\"text\/css\" data-type=\"the7_shortcodes-inline-css\">#default-btn-cafecd62b68c303c652cfcd6ebe7cfb9.ico-right-side > i {\n  margin-right: 0px;\n  margin-left: 8px;\n}\n#default-btn-cafecd62b68c303c652cfcd6ebe7cfb9 > i {\n  margin-right: 8px;\n}\n<\/style><div class=\"btn-align-center\"><a href=\"\/wp-content\/uploads\/2020\/10\/ProductGuide-ChannelLetter-US-Canada.pdf\" class=\"default-btn-shortcode dt-btn dt-btn-s link-hover-off \" target=\"_blank\" id=\"default-btn-cafecd62b68c303c652cfcd6ebe7cfb9\" rel=\"noopener\"><i class=\"fas fa-download\"><\/i><span>Download PDF<\/span><\/a><\/div>[\/vc_column_inner][vc_column_inner width=&#8221;1\/4&#8243;][vc_column_text]<\/p>\n<p style=\"text-align: center;\">Install guide<\/p>\n<p>[\/vc_column_text][vc_single_image image=&#8221;23176&#8243; img_size=&#8221;130&#215;180&#8243; alignment=&#8221;center&#8221; style=&#8221;vc_box_outline&#8221; onclick=&#8221;custom_link&#8221; img_link_target=&#8221;_blank&#8221; link=&#8221;\/wp-content\/uploads\/2020\/10\/InstallGuide-VL4.pdf&#8221;]<style type=\"text\/css\" data-type=\"the7_shortcodes-inline-css\">#default-btn-870af6a6af56e7d70992a81b030c49e1.ico-right-side > i {\n  margin-right: 0px;\n  margin-left: 8px;\n}\n#default-btn-870af6a6af56e7d70992a81b030c49e1 > i {\n  margin-right: 8px;\n}\n<\/style><div class=\"btn-align-center\"><a href=\"\/wp-content\/uploads\/2020\/10\/InstallGuide-VL4.pdf\" class=\"default-btn-shortcode dt-btn dt-btn-s link-hover-off \" target=\"_blank\" id=\"default-btn-870af6a6af56e7d70992a81b030c49e1\" rel=\"noopener\"><i class=\"fas fa-download\"><\/i><span>Download PDF<\/span><\/a><\/div>[\/vc_column_inner][vc_column_inner width=&#8221;1\/4&#8243;][vc_column_text]<\/p>\n<p style=\"text-align: center;\">More information<\/p>\n<p>[\/vc_column_text][vc_single_image image=&#8221;23179&#8243; img_size=&#8221;130&#215;180&#8243; alignment=&#8221;center&#8221; style=&#8221;vc_box_outline&#8221; onclick=&#8221;custom_link&#8221; img_link_target=&#8221;_blank&#8221; link=&#8221;\/wp-content\/uploads\/2020\/10\/SpecSheet-VL4-US-Canada.pdf&#8221;]<style type=\"text\/css\" data-type=\"the7_shortcodes-inline-css\">#default-btn-7bb4ededfab7a712225511c657dd1d2a.ico-right-side > i {\n  margin-right: 0px;\n  margin-left: 8px;\n}\n#default-btn-7bb4ededfab7a712225511c657dd1d2a > i {\n  margin-right: 8px;\n}\n<\/style><div class=\"btn-align-center\"><a href=\"\/wp-content\/uploads\/2020\/10\/SpecSheet-VL4-US-Canada.pdf\" class=\"default-btn-shortcode dt-btn dt-btn-s link-hover-off \" target=\"_blank\" id=\"default-btn-7bb4ededfab7a712225511c657dd1d2a\" rel=\"noopener\"><i class=\"fas fa-download\"><\/i><span>Download PDF<\/span><\/a><\/div>[\/vc_column_inner][vc_column_inner width=&#8221;1\/4&#8243;][\/vc_column_inner][\/vc_row_inner][\/vc_column][\/vc_row]<\/p>\n<\/div>","protected":false},"excerpt":{"rendered":"<p>SloanLED VL4 HO ro\u0219u 6500K (3 lentile\/ 3 LED-uri) este urm\u0103toarea genera\u021bie, solu\u021bie de iluminat LED de zi cu zi pentru iluminarea literelor standard de tip canal iluminate facial care spulber\u0103 a\u0219tept\u0103rile cu un model de radia\u021bie de 160\u00b0 pentru o iluminare larg\u0103 \u0219i uniform\u0103, eficien\u021b\u0103 \u0219i eficien\u021b\u0103 luminoas\u0103 de v\u00e2rf \u0219i o evaluare de durata de via\u021b\u0103 de peste 54.000 (L70) ore.<\/p>\n","protected":false},"featured_media":23202,"comment_status":"open","ping_status":"closed","template":"","meta":[],"product_cat":[1852,2690],"product_tag":[],"_links":{"self":[{"href":"https:\/\/partners-ltd.com\/ro\/wp-json\/wp\/v2\/product\/30723"}],"collection":[{"href":"https:\/\/partners-ltd.com\/ro\/wp-json\/wp\/v2\/product"}],"about":[{"href":"https:\/\/partners-ltd.com\/ro\/wp-json\/wp\/v2\/types\/product"}],"replies":[{"embeddable":true,"href":"https:\/\/partners-ltd.com\/ro\/wp-json\/wp\/v2\/comments?post=30723"}],"wp:featuredmedia":[{"embeddable":true,"href":"https:\/\/partners-ltd.com\/ro\/wp-json\/wp\/v2\/media\/23202"}],"wp:attachment":[{"href":"https:\/\/partners-ltd.com\/ro\/wp-json\/wp\/v2\/media?parent=30723"}],"wp:term":[{"taxonomy":"product_cat","embeddable":true,"href":"https:\/\/partners-ltd.com\/ro\/wp-json\/wp\/v2\/product_cat?post=30723"},{"taxonomy":"product_tag","embeddable":true,"href":"https:\/\/partners-ltd.com\/ro\/wp-json\/wp\/v2\/product_tag?post=30723"}],"curies":[{"name":"wp","href":"https:\/\/api.w.org\/{rel}","templated":true}]}}