{"id":39938,"date":"2018-05-03T13:42:53","date_gmt":"2018-05-03T10:42:53","guid":{"rendered":"https:\/\/partners-ltd.com\/3m-mcs-warranty\/"},"modified":"2025-05-23T08:44:06","modified_gmt":"2025-05-23T05:44:06","slug":"3m-mcs-warranty","status":"publish","type":"page","link":"https:\/\/partners-ltd.com\/ro\/3m-mcs-warranty\/","title":{"rendered":"3M\u2122 MCS\u2122 Warranty"},"content":{"rendered":"<div class=\"wpb-content-wrapper\"><p>[vc_row][vc_column]<div id=\"ultimate-heading-561369d22d47381b3\" class=\"uvc-heading ult-adjust-bottom-margin ultimate-heading-561369d22d47381b3 uvc-8914 \" data-hspacer=\"no_spacer\"  data-halign=\"left\" style=\"text-align:left\"><div class=\"uvc-heading-spacer no_spacer\" style=\"top\"><\/div><div class=\"uvc-main-heading ult-responsive\"  data-ultimate-target='.uvc-heading.ultimate-heading-561369d22d47381b3 h2'  data-responsive-json-new='{\"font-size\":\"desktop:28px;\",\"line-height\":\"desktop:38px;\"}' ><h2 style=\"--font-weight:theme;margin-bottom:30px;\">Garan\u021bie 3M MCS\u2122 Warranty - standardul de aur pentru graficele 3M finalizate<\/h2><\/div><\/div>[vc_row_inner gap=&#8221;10&#8243;][vc_column_inner width=&#8221;3\/4&#8243;][vc_column_text]3M\u2122 MCS\u2122 Warranty este o <a href=\"https:\/\/www.3m.com\/3M\/en_US\/graphics-signage-us\/resources\/warranties\/\" target=\"_blank\" rel=\"noopener\">garan\u021bie oferit\u0103 pentru graficele publicitare finalizate<\/a>, pentru care au fost utilizate doar materiale 3M. Aceast\u0103 garan\u021bie acoper\u0103 to\u021bi parametrii precum defectele fizice \u0219i de fabrica\u021bie, defectele de imprimare sau t\u0103iere \u0219i altele. Acesta este standardul de aur \u00een garan\u021biile produselor grafice 3M.<\/p>\n<p>Garan\u021bia 3M MCS v\u0103 asigur\u0103 c\u0103 atunci c\u00e2nd un produs 3M este utilizat conform instruc\u021biunilor scrise ale 3M, acesta va fi potrivit pentru tipurile de grafice recomandate \u0219i utilizarea final\u0103. Aceasta \u00eenseamn\u0103 c\u0103 va acoperi perioada de garan\u021bie specificat\u0103 \u00een Buletinul de Produs 3M corespunz\u0103tor.<\/p>\n<p>Doar <a href=\"https:\/\/partners-ltd.com\/ro\/despre-noi\/\">distribuitorii certifica\u021bi<\/a> \u0219i produc\u0103torii de grafice publicitare, cum suntem noi la Partners Ltd., pot emite aceast\u0103 garan\u021bie de calitate.[\/vc_column_text][\/vc_column_inner][vc_column_inner width=&#8221;1\/4&#8243;][vc_single_image image=&#8221;14521&#8243; img_size=&#8221;large&#8221; alignment=&#8221;center&#8221;][\/vc_column_inner][\/vc_row_inner][\/vc_column][\/vc_row][vc_row full_width=&#8221;stretch_row&#8221; gap=&#8221;30&#8243; bg_type=&#8221;bg_color&#8221; bg_color_value=&#8221;#f4f4f4&#8243;][vc_column width=&#8221;1\/2&#8243;][vc_single_image image=&#8221;14523&#8243; img_size=&#8221;large&#8221; alignment=&#8221;center&#8221;][\/vc_column][vc_column width=&#8221;1\/2&#8243;]<div id=\"ultimate-heading-958369d22d4738203\" class=\"uvc-heading ult-adjust-bottom-margin ultimate-heading-958369d22d4738203 uvc-5139 \" data-hspacer=\"no_spacer\"  data-halign=\"left\" style=\"text-align:left\"><div class=\"uvc-heading-spacer no_spacer\" style=\"top\"><\/div><div class=\"uvc-main-heading ult-responsive\"  data-ultimate-target='.uvc-heading.ultimate-heading-958369d22d4738203 h3'  data-responsive-json-new='{\"font-size\":\"desktop:28px;\",\"line-height\":\"desktop:38px;\"}' ><h3 style=\"--font-weight:theme;margin-bottom:10px;\">Cea mai cuprinz\u0103toare \u0219i complet\u0103 garan\u021bie grafic\u0103 din industrie<\/h3><\/div><div class=\"uvc-sub-heading ult-responsive\"  data-ultimate-target='.uvc-heading.ultimate-heading-958369d22d4738203 .uvc-sub-heading '  data-responsive-json-new='{\"font-size\":\"desktop:18px;\",\"line-height\":\"desktop:28px;\"}'  style=\"font-weight:normal;margin-bottom:20px;\">Mai mult\u0103 flexibilitate, mai multe op\u021biuni<\/div><\/div>[vc_column_text]C\u00e2nd utiliza\u021bi un produs fabricat doar cu componente grafice 3M, practic, acesta este protejat \u00een toate privin\u021bele.<\/p>\n<p>Garan\u021bia 3M\u2122 MCS\u2122 Warranty pentru grafic\u0103 comercial\u0103 este oferit\u0103 pentru toate tipurile:[\/vc_column_text]<div class=\"standard-arrow bullet-top\"><ul>\n<li><a href=\"\/kategoriya\/folio-za-rezheshti-ploteri\/neprozrachno-folio\/\">Folie colorat\u0103 opac\u0103<\/a> (Opaque colored films)<\/li>\n<li><a href=\"\/kategoriya\/samozalepvashto-folio\/\">Folie colorat\u0103 \u0219i texturat\u0103 pentru acoperire complet\u0103<\/a> (Colored\/textured wrap films)<\/li>\n<li><a href=\"\/kategoriya\/folio-za-rezheshti-ploteri\/3m-translutsentno-folio\/\">Folie pentru reclame luminoase<\/a> \u0219i vinil (Illuminated sign films &amp; substrates)<\/li>\n<li><a href=\"\/kategoriya\/3m-folio-digitalen-pechat\/\">Folie pentru imprimare<\/a> (Printed graphic films)<\/li>\n<\/ul>\n<\/div>[\/vc_column][\/vc_row][vc_row][vc_column][vc_empty_space][\/vc_column][\/vc_row][vc_row][vc_column width=&#8221;1\/4&#8243;][vc_single_image image=&#8221;14524&#8243; img_size=&#8221;303&#215;269&#8243;][\/vc_column][vc_column width=&#8221;1\/4&#8243;][vc_single_image image=&#8221;14529&#8243; img_size=&#8221;303&#215;269&#8243;][\/vc_column][vc_column width=&#8221;1\/4&#8243;][vc_single_image image=&#8221;14528&#8243; img_size=&#8221;303&#215;269&#8243;][\/vc_column][vc_column width=&#8221;1\/4&#8243;][vc_single_image image=&#8221;14525&#8243; img_size=&#8221;303&#215;269&#8243;][\/vc_column][\/vc_row]<\/p>\n<\/div>","protected":false},"excerpt":{"rendered":"<p>[vc_row][vc_column][vc_row_inner gap=&#8221;10&#8243;][vc_column_inner width=&#8221;3\/4&#8243;][vc_column_text]3M\u2122 MCS\u2122 Warranty este o garan\u021bie oferit\u0103 pentru graficele publicitare finalizate, pentru care au fost utilizate doar materiale 3M. Aceast\u0103 garan\u021bie acoper\u0103 to\u021bi parametrii precum defectele fizice \u0219i de fabrica\u021bie, defectele de imprimare sau t\u0103iere \u0219i altele. Acesta este standardul de aur \u00een garan\u021biile produselor grafice 3M. Garan\u021bia 3M MCS v\u0103 asigur\u0103 c\u0103&hellip;<\/p>\n","protected":false},"author":1,"featured_media":0,"parent":0,"menu_order":0,"comment_status":"closed","ping_status":"closed","template":"","meta":{"footnotes":""},"_links":{"self":[{"href":"https:\/\/partners-ltd.com\/ro\/wp-json\/wp\/v2\/pages\/39938"}],"collection":[{"href":"https:\/\/partners-ltd.com\/ro\/wp-json\/wp\/v2\/pages"}],"about":[{"href":"https:\/\/partners-ltd.com\/ro\/wp-json\/wp\/v2\/types\/page"}],"author":[{"embeddable":true,"href":"https:\/\/partners-ltd.com\/ro\/wp-json\/wp\/v2\/users\/1"}],"replies":[{"embeddable":true,"href":"https:\/\/partners-ltd.com\/ro\/wp-json\/wp\/v2\/comments?post=39938"}],"version-history":[{"count":11,"href":"https:\/\/partners-ltd.com\/ro\/wp-json\/wp\/v2\/pages\/39938\/revisions"}],"predecessor-version":[{"id":39991,"href":"https:\/\/partners-ltd.com\/ro\/wp-json\/wp\/v2\/pages\/39938\/revisions\/39991"}],"wp:attachment":[{"href":"https:\/\/partners-ltd.com\/ro\/wp-json\/wp\/v2\/media?parent=39938"}],"curies":[{"name":"wp","href":"https:\/\/api.w.org\/{rel}","templated":true}]}}