{"id":30117,"date":"2023-01-12T16:16:16","date_gmt":"2023-01-12T14:16:16","guid":{"rendered":"https:\/\/partners-ltd.com\/?page_id=30117"},"modified":"2026-01-13T14:55:19","modified_gmt":"2026-01-13T12:55:19","slug":"informatii-de-expediere","status":"publish","type":"page","link":"https:\/\/partners-ltd.com\/ro\/informatii-de-expediere\/","title":{"rendered":"Informa\u021bii de expediere"},"content":{"rendered":"<div class=\"wpb-content-wrapper\"><p>[vc_row][vc_column][vc_column_text]<\/p>\n<h3>Informa\u021bii de expediere<\/h3>\n<div class=\"gap\" style=\"line-height: 20px; height: 20px;\"><\/div> Livr\u0103m in toate localitatile din Romania prin intermediul firmei de curierat Econt. Livrarea poate fi la adresa destinatarului sau la biroul curierului..<\/p>\n<p>Pre\u021bul de livrare este calculat \u00een func\u021bie de m\u0103rimea \u0219i greutatea comenzii \u0219i este specificat atunci c\u00e2nd angajatul nostru solicit\u0103 confirmarea.<\/p>\n<div class=\"gap\" style=\"line-height: 20px; height: 20px;\"><\/div>\n<h3>Termeni de livrare<\/h3>\n<div class=\"gap\" style=\"line-height: 20px; height: 20px;\"><\/div>\n<p>Livrarea comenzilor \u00een municipiul Bucure\u0219ti are loc \u00een termen de 24 de ore. Pentru alte localit\u0103\u021bi, perioada poate varia de la dou\u0103 la patru zile.<\/p>\n<p>Comenzile plasate dup\u0103 ora 16:00 sunt procesate \u00een urm\u0103toarea zi lucr\u0103toare.<\/p>\n<div class=\"gap\" style=\"line-height: 20px; height: 20px;\"><\/div>\n<h3>Metode de plat\u0103<\/h3>\n<div class=\"gap\" style=\"line-height: 20px; height: 20px;\"><\/div>\n<ul>\n<li>Numerar la livrare &#8211; Pre\u021bul final al comenzii este pl\u0103tit \u00een numerar la primirea bunurilor angajatului companiei de curierat. Curierul elibereaz\u0103 un document pentru suma pl\u0103tit\u0103..<\/li>\n<li>Transfer bancar &#8211; Utiliza\u021bi num\u0103rul unic de identificare a comenzii ca referin\u021b\u0103 pentru plat\u0103.<\/li>\n<\/ul>\n<p>Partners Ltd.<br \/>\nBank: Eurobank Bulgaria AD<br \/>\nIBAN: BG76 BPBI8170 1605214647 (EUR)<br \/>\nBIC: BPBIBGSF<\/p>\n<div class=\"gap\" style=\"line-height: 20px; height: 20px;\"><\/div>\n<p><strong>Important: Comanda va fi procesat\u0103 dup\u0103 primirea ordinului de plat\u0103.<\/strong><\/p>\n<p><strong><span style=\"color: #ff0000;\">\u00cenainte de a continua cu un transfer bancar, v\u0103 rug\u0103m s\u0103 a\u0219tepta\u021bi un apel telefonic de la unul dintre membrii echipei noastre pentru a v\u0103 confirma comanda.<\/span><\/strong><\/p>\n<p>Pentru informa\u021bii \u0219i asisten\u021b\u0103 cu privire la reclama\u021bii, v\u0103 rug\u0103m s\u0103 citi\u021bi pagina noastr\u0103 cu termeni \u0219i condi\u021bii.[\/vc_column_text][\/vc_column][\/vc_row]<\/p>\n<\/div>","protected":false},"excerpt":{"rendered":"<p>[vc_row][vc_column][vc_column_text] Informa\u021bii de expediere Livr\u0103m in toate localitatile din Romania prin intermediul firmei de curierat Econt. Livrarea poate fi la adresa destinatarului sau la biroul curierului.. Pre\u021bul de livrare este calculat \u00een func\u021bie de m\u0103rimea \u0219i greutatea comenzii \u0219i este specificat atunci c\u00e2nd angajatul nostru solicit\u0103 confirmarea. Termeni de livrare Livrarea comenzilor \u00een municipiul Bucure\u0219ti&hellip;<\/p>\n","protected":false},"author":1,"featured_media":0,"parent":0,"menu_order":0,"comment_status":"closed","ping_status":"closed","template":"","meta":{"footnotes":""},"_links":{"self":[{"href":"https:\/\/partners-ltd.com\/ro\/wp-json\/wp\/v2\/pages\/30117"}],"collection":[{"href":"https:\/\/partners-ltd.com\/ro\/wp-json\/wp\/v2\/pages"}],"about":[{"href":"https:\/\/partners-ltd.com\/ro\/wp-json\/wp\/v2\/types\/page"}],"author":[{"embeddable":true,"href":"https:\/\/partners-ltd.com\/ro\/wp-json\/wp\/v2\/users\/1"}],"replies":[{"embeddable":true,"href":"https:\/\/partners-ltd.com\/ro\/wp-json\/wp\/v2\/comments?post=30117"}],"version-history":[{"count":5,"href":"https:\/\/partners-ltd.com\/ro\/wp-json\/wp\/v2\/pages\/30117\/revisions"}],"predecessor-version":[{"id":45768,"href":"https:\/\/partners-ltd.com\/ro\/wp-json\/wp\/v2\/pages\/30117\/revisions\/45768"}],"wp:attachment":[{"href":"https:\/\/partners-ltd.com\/ro\/wp-json\/wp\/v2\/media?parent=30117"}],"curies":[{"name":"wp","href":"https:\/\/api.w.org\/{rel}","templated":true}]}}