{"id":14260,"date":"2018-05-15T13:28:23","date_gmt":"2018-05-15T10:28:23","guid":{"rendered":"https:\/\/partners-ltd.com\/?page_id=14260"},"modified":"2026-03-25T11:07:30","modified_gmt":"2026-03-25T09:07:30","slug":"contacte","status":"publish","type":"page","link":"https:\/\/partners-ltd.com\/ro\/contacte\/","title":{"rendered":"Contacte"},"content":{"rendered":"<div class=\"wpb-content-wrapper\"><p>[vc_row gap=&#8221;30&#8243; content_placement=&#8221;middle&#8221; css=&#8221;.vc_custom_1755079214495{margin-bottom: 50px !important;}&#8221;][vc_column width=&#8221;1\/3&#8243; css=&#8221;.vc_custom_1755079167539{padding-top: 0px !important;padding-right: 0px !important;padding-bottom: 0px !important;padding-left: 0px !important;}&#8221;][vc_single_image image=&#8221;42274&#8243; img_size=&#8221;full&#8221; css=&#8221;.vc_custom_1755169809113{margin-bottom: 0px !important;}&#8221;][\/vc_column][vc_column width=&#8221;2\/3&#8243; css=&#8221;.vc_custom_1755174431235{padding-top: 35px !important;padding-bottom: 20px !important;padding-left: 35px !important;background-color: #f9f9f9 !important;}&#8221;][vc_column_text]<\/p>\n<h1>Departamentul de V\u00e2nz\u0103ri<\/h1>\n<p data-start=\"75\" data-end=\"181\">Contacta\u021bi consultantul nostru pentru o comand\u0103 telefonic\u0103 rapid\u0103 \u0219i u\u0219oar\u0103 \u2013 suntem aici pentru a v\u0103 ajuta!<\/p>\n<p>[\/vc_column_text][vc_row_inner][vc_column_inner width=&#8221;1\/3&#8243; css=&#8221;.vc_custom_1755174323064{margin-bottom: 32px !important;}&#8221;]<style type=\"text\/css\" data-type=\"the7_shortcodes-inline-css\">#default-btn-e06690baae9e70cd1b0401c234a4bc5f {\n  border-radius: 1px;\n  font-size: 18px;\n  line-height: 20px;\n}\n.btn-shadow#default-btn-e06690baae9e70cd1b0401c234a4bc5f {\n  box-shadow: 0 1px 6px rgba(0,0,0,0.12);\n  transition: box-shadow 0.2s ease-out, opacity 0.45s;\n}\n.btn-shadow#default-btn-e06690baae9e70cd1b0401c234a4bc5f:hover {\n  box-shadow: 0 5px 11px 0 rgba(0,0,0,0.18), 0 4px 15px 0 rgba(0,0,0,0.15);\n}\n.btn-3d#default-btn-e06690baae9e70cd1b0401c234a4bc5f {\n  box-shadow: 0px 2px 0px 0px #9c6c11;\n}\n.btn-flat#default-btn-e06690baae9e70cd1b0401c234a4bc5f {\n  box-shadow: none;\n}\n.btn-flat#default-btn-e06690baae9e70cd1b0401c234a4bc5f:hover {\n  box-shadow: none;\n}\n#default-btn-e06690baae9e70cd1b0401c234a4bc5f.ico-right-side > i {\n  margin-right: 0px;\n  margin-left: 8px;\n}\n#default-btn-e06690baae9e70cd1b0401c234a4bc5f > i {\n  margin-right: 8px;\n  font-size: 15px;\n}\n#default-btn-e06690baae9e70cd1b0401c234a4bc5f:not(:hover) {\n  border-width: 0px;\n  background: #ea9a00 !important;\n  padding: 12px 18px 12px 18px;\n}\n#default-btn-e06690baae9e70cd1b0401c234a4bc5f:hover {\n  border-width: 0px;\n  padding: 12px 18px 12px 18px;\n}\n#default-btn-e06690baae9e70cd1b0401c234a4bc5f.ico-right-side > i {\n  margin-right: 0px;\n  margin-left: 8px;\n}\n#default-btn-e06690baae9e70cd1b0401c234a4bc5f > i {\n  margin-right: 8px;\n}\n<\/style><div class=\"btn-align-center\"><a href=\"tel:+35970050750\" class=\"default-btn-shortcode dt-btn pulse animate-element animation-builder link-hover-off .md-btn-mid full-width-btn btn-flat  vc_custom_1774429646897\" id=\"default-btn-e06690baae9e70cd1b0401c234a4bc5f\"><i class=\"icomoon-the7-font-the7-phone-01\"><\/i><span>+359700 50750<\/span><\/a><\/div>[\/vc_column_inner][vc_column_inner width=&#8221;1\/3&#8243;]<style type=\"text\/css\" data-type=\"the7_shortcodes-inline-css\">#default-btn-98379b6fb45569ca575956aeeecae79b {\n  border-radius: 1px;\n  font-size: 18px;\n  line-height: 20px;\n}\n.btn-shadow#default-btn-98379b6fb45569ca575956aeeecae79b {\n  box-shadow: 0 1px 6px rgba(0,0,0,0.12);\n  transition: box-shadow 0.2s ease-out, opacity 0.45s;\n}\n.btn-shadow#default-btn-98379b6fb45569ca575956aeeecae79b:hover {\n  box-shadow: 0 5px 11px 0 rgba(0,0,0,0.18), 0 4px 15px 0 rgba(0,0,0,0.15);\n}\n.btn-3d#default-btn-98379b6fb45569ca575956aeeecae79b {\n  box-shadow: 0px 2px 0px 0px #9c6c11;\n}\n.btn-flat#default-btn-98379b6fb45569ca575956aeeecae79b {\n  box-shadow: none;\n}\n.btn-flat#default-btn-98379b6fb45569ca575956aeeecae79b:hover {\n  box-shadow: none;\n}\n#default-btn-98379b6fb45569ca575956aeeecae79b.ico-right-side > i {\n  margin-right: 0px;\n  margin-left: 8px;\n}\n#default-btn-98379b6fb45569ca575956aeeecae79b > i {\n  margin-right: 8px;\n  font-size: 15px;\n}\n#default-btn-98379b6fb45569ca575956aeeecae79b:not(:hover) {\n  border-width: 0px;\n  background: #ea9a00 !important;\n  padding: 12px 18px 12px 18px;\n}\n#default-btn-98379b6fb45569ca575956aeeecae79b:hover {\n  border-width: 0px;\n  padding: 12px 18px 12px 18px;\n}\n#default-btn-98379b6fb45569ca575956aeeecae79b.ico-right-side > i {\n  margin-right: 0px;\n  margin-left: 8px;\n}\n#default-btn-98379b6fb45569ca575956aeeecae79b > i {\n  margin-right: 8px;\n}\n<\/style><div class=\"btn-align-center\"><a href=\"tel:40736048772\" class=\"default-btn-shortcode dt-btn pulse animate-element animation-builder link-hover-off md-btn-mid full-width-btn btn-flat  vc_custom_1755499132754\" id=\"default-btn-98379b6fb45569ca575956aeeecae79b\"><i class=\"icomoon-the7-font-the7-phone-05\"><\/i><span>+40 736 048 772<\/span><\/a><\/div>[\/vc_column_inner][vc_column_inner width=&#8221;1\/3&#8243;][\/vc_column_inner][\/vc_row_inner][\/vc_column][\/vc_row][vc_row gap=&#8221;20&#8243; content_placement=&#8221;top&#8221;][vc_column width=&#8221;1\/4&#8243; el_class=&#8221;md-contact-border&#8221;]<div id=\"ultimate-heading-641969ef61f707701\" class=\"uvc-heading ult-adjust-bottom-margin ultimate-heading-641969ef61f707701 uvc-8412 \" data-hspacer=\"line_only\"  data-halign=\"left\" style=\"text-align:left\"><div class=\"uvc-main-heading ult-responsive\"  data-ultimate-target='.uvc-heading.ultimate-heading-641969ef61f707701 h3'  data-responsive-json-new='{\"font-size\":\"desktop:24px;\",\"line-height\":\"desktop:26px;\"}' ><h3 style=\"--font-weight:theme;\">Biroul Bucure\u0219ti<\/h3><\/div><div class=\"uvc-heading-spacer line_only\" style=\"margin-top:20px;margin-bottom:20px;height:3px;\"><span class=\"uvc-headings-line\" style=\"border-style:solid;border-bottom-width:3px;border-color:#ec9200;width:50px;\"><\/span><\/div><\/div>[vc_column_text]Bucure\u0219ti, Romania<br \/>\nsofia@partners.bg<\/p>\n<p><em><strong>Orar de lucru cu clienti:<\/strong><br \/>\nLuni \u2013 Vineri<br \/>\nfrom 9-12 and from 1-5:30\u200b<br \/>\nMobile: +40 736 048 772<br \/>\n<\/em><\/p>\n<p>[\/vc_column_text][\/vc_column][vc_column width=&#8221;1\/4&#8243; el_class=&#8221;md-contact-border&#8221;]<div id=\"ultimate-heading-463669ef61f707728\" class=\"uvc-heading ult-adjust-bottom-margin ultimate-heading-463669ef61f707728 uvc-1046 \" data-hspacer=\"line_only\"  data-halign=\"left\" style=\"text-align:left\"><div class=\"uvc-main-heading ult-responsive\"  data-ultimate-target='.uvc-heading.ultimate-heading-463669ef61f707728 h3'  data-responsive-json-new='{\"font-size\":\"desktop:24px;\",\"line-height\":\"desktop:26px;\"}' ><h3 style=\"--font-weight:theme;\">Depozit de vanzare Sofia<\/h3><\/div><div class=\"uvc-heading-spacer line_only\" style=\"margin-top:20px;margin-bottom:20px;height:3px;\"><span class=\"uvc-headings-line\" style=\"border-style:solid;border-bottom-width:3px;border-color:#ec9200;width:50px;\"><\/span><\/div><\/div>[vc_column_text]<em>9 Asen Yordanov Blvd.<\/em><br \/>\n<i>e-mail: <\/i><em>sofia@partners.bg<\/em><\/p>\n<p><em><strong>Persoana pentru informatii tehnice:<\/strong><br \/>\nLyudmil Todorov<br \/>\nTelefon: 089 669 8329<\/em><\/p>\n<p><em><strong>Orar de lucru cu clienti:<\/strong><br \/>\n<\/em><em>Luni \u2013 Vineri<br \/>\nfrom 9-12 and from 1-5:30<\/em><\/p>\n<div class=\"gap\" style=\"line-height: 10px; height: 10px;\"><\/div>[\/vc_column_text][vc_column_text css=&#8221;.vc_custom_1677741152599{margin-bottom: 0px !important;}&#8221;]<iframe loading=\"lazy\" style=\"border: 0;\" src=\"https:\/\/www.google.com\/maps\/embed?pb=!1m18!1m12!1m3!1d1466.7118209008277!2d23.38531145829338!3d42.673567694791736!2m3!1f0!2f0!3f0!3m2!1i1024!2i768!4f13.1!3m3!1m2!1s0x40aa87707ce638b3%3A0x5dd9b1ddf43dff9c!2z0J_QsNGA0YLQvdGK0YDRgSDQntCe0JQ!5e0!3m2!1sen!2sbg!4v1547628727827\" width=\"400\" height=\"300\" frameborder=\"0\" allowfullscreen=\"allowfullscreen\"><span data-mce-type=\"bookmark\" style=\"display: inline-block; width: 0px; overflow: hidden; line-height: 0;\" class=\"mce_SELRES_start\">\ufeff<\/span><span data-mce-type=\"bookmark\" style=\"display: inline-block; width: 0px; overflow: hidden; line-height: 0;\" class=\"mce_SELRES_start\">\ufeff<\/span><\/iframe>[\/vc_column_text][\/vc_column][vc_column width=&#8221;1\/4&#8243;]<div id=\"ultimate-heading-691869ef61f707758\" class=\"uvc-heading ult-adjust-bottom-margin ultimate-heading-691869ef61f707758 uvc-6880 \" data-hspacer=\"line_only\"  data-halign=\"left\" style=\"text-align:left\"><div class=\"uvc-main-heading ult-responsive\"  data-ultimate-target='.uvc-heading.ultimate-heading-691869ef61f707758 h3'  data-responsive-json-new='{\"font-size\":\"desktop:24px;\",\"line-height\":\"desktop:26px;\"}' ><h3 style=\"--font-weight:theme;\">Biroul Plovdiv<\/h3><\/div><div class=\"uvc-heading-spacer line_only\" style=\"margin-top:20px;margin-bottom:20px;height:3px;\"><span class=\"uvc-headings-line\" style=\"border-style:solid;border-bottom-width:3px;border-color:#ec9200;width:50px;\"><\/span><\/div><\/div>[vc_column_text]<em>65 St. Petersburg Blvd.<\/em><br \/>\n<i>e-mail: <\/i><em>plovdiv@partners.bg<\/em><\/p>\n<p><em><strong>Persoana pentru informatii tehnice:<br \/>\n<\/strong><\/em><em>Daniel Nikolov<\/em><br \/>\n<em>Telefon: 0896 698 341<\/em><\/p>\n<p><em><strong>Orar de lucru cu clienti:<\/strong><br \/>\nLuni \u2013 Vineri<br \/>\nfrom 9-12 and from 1-5:30\u200b<\/em><\/p>\n<div class=\"gap\" style=\"line-height: 10px; height: 10px;\"><\/div>[\/vc_column_text][vc_column_text css=&#8221;.vc_custom_1526555408511{margin-bottom: 0px !important;}&#8221;]<iframe loading=\"lazy\" style=\"border: 0;\" src=\"https:\/\/www.google.com\/maps\/embed?pb=!1m18!1m12!1m3!1d2958.457117748215!2d24.771703315726466!3d42.140503956930516!2m3!1f0!2f0!3f0!3m2!1i1024!2i768!4f13.1!3m3!1m2!1s0x14acd1bf936018d7%3A0x7dc7ab6ec7120895!2z0J_QsNGA0YLQvdGK0YDRgSDQntCe0JQ!5e0!3m2!1sbg!2sbg!4v1526555350153\" width=\"400\" height=\"300\" frameborder=\"0\" allowfullscreen=\"allowfullscreen\" data-mce-fragment=\"1\"><span data-mce-type=\"bookmark\" style=\"display: inline-block; width: 0px; overflow: hidden; line-height: 0;\" class=\"mce_SELRES_start\">\ufeff<\/span><\/iframe>[\/vc_column_text][\/vc_column][vc_column width=&#8221;1\/4&#8243;]<div id=\"ultimate-heading-759669ef61f707780\" class=\"uvc-heading ult-adjust-bottom-margin ultimate-heading-759669ef61f707780 uvc-2920 \" data-hspacer=\"line_only\"  data-halign=\"left\" style=\"text-align:left\"><div class=\"uvc-main-heading ult-responsive\"  data-ultimate-target='.uvc-heading.ultimate-heading-759669ef61f707780 h3'  data-responsive-json-new='{\"font-size\":\"desktop:24px;\",\"line-height\":\"desktop:26px;\"}' ><h3 style=\"--font-weight:theme;\">Biroul Varna<\/h3><\/div><div class=\"uvc-heading-spacer line_only\" style=\"margin-top:20px;margin-bottom:20px;height:3px;\"><span class=\"uvc-headings-line\" style=\"border-style:solid;border-bottom-width:3px;border-color:#ec9200;width:50px;\"><\/span><\/div><\/div>[vc_column_text]<em>3 Petko Staynov Str.<\/em><br \/>\n<i>e-mail: va<\/i><em>rna@partners.bg<\/em><\/p>\n<p><em><strong>Persoana pentru informatii tehnice:<\/strong><br \/>\nIvaylo Yankov<\/em><br \/>\n<em>Telefon: 0894 688 456<\/em><\/p>\n<p><em><strong>Orar de lucru cu clienti:<\/strong><br \/>\n<\/em><em>Luni \u2013 Vineri<br \/>\nfrom 9 to 12:45 and from 1:45-5:30<\/em><\/p>\n<div class=\"gap\" style=\"line-height: 10px; height: 10px;\"><\/div>[\/vc_column_text][vc_column_text css=&#8221;.vc_custom_1526555484098{margin-bottom: 0px !important;}&#8221;]<iframe loading=\"lazy\" style=\"border: 0;\" src=\"https:\/\/www.google.com\/maps\/embed?pb=!1m18!1m12!1m3!1d2907.59056094083!2d27.904405315750843!3d43.21807638847532!2m3!1f0!2f0!3f0!3m2!1i1024!2i768!4f13.1!3m3!1m2!1s0x40a4547ab3672393%3A0xacaf2cb70e606c58!2z0J_QsNGA0YLQvdGK0YDRgSDQntCe0JQ!5e0!3m2!1sbg!2sbg!4v1526555436936\" width=\"400\" height=\"300\" frameborder=\"0\" allowfullscreen=\"allowfullscreen\" data-mce-fragment=\"1\"><span data-mce-type=\"bookmark\" style=\"display: inline-block; width: 0px; overflow: hidden; line-height: 0;\" class=\"mce_SELRES_start\">\ufeff<\/span><\/iframe>[\/vc_column_text][\/vc_column][\/vc_row]<\/p>\n<\/div>","protected":false},"excerpt":{"rendered":"<p>[vc_row gap=&#8221;30&#8243; content_placement=&#8221;middle&#8221; css=&#8221;.vc_custom_1755079214495{margin-bottom: 50px !important;}&#8221;][vc_column width=&#8221;1\/3&#8243; css=&#8221;.vc_custom_1755079167539{padding-top: 0px !important;padding-right: 0px !important;padding-bottom: 0px !important;padding-left: 0px !important;}&#8221;][vc_single_image image=&#8221;42274&#8243; img_size=&#8221;full&#8221; css=&#8221;.vc_custom_1755169809113{margin-bottom: 0px !important;}&#8221;][\/vc_column][vc_column width=&#8221;2\/3&#8243; css=&#8221;.vc_custom_1755174431235{padding-top: 35px !important;padding-bottom: 20px !important;padding-left: 35px !important;background-color: #f9f9f9 !important;}&#8221;][vc_column_text] Departamentul de V\u00e2nz\u0103ri Contacta\u021bi consultantul nostru pentru o comand\u0103 telefonic\u0103 rapid\u0103 \u0219i u\u0219oar\u0103 \u2013 suntem aici pentru a v\u0103 ajuta! [\/vc_column_text][vc_row_inner][vc_column_inner width=&#8221;1\/3&#8243; css=&#8221;.vc_custom_1755174323064{margin-bottom: 32px&hellip;<\/p>\n","protected":false},"author":1,"featured_media":0,"parent":0,"menu_order":0,"comment_status":"closed","ping_status":"closed","template":"","meta":{"footnotes":""},"_links":{"self":[{"href":"https:\/\/partners-ltd.com\/ro\/wp-json\/wp\/v2\/pages\/14260"}],"collection":[{"href":"https:\/\/partners-ltd.com\/ro\/wp-json\/wp\/v2\/pages"}],"about":[{"href":"https:\/\/partners-ltd.com\/ro\/wp-json\/wp\/v2\/types\/page"}],"author":[{"embeddable":true,"href":"https:\/\/partners-ltd.com\/ro\/wp-json\/wp\/v2\/users\/1"}],"replies":[{"embeddable":true,"href":"https:\/\/partners-ltd.com\/ro\/wp-json\/wp\/v2\/comments?post=14260"}],"version-history":[{"count":29,"href":"https:\/\/partners-ltd.com\/ro\/wp-json\/wp\/v2\/pages\/14260\/revisions"}],"predecessor-version":[{"id":46527,"href":"https:\/\/partners-ltd.com\/ro\/wp-json\/wp\/v2\/pages\/14260\/revisions\/46527"}],"wp:attachment":[{"href":"https:\/\/partners-ltd.com\/ro\/wp-json\/wp\/v2\/media?parent=14260"}],"curies":[{"name":"wp","href":"https:\/\/api.w.org\/{rel}","templated":true}]}}