{"id":14206,"date":"2018-05-15T13:27:26","date_gmt":"2018-05-15T10:27:26","guid":{"rendered":"https:\/\/partners-ltd.com\/?page_id=14206"},"modified":"2026-03-18T10:20:49","modified_gmt":"2026-03-18T08:20:49","slug":"despre-noi","status":"publish","type":"page","link":"https:\/\/partners-ltd.com\/ro\/despre-noi\/","title":{"rendered":"Partners Ltd \u2013 Cine suntem noi"},"content":{"rendered":"<div class=\"wpb-content-wrapper\"><p>[vc_row][vc_column][vc_column_text]<\/p>\n<h2>Partners \u2013 inceputul<\/h2>\n<p>Partners OOD a fost infiintata in 1995 si de atunci este distribuitor autorizat 3M pentru grafica publicitara exterioara pentru Bulgaria. Pe parcursul anilor, ne-am specializat in oferirea unei varietati de produse pentru grafica publicitara, precum folie, profile de aluminiu pentru casete, plexiglas, PVC, panouri din plastic, LED-uri si multe alte. Calitatea inalta si usurinta in utilizare sunt criteriile obligatorii pentru a deveni parte din portofoliul nostru. Materialele pe care le oferim sunt extrem de diverse \u2013 profile de aluminiu pentru productia de casete si litere volumetrice, LED-uri, plexiglas, placi de PVC, placi de copoliester, benzi dublu adezive, spray adeziv, abrazive si multe alte.<\/p>\n<p>In primul rand am inceput cu un mic magazin pentru plexiglas si polistirol in apropiere de trecerea de cale ferata pe b-dul Shesti septemvri in Plovdiv. In 1997 am devenit Distribuitor autorizat 3M pentru materiale pentru grafica publicitara. In acelasi an am deschis si magazinul nostru in Sofia pe b-dul G.M. Dimitrov. Dezvoltarea rapida a companiei si cresterea clientilor pe teritoriul tarii ne-a motivat sa deschidem in 2003 si un birou in Varna. In scopul de a imbunatati serviciile pentru clienti si calitatea de depozitare, in 2017 am deschis depozite mari in Sofia si Plovdiv.[\/vc_column_text][\/vc_column][\/vc_row][vc_row disable_element=&#8221;yes&#8221;][vc_column][vc_separator style=&#8221;double&#8221;][vc_column_text]<\/p>\n<h4>Viziunea companiei Partners Ltd:<\/h4>\n<h2>Prin competente si calitate lucram pentru succesul clientilor nostri<\/h2>\n<p>[\/vc_column_text][vc_separator style=&#8221;double&#8221;][\/vc_column][\/vc_row][vc_row bg_type=&#8221;bg_color&#8221; css=&#8221;.vc_custom_1542200898806{margin-right: 10px !important;margin-left: 10px !important;background-color: #fcfcfc !important;}&#8221;][vc_column]<div class=\"aio-icon-component    style_1\"><div id=\"Info-box-wrap-5331\" class=\"aio-icon-box top-icon\" style=\"\"  ><div class=\"aio-icon-top\"><div class=\"ult-just-icon-wrapper  \"><div class=\"align-icon\" style=\"text-align:center;\">\n<div class=\"aio-icon none \"  style=\"color:#333;font-size:32px;display:inline-block;\">\n\t<i class=\"Defaults-child\"><\/i>\n<\/div><\/div><\/div><\/div><div class=\"aio-icon-header\" ><h3 class=\"aio-icon-title ult-responsive\"  data-ultimate-target='#Info-box-wrap-5331 .aio-icon-title'  data-responsive-json-new='{\"font-size\":\"desktop:26px;\",\"line-height\":\"desktop:34px;\"}'  style=\"\">Prin competente si calitate lucram pentru succesul clientilor nostri<\/h3><\/div> <!-- header --><div class=\"aio-icon-description ult-responsive\"  data-ultimate-target='#Info-box-wrap-5331 .aio-icon-description'  data-responsive-json-new='{\"font-size\":\"desktop:16px;\",\"line-height\":\"desktop:26px;\"}'  style=\"color:#6b6b6b;\">&#8211; Viziunea companiei Partners Ltd &#8211;<\/div> <!-- description --><\/div> <!-- aio-icon-box --><\/div> <!-- aio-icon-component -->[\/vc_column][\/vc_row][vc_row css=&#8221;.vc_custom_1542200856517{margin-right: 10px !important;margin-left: 10px !important;}&#8221;][vc_column]<div class=\"ult-spacer spacer-69e3641b88d15\" data-id=\"69e3641b88d15\" data-height=\"40\" data-height-mobile=\"20\" data-height-tab=\"20\" data-height-tab-portrait=\"20\" data-height-mobile-landscape=\"20\" style=\"clear:both;display:block;\"><\/div>[vc_column_text]<\/p>\n<h2>Produse 3M cu calitate dovedita si garantie<\/h2>\n<p>In calitate de distribuitor autorizat 3M, noi oferim intrega gama de folii si vinil a companiei americane. Avem o mare varietate \u2013 folie promotionala, folie pentru uz general, pentru casete luminoase, pentru vitralii, pentru imprimare digitala si alte. In ultimii ani am adaugat si folie arhitecturala \u2013 pentru pereti, podele si vitrine. In mod excelent se accepta folia pentru tuning auto \u2013 carbon, pentru colantari complete auto, pentru intunecare geamuri si protectia vopselei.[\/vc_column_text][\/vc_column][\/vc_row][vc_row gap=&#8221;35&#8243;][vc_column width=&#8221;1\/2&#8243;][vc_single_image image=&#8221;14218&#8243; img_size=&#8221;408&#215;296&#8243; alignment=&#8221;center&#8221; style=&#8221;vc_box_border&#8221; onclick=&#8221;link_image&#8221;][\/vc_column][vc_column width=&#8221;1\/2&#8243;][vc_single_image image=&#8221;14217&#8243; img_size=&#8221;408&#215;296&#8243; alignment=&#8221;center&#8221; style=&#8221;vc_box_border&#8221; onclick=&#8221;link_image&#8221;][\/vc_column][\/vc_row][vc_row][vc_column]<div id=\"ultimate-heading-404269e3641b88d40\" class=\"uvc-heading ult-adjust-bottom-margin ultimate-heading-404269e3641b88d40 uvc-5839 \" data-hspacer=\"line_only\"  data-halign=\"left\" style=\"text-align:left\"><div class=\"uvc-main-heading ult-responsive\"  data-ultimate-target='.uvc-heading.ultimate-heading-404269e3641b88d40 h3'  data-responsive-json-new='{\"font-size\":\"desktop:24px;\",\"line-height\":\"desktop:28px;\"}' ><h3 style=\"--font-weight:theme;\">Distribuitor autorizat 3M si suport tehnic<\/h3><\/div><div class=\"uvc-heading-spacer line_only\" style=\"margin-top:20px;margin-bottom:20px;height:3px;\"><span class=\"uvc-headings-line\" style=\"border-style:solid;border-bottom-width:3px;border-color:#ec9200;width:100px;\"><\/span><\/div><\/div>[vc_column_text]Avem magazine in cele mai mari trei orase din Bulgaria \u2013 Sofia, Plovdiv si Varna. La acestea lucreaza o echipa de specialisti tineri, calificati si extrem de motivati, care au fost instruiti cu privire la toate materialele oferite. Deservim clienti din intreaga tara. Asiguram asistenta tehnica la fata locului pentru clientii nostri, inclusiv si specialisti 3M din strainatate.[\/vc_column_text][\/vc_column][\/vc_row][vc_row][vc_column]<div id=\"ultimate-heading-610369e3641b88d60\" class=\"uvc-heading ult-adjust-bottom-margin ultimate-heading-610369e3641b88d60 uvc-9927 \" data-hspacer=\"line_only\"  data-halign=\"left\" style=\"text-align:left\"><div class=\"uvc-main-heading ult-responsive\"  data-ultimate-target='.uvc-heading.ultimate-heading-610369e3641b88d60 h3'  data-responsive-json-new='{\"font-size\":\"desktop:24px;\",\"line-height\":\"desktop:28px;\"}' ><h3 style=\"--font-weight:theme;\">Vanzari reusite si in alte tari balcanice<\/h3><\/div><div class=\"uvc-heading-spacer line_only\" style=\"margin-top:20px;margin-bottom:20px;height:3px;\"><span class=\"uvc-headings-line\" style=\"border-style:solid;border-bottom-width:3px;border-color:#ec9200;width:100px;\"><\/span><\/div><\/div>[vc_column_text]\u00cen 2014, am \u00eenfiin\u021bat o filial\u0103 \u00een Serbia \u2013 <a href=\"https:\/\/www.enroll.rs\/\"><strong>Enroll d.o.o.<\/strong><\/a>, care reproduce activitatea companiei Partners pe teritoriul Serbiei \u0219i Muntenegrului. Cu o cre\u0219tere anual\u0103 constant\u0103, o baz\u0103 de clien\u021bi \u00een continu\u0103 extindere \u0219i \u00eencredere consolidat\u0103, Enroll d.o.o. este ast\u0103zi unul dintre principalii furnizori de materiale profesionale pentru publicitate vizual\u0103 din regiune.<\/p>\n<p>Dezvolt\u0103m cu succes v\u00e2nz\u0103rile \u0219i \u00een Rom\u00e2nia, unde oferim un portofoliu larg de folii autoadezive \u2013 pentru publicitate outdoor, colantare auto, aplica\u021bii arhitecturale \u0219i de protec\u021bie. Pentru a ne consolida prezen\u021ba pe pia\u021ba rom\u00e2neasc\u0103, \u00eencep\u00e2nd cu anul 2025, Partners este membru al Camerei de Comer\u021b Bulgaro-Rom\u00e2ne. Schimbul de experien\u021b\u0103 \u00eentre \u021b\u0103ri \u0219i prezen\u021ba noastr\u0103 activ\u0103 \u00een regiune deschid noi oportunit\u0103\u021bi pentru dezvoltare \u0219i parteneriate.[\/vc_column_text][vc_single_image image=&#8221;41920&#8243; img_size=&#8221;428&#215;685&#8243;][\/vc_column][\/vc_row][vc_row disable_element=&#8221;yes&#8221;][vc_column]<div id=\"ultimate-heading-184669e3641b88d7a\" class=\"uvc-heading ult-adjust-bottom-margin ultimate-heading-184669e3641b88d7a uvc-1531 \" data-hspacer=\"line_only\"  data-halign=\"left\" style=\"text-align:left\"><div class=\"uvc-main-heading ult-responsive\"  data-ultimate-target='.uvc-heading.ultimate-heading-184669e3641b88d7a h3'  data-responsive-json-new='{\"font-size\":\"desktop:24px;\",\"line-height\":\"desktop:28px;\"}' ><h3 style=\"--font-weight:theme;\">Echipa noastra:<\/h3><\/div><div class=\"uvc-heading-spacer line_only\" style=\"margin-top:20px;margin-bottom:20px;height:3px;\"><span class=\"uvc-headings-line\" style=\"border-style:solid;border-bottom-width:3px;border-color:#ec9200;width:100px;\"><\/span><\/div><\/div>[vc_row_inner equal_height=&#8221;yes&#8221; gap=&#8221;35&#8243;][vc_column_inner width=&#8221;1\/3&#8243; css=&#8221;.vc_custom_1526899582932{border: 1px dotted #d6d6d6 !important;}&#8221;][vc_single_image image=&#8221;14207&#8243; img_size=&#8221;full&#8221; alignment=&#8221;center&#8221;]<div id=\"ultimate-heading-104469e3641b88dcc\" class=\"uvc-heading ult-adjust-bottom-margin ultimate-heading-104469e3641b88dcc uvc-8004 \" data-hspacer=\"line_with_icon\" data-hline_width=\"100\" data-hicon_type=\"selector\" data-hborder_style=\"solid\" data-hborder_height=\"3\" data-hborder_color=\"#ec9200\" data-icon_width=\"25\" data-hfixer=\"10\"  data-halign=\"center\" style=\"text-align:center\"><div class=\"uvc-main-heading ult-responsive\"  data-ultimate-target='.uvc-heading.ultimate-heading-104469e3641b88dcc h4'  data-responsive-json-new='{\"font-size\":\"desktop:18px;\",\"line-height\":\"desktop:24px;\"}' ><h4 style=\"--font-weight:theme;\">Yanislava Nikolova<\/h4><\/div><div class=\"uvc-heading-spacer line_with_icon\" style=\"margin-bottom:10px;height:25px;\"><div class=\"ult-just-icon-wrapper  \"><div class=\"align-icon\" style=\"text-align:center;\">\n<div class=\"aio-icon none \"  style=\"color:#ec9200;font-size:25px;display:inline-block;\">\n\t<i class=\"Defaults-group users\"><\/i>\n<\/div><\/div><\/div><\/div><div class=\"uvc-sub-heading ult-responsive\"  data-ultimate-target='.uvc-heading.ultimate-heading-104469e3641b88dcc .uvc-sub-heading '  data-responsive-json-new='{\"font-size\":\"desktop:14px;\",\"line-height\":\"\"}'  style=\"font-style:italic;font-weight:normal;\"><\/p>\n<h5 style=\"text-align: center;\"><strong>Manager birou Sofia<\/strong><\/h5>\n<p style=\"text-align: center;\">Biroul Sofia<\/p>\n<p style=\"text-align: center;\"><em>tel. +359 89 364 4917<\/em><\/p>\n<p style=\"text-align: center;\"><em>email: ya.nikolova@partners.bg<\/em><\/p>\n<p><\/div><\/div>[\/vc_column_inner][vc_column_inner width=&#8221;1\/3&#8243; css=&#8221;.vc_custom_1526900294850{border: 1px dotted #d6d6d6 !important;}&#8221;][vc_single_image image=&#8221;14211&#8243; img_size=&#8221;full&#8221; alignment=&#8221;center&#8221;]<div id=\"ultimate-heading-541069e3641b88e18\" class=\"uvc-heading ult-adjust-bottom-margin ultimate-heading-541069e3641b88e18 uvc-1318 \" data-hspacer=\"line_with_icon\" data-hline_width=\"100\" data-hicon_type=\"selector\" data-hborder_style=\"solid\" data-hborder_height=\"3\" data-hborder_color=\"#ec9200\" data-icon_width=\"25\" data-hfixer=\"10\"  data-halign=\"center\" style=\"text-align:center\"><div class=\"uvc-main-heading ult-responsive\"  data-ultimate-target='.uvc-heading.ultimate-heading-541069e3641b88e18 h4'  data-responsive-json-new='{\"font-size\":\"desktop:18px;\",\"line-height\":\"desktop:24px;\"}' ><h4 style=\"--font-weight:theme;\">Daniel Nikolov<\/h4><\/div><div class=\"uvc-heading-spacer line_with_icon\" style=\"margin-bottom:10px;height:25px;\"><div class=\"ult-just-icon-wrapper  \"><div class=\"align-icon\" style=\"text-align:center;\">\n<div class=\"aio-icon none \"  style=\"color:#ec9200;font-size:25px;display:inline-block;\">\n\t<i class=\"Defaults-group users\"><\/i>\n<\/div><\/div><\/div><\/div><div class=\"uvc-sub-heading ult-responsive\"  data-ultimate-target='.uvc-heading.ultimate-heading-541069e3641b88e18 .uvc-sub-heading '  data-responsive-json-new='{\"font-size\":\"desktop:14px;\",\"line-height\":\"\"}'  style=\"font-style:italic;font-weight:normal;\"><\/p>\n<h5 style=\"text-align: center;\"><strong>Manager birou Plovdiv<\/strong><\/h5>\n<p style=\"text-align: center;\">Biroul Plovdiv<\/p>\n<p style=\"text-align: center;\"><em>tel. +359 89 669 8341<\/em><\/p>\n<p style=\"text-align: center;\"><em>email: d.nikolov@partners.bg<\/em><\/p>\n<p><\/div><\/div>[\/vc_column_inner][vc_column_inner width=&#8221;1\/3&#8243; css=&#8221;.vc_custom_1526900335737{border: 1px dotted #d6d6d6 !important;}&#8221;][vc_single_image image=&#8221;19841&#8243; img_size=&#8221;full&#8221; alignment=&#8221;center&#8221;]<div id=\"ultimate-heading-967269e3641b88e59\" class=\"uvc-heading ult-adjust-bottom-margin ultimate-heading-967269e3641b88e59 uvc-2380 \" data-hspacer=\"line_with_icon\" data-hline_width=\"100\" data-hicon_type=\"selector\" data-hborder_style=\"solid\" data-hborder_height=\"3\" data-hborder_color=\"#ec9200\" data-icon_width=\"25\" data-hfixer=\"10\"  data-halign=\"center\" style=\"text-align:center\"><div class=\"uvc-main-heading ult-responsive\"  data-ultimate-target='.uvc-heading.ultimate-heading-967269e3641b88e59 h4'  data-responsive-json-new='{\"font-size\":\"desktop:18px;\",\"line-height\":\"desktop:24px;\"}' ><h4 style=\"--font-weight:theme;\">Ivaylo Yankov<\/h4><\/div><div class=\"uvc-heading-spacer line_with_icon\" style=\"margin-bottom:10px;height:25px;\"><div class=\"ult-just-icon-wrapper  \"><div class=\"align-icon\" style=\"text-align:center;\">\n<div class=\"aio-icon none \"  style=\"color:#ec9200;font-size:25px;display:inline-block;\">\n\t<i class=\"Defaults-group users\"><\/i>\n<\/div><\/div><\/div><\/div><div class=\"uvc-sub-heading ult-responsive\"  data-ultimate-target='.uvc-heading.ultimate-heading-967269e3641b88e59 .uvc-sub-heading '  data-responsive-json-new='{\"font-size\":\"desktop:14px;\",\"line-height\":\"\"}'  style=\"font-style:italic;font-weight:normal;\"><\/p>\n<h5 style=\"text-align: center;\"><strong>Manager birou Varna<\/strong><\/h5>\n<p style=\"text-align: center;\">Biroul Varna<\/p>\n<p style=\"text-align: center;\"><em>tel. +359 89 468 8456<\/em><\/p>\n<p style=\"text-align: center;\"><em>email: iyankov@partners.bg<\/em><\/p>\n<p><\/div><\/div>[\/vc_column_inner][\/vc_row_inner][\/vc_column][\/vc_row]<\/p>\n<\/div>","protected":false},"excerpt":{"rendered":"<p>[vc_row][vc_column][vc_column_text] Partners \u2013 inceputul Partners OOD a fost infiintata in 1995 si de atunci este distribuitor autorizat 3M pentru grafica publicitara exterioara pentru Bulgaria. Pe parcursul anilor, ne-am specializat in oferirea unei varietati de produse pentru grafica publicitara, precum folie, profile de aluminiu pentru casete, plexiglas, PVC, panouri din plastic, LED-uri si multe alte. Calitatea&hellip;<\/p>\n","protected":false},"author":1,"featured_media":0,"parent":0,"menu_order":0,"comment_status":"closed","ping_status":"closed","template":"","meta":{"footnotes":""},"_links":{"self":[{"href":"https:\/\/partners-ltd.com\/ro\/wp-json\/wp\/v2\/pages\/14206"}],"collection":[{"href":"https:\/\/partners-ltd.com\/ro\/wp-json\/wp\/v2\/pages"}],"about":[{"href":"https:\/\/partners-ltd.com\/ro\/wp-json\/wp\/v2\/types\/page"}],"author":[{"embeddable":true,"href":"https:\/\/partners-ltd.com\/ro\/wp-json\/wp\/v2\/users\/1"}],"replies":[{"embeddable":true,"href":"https:\/\/partners-ltd.com\/ro\/wp-json\/wp\/v2\/comments?post=14206"}],"version-history":[{"count":15,"href":"https:\/\/partners-ltd.com\/ro\/wp-json\/wp\/v2\/pages\/14206\/revisions"}],"predecessor-version":[{"id":46461,"href":"https:\/\/partners-ltd.com\/ro\/wp-json\/wp\/v2\/pages\/14206\/revisions\/46461"}],"wp:attachment":[{"href":"https:\/\/partners-ltd.com\/ro\/wp-json\/wp\/v2\/media?parent=14206"}],"curies":[{"name":"wp","href":"https:\/\/api.w.org\/{rel}","templated":true}]}}