{"id":22472,"date":"2020-09-21T11:24:39","date_gmt":"2020-09-21T08:24:39","guid":{"rendered":"https:\/\/partners-ltd.com\/en\/shop\/tools-sample-books\/3m-finish-line-knifeless-tape-cut-multilayer-35x10\/"},"modified":"2026-03-22T08:24:39","modified_gmt":"2026-03-22T06:24:39","slug":"3m-finish-line-knifeless-tape-cut-multilayer-35x10","status":"publish","type":"product","link":"https:\/\/partners-ltd.com\/en\/shop\/tools-sample-books\/3m-tools-accessories\/3m-finish-line-knifeless-tape-cut-multilayer-35x10\/","title":{"rendered":"3M Finish Line Knifeless Tape \u2013 Cut multilayer film, without car scratches 3,5 mm x 10m"},"content":{"rendered":"<div class=\"wpb-content-wrapper\"><p>[vc_row][vc_column][vc_column_text]<\/p>\n<h2 class=\"western\" align=\"left\">Extremely strong filament for cutting a multilayer films<\/h2>\n<p><strong>3M Finish Line Knifeless Tape<\/strong> is designed to do fine cuts, without a knife or plotter. The possibility of your car being scratched is minimized. The 3M Finish Line Knifeless Tape series is designed with a <strong>strong and durable filament<\/strong> that cannot be torn by hand. Recommended for use of single-layer and multi-layer types of film and laminates.<\/p>\n<p>Due to its exceptional strength, the knifeless line <strong>does not stretch<\/strong> and this makes it suitable for slight curves<\/p>\n<p>&nbsp;<\/p>\n\n\t\t\t<style type='text\/css'>\n\t\t\t\t#gallery-1 {\n\t\t\t\t\tmargin: auto;\n\t\t\t\t}\n\t\t\t\t#gallery-1 .gallery-item {\n\t\t\t\t\tfloat: left;\n\t\t\t\t\tmargin-top: 10px;\n\t\t\t\t\ttext-align: center;\n\t\t\t\t\twidth: 33%;\n\t\t\t\t}\n\t\t\t\t#gallery-1 img {\n\t\t\t\t\tborder: 2px solid #cfcfcf;\n\t\t\t\t}\n\t\t\t\t#gallery-1 .gallery-caption {\n\t\t\t\t\tmargin-left: 0;\n\t\t\t\t}\n\t\t\t\t\/* see gallery_shortcode() in wp-includes\/media.php *\/\n\t\t\t<\/style>\n\t\t<div id='gallery-1' class='dt-gallery-container gallery galleryid-22472 gallery-columns-3 gallery-size-medium'><dl class='gallery-item'>\n\t\t\t\t<dt class='gallery-icon landscape'>\n\t\t\t\t\t<img loading=\"lazy\" decoding=\"async\" width=\"300\" height=\"169\" src=\"https:\/\/partners-ltd.com\/wp-content\/uploads\/2020\/09\/3M-Finish-Line-Knifeless-Tape-1-300x169.jpg\" class=\"attachment-medium size-medium\" alt=\"3M Finish Line Knifeless Tape - folie multistrat t\u0103iat\u0103 fin, f\u0103r\u0103 zg\u00e2rieturi auto\" srcset=\"https:\/\/partners-ltd.com\/wp-content\/uploads\/2020\/09\/3M-Finish-Line-Knifeless-Tape-1-300x169.jpg 300w, https:\/\/partners-ltd.com\/wp-content\/uploads\/2020\/09\/3M-Finish-Line-Knifeless-Tape-1-768x432.jpg 768w, https:\/\/partners-ltd.com\/wp-content\/uploads\/2020\/09\/3M-Finish-Line-Knifeless-Tape-1-425x239.jpg 425w, https:\/\/partners-ltd.com\/wp-content\/uploads\/2020\/09\/3M-Finish-Line-Knifeless-Tape-1.jpg 774w\" sizes=\"(max-width: 300px) 100vw, 300px\" \/>\n\t\t\t\t<\/dt><\/dl><dl class='gallery-item'>\n\t\t\t\t<dt class='gallery-icon landscape'>\n\t\t\t\t\t<img loading=\"lazy\" decoding=\"async\" width=\"300\" height=\"169\" src=\"https:\/\/partners-ltd.com\/wp-content\/uploads\/2020\/09\/3M-Finish-Line-Knifeless-Tape_-300x169.jpg\" class=\"attachment-medium size-medium\" alt=\"3M Finish Line Knifeless Tape - folie multistrat t\u0103iat\u0103 fin, f\u0103r\u0103 zg\u00e2rieturi auto\" srcset=\"https:\/\/partners-ltd.com\/wp-content\/uploads\/2020\/09\/3M-Finish-Line-Knifeless-Tape_-300x169.jpg 300w, https:\/\/partners-ltd.com\/wp-content\/uploads\/2020\/09\/3M-Finish-Line-Knifeless-Tape_-768x432.jpg 768w, https:\/\/partners-ltd.com\/wp-content\/uploads\/2020\/09\/3M-Finish-Line-Knifeless-Tape_-1024x576.jpg 1024w, https:\/\/partners-ltd.com\/wp-content\/uploads\/2020\/09\/3M-Finish-Line-Knifeless-Tape_-425x239.jpg 425w, https:\/\/partners-ltd.com\/wp-content\/uploads\/2020\/09\/3M-Finish-Line-Knifeless-Tape_.jpg 1137w\" sizes=\"(max-width: 300px) 100vw, 300px\" \/>\n\t\t\t\t<\/dt><\/dl><dl class='gallery-item'>\n\t\t\t\t<dt class='gallery-icon landscape'>\n\t\t\t\t\t<img loading=\"lazy\" decoding=\"async\" width=\"300\" height=\"169\" src=\"https:\/\/partners-ltd.com\/wp-content\/uploads\/2020\/09\/3M-Finish-Line-Knifeless-Tape-detail-300x169.jpg\" class=\"attachment-medium size-medium\" alt=\"3M Finish Line Knifeless Tape\" srcset=\"https:\/\/partners-ltd.com\/wp-content\/uploads\/2020\/09\/3M-Finish-Line-Knifeless-Tape-detail-300x169.jpg 300w, https:\/\/partners-ltd.com\/wp-content\/uploads\/2020\/09\/3M-Finish-Line-Knifeless-Tape-detail.jpg 364w\" sizes=\"(max-width: 300px) 100vw, 300px\" \/>\n\t\t\t\t<\/dt><\/dl><br style=\"clear: both\" \/>\n\t\t\t<\/div>\n\n<h2><\/h2>\n<p>&nbsp;<\/p>\n<h2>Precisely and efficiently cut<\/h2>\n<p>Don\u2019t risk nicks or cuts from a blade on the vehicle or substrate, use 3M\u2122 Knifeless Tapes. Knifeless tape technology is designed to cut graphic film without a knife for clean, risk-free cuts every time. Easy and safe &#8211; for you and your car.<\/p>\n<p>No scratches! The 3M Warranty ensures that all elements of a graphic \u2013 from film and ink to adhesive, tape, and protective coating \u2013 will perform at its best, consistently over time, and in the harshest environments.<\/p>\n<p><strong>IMPORTANT NOTES:<\/strong><br \/>\nDo not subject Knifeless Tape to outdoor applications or prolonged periods of sunlight as tape may become difficult to remove CAUTION: Handle any Knifeless Tape with care. DO NOT wrap around fingers or hand during the trimming operation or during the start of the trimming operation.[\/vc_column_text][\/vc_column][\/vc_row][vc_row css=&#8221;.vc_custom_1531296600629{margin-bottom: 20px !important;border-top-width: 1px !important;border-right-width: 1px !important;border-bottom-width: 1px !important;border-left-width: 1px !important;padding-right: 10px !important;padding-left: 10px !important;border-left-color: #e2e2e2 !important;border-left-style: dotted !important;border-right-color: #e2e2e2 !important;border-right-style: dotted !important;border-top-color: #e2e2e2 !important;border-top-style: dotted !important;border-bottom-color: #e2e2e2 !important;border-bottom-style: dotted !important;border-radius: 2px !important;}&#8221;][vc_column width=&#8221;1\/2&#8243;]<div id=\"ultimate-heading-90369e4c62c34529\" class=\"uvc-heading ult-adjust-bottom-margin ultimate-heading-90369e4c62c34529 uvc-8209 \" data-hspacer=\"no_spacer\"  data-halign=\"left\" style=\"text-align:left\"><div class=\"uvc-heading-spacer no_spacer\" style=\"top\"><\/div><div class=\"uvc-main-heading ult-responsive\"  data-ultimate-target='.uvc-heading.ultimate-heading-90369e4c62c34529 h3'  data-responsive-json-new='{\"font-size\":\"desktop:28px;\",\"line-height\":\"desktop:38px;\"}' ><h3 style=\"--font-weight:theme;margin-bottom:20px;\">Aplication:<\/h3><\/div><\/div><div class=\"standard-arrow list-divider bullet-top\"><ul>\n<li>allows cutting single or multilayer films<\/li>\n<li>around mirrors<\/li>\n<li>door handles and all mouldings<\/li>\n<li>across rubber seals<\/li>\n<li>window coverings prior to application of seal tapes<\/li>\n<\/ul>\n<\/div>[\/vc_column][vc_column width=&#8221;1\/2&#8243;]<style type=\"text\/css\" data-type=\"the7_shortcodes-inline-css\">.shortcode-single-image-wrap.shortcode-single-image-e1d662c8debe285024d7b5086af45a72.enable-bg-rollover .rollover i,\n.shortcode-single-image-wrap.shortcode-single-image-e1d662c8debe285024d7b5086af45a72.enable-bg-rollover .rollover-video i {\n  background: -webkit-linear-gradient();\n  background: linear-gradient();\n}\n.shortcode-single-image-wrap.shortcode-single-image-e1d662c8debe285024d7b5086af45a72 .rollover-icon {\n  font-size: 32px;\n  color: #ffffff;\n  min-width: 44px;\n  min-height: 44px;\n  line-height: 44px;\n  border-radius: 100px;\n  border-style: solid;\n  border-width: 0px;\n}\n.dt-icon-bg-on.shortcode-single-image-wrap.shortcode-single-image-e1d662c8debe285024d7b5086af45a72 .rollover-icon {\n  background: rgba(255,255,255,0.3);\n  box-shadow: none;\n}\n<\/style><div class=\"shortcode-single-image-wrap shortcode-single-image-e1d662c8debe285024d7b5086af45a72 alignnone shortcode-single-video  enable-bg-rollover dt-icon-bg-off\" style=\"margin-top:0px; margin-bottom:0px; margin-left:0px; margin-right:0px; width:500px;\"><div class=\"shortcode-single-image\"><div class=\"fancy-media-wrap\" style=\"\"><iframe loading=\"lazy\" width=\"500\" height=\"281\" src=\"https:\/\/www.youtube.com\/embed\/KCr-XsFvu5Y?feature=oembed&enablejsapi=1&origin=https:\/\/partners-ltd.com\" frameborder=\"0\" allow=\"accelerometer; autoplay; clipboard-write; encrypted-media; gyroscope; picture-in-picture\" allowfullscreen><\/iframe><\/div><\/div><\/div>[\/vc_column][vc_column]<div id=\"ultimate-heading-731969e4c62c35307\" class=\"uvc-heading ult-adjust-bottom-margin ultimate-heading-731969e4c62c35307 uvc-4114 \" data-hspacer=\"no_spacer\"  data-halign=\"left\" style=\"text-align:left\"><div class=\"uvc-heading-spacer no_spacer\" style=\"top\"><\/div><div class=\"uvc-main-heading ult-responsive\"  data-ultimate-target='.uvc-heading.ultimate-heading-731969e4c62c35307 h3'  data-responsive-json-new='{\"font-size\":\"desktop:28px;\",\"line-height\":\"desktop:38px;\"}' ><h3 style=\"--font-weight:theme;margin-bottom:20px;\">Advantages:<\/h3><\/div><\/div>[vc_row_inner][vc_column_inner width=&#8221;1\/2&#8243;]<div class=\"standard-arrow list-divider bullet-top\"><ul>\n<li>Allows cutting multilayer films<\/li>\n<li>Eliminates surface damage from blades<\/li>\n<li>Stretches slightly and turns easily in any direction<\/li>\n<li>Create striping, accents and designs instead of using a knife or plotter<\/li>\n<\/ul>\n<\/div>[\/vc_column_inner][vc_column_inner width=&#8221;1\/2&#8243;]<div class=\"standard-arrow list-divider bullet-top\"><ul>\n<li>suitable for slight curves<\/li>\n<li>temperature application: 16\u00b0C &#8211; 30\u00b0C<\/li>\n<li>for covered or hidden film edges<\/li>\n<li>Colour: Semi-transparent green.<\/li>\n<\/ul>\n<\/div>[\/vc_column_inner][\/vc_row_inner][\/vc_column][\/vc_row][vc_row][vc_column]<div id=\"ultimate-heading-68269e4c62c35380\" class=\"uvc-heading ult-adjust-bottom-margin ultimate-heading-68269e4c62c35380 uvc-916  uvc-heading-default-font-sizes\" data-hspacer=\"no_spacer\"  data-halign=\"left\" style=\"text-align:left\"><div class=\"uvc-heading-spacer no_spacer\" style=\"top\"><\/div><div class=\"uvc-main-heading ult-responsive\"  data-ultimate-target='.uvc-heading.ultimate-heading-68269e4c62c35380 h3'  data-responsive-json-new='{\"font-size\":\"\",\"line-height\":\"\"}' ><h3 style=\"--font-weight:theme;\">Documents:<\/h3><\/div><\/div>[vc_separator][vc_row_inner][vc_column_inner width=&#8221;1\/4&#8243;][vc_column_text]<\/p>\n<p style=\"text-align: left;\">Product Bulletin:<\/p>\n<p>[\/vc_column_text][vc_single_image image=&#8221;22383&#8243; style=&#8221;vc_box_border&#8221; onclick=&#8221;custom_link&#8221; img_link_target=&#8221;_blank&#8221; link=&#8221;\/wp-content\/uploads\/2020\/09\/Product-Bulletin_Knifeless_Tape_EN-WE_2019_11.pdf&#8221;]<style type=\"text\/css\" data-type=\"the7_shortcodes-inline-css\">#default-btn-ce72253aef887aaee3e56f35b91a2ceb.ico-right-side > i {\n  margin-right: 0px;\n  margin-left: 8px;\n}\n#default-btn-ce72253aef887aaee3e56f35b91a2ceb > i {\n  margin-right: 8px;\n}\n<\/style><a href=\"\/wp-content\/uploads\/2020\/09\/Product-Bulletin_Knifeless_Tape_EN-WE_2019_11.pdf\" class=\"default-btn-shortcode dt-btn dt-btn-s link-hover-off btn-inline-left \" target=\"_blank\" id=\"default-btn-ce72253aef887aaee3e56f35b91a2ceb\" rel=\"noopener\"><span>Download PDF<\/span><\/a>[\/vc_column_inner][vc_column_inner width=&#8221;1\/4&#8243;][vc_column_text]<\/p>\n<p style=\"text-align: left;\">Product catalogue:<\/p>\n<p>[\/vc_column_text][vc_single_image image=&#8221;22446&#8243; style=&#8221;vc_box_border&#8221; onclick=&#8221;custom_link&#8221; img_link_target=&#8221;_blank&#8221; link=&#8221;\/wp-content\/uploads\/2020\/09\/3M-Precision-Line-Tape.pdf&#8221;]<style type=\"text\/css\" data-type=\"the7_shortcodes-inline-css\">#default-btn-6a6a56a72f3ba59eaf32baa036b59344.ico-right-side > i {\n  margin-right: 0px;\n  margin-left: 8px;\n}\n#default-btn-6a6a56a72f3ba59eaf32baa036b59344 > i {\n  margin-right: 8px;\n}\n<\/style><a href=\"\/wp-content\/uploads\/2020\/09\/3M-Precision-Line-Tape.pdf\" class=\"default-btn-shortcode dt-btn dt-btn-s link-hover-off btn-inline-left \" target=\"_blank\" id=\"default-btn-6a6a56a72f3ba59eaf32baa036b59344\" rel=\"noopener\"><span>Download PDF<\/span><\/a>[\/vc_column_inner][vc_column_inner width=&#8221;1\/4&#8243;][vc_column_text]<\/p>\n<p style=\"text-align: left;\">How to start:<\/p>\n<p>[\/vc_column_text][vc_single_image image=&#8221;22386&#8243; style=&#8221;vc_box_border&#8221; onclick=&#8221;custom_link&#8221; img_link_target=&#8221;_blank&#8221; link=&#8221;\/wp-content\/uploads\/2020\/09\/Knifeless_Insert_final_BW.pdf&#8221;]<style type=\"text\/css\" data-type=\"the7_shortcodes-inline-css\">#default-btn-bee4f201b96d4b459405be6bd51c65ad.ico-right-side > i {\n  margin-right: 0px;\n  margin-left: 8px;\n}\n#default-btn-bee4f201b96d4b459405be6bd51c65ad > i {\n  margin-right: 8px;\n}\n<\/style><a href=\"\/wp-content\/uploads\/2020\/09\/Knifeless_Insert_final_BW.pdf\" class=\"default-btn-shortcode dt-btn dt-btn-s link-hover-off btn-inline-left \" target=\"_blank\" id=\"default-btn-bee4f201b96d4b459405be6bd51c65ad\" rel=\"noopener\"><span>Download PDF<\/span><\/a>[\/vc_column_inner][vc_column_inner width=&#8221;1\/4&#8243;][vc_column_text]<\/p>\n<p style=\"text-align: left;\">More information:<\/p>\n<p>[\/vc_column_text][vc_single_image image=&#8221;22389&#8243; style=&#8221;vc_box_border&#8221; onclick=&#8221;custom_link&#8221; img_link_target=&#8221;_blank&#8221; link=&#8221;\/wp-content\/uploads\/2020\/09\/Quick-Reference_Installation-Tools.pdf&#8221;]<style type=\"text\/css\" data-type=\"the7_shortcodes-inline-css\">#default-btn-bc30208edaef1dd39c78513152307310.ico-right-side > i {\n  margin-right: 0px;\n  margin-left: 8px;\n}\n#default-btn-bc30208edaef1dd39c78513152307310 > i {\n  margin-right: 8px;\n}\n<\/style><a href=\"\/wp-content\/uploads\/2020\/09\/Quick-Reference_Installation-Tools.pdf\" class=\"default-btn-shortcode dt-btn dt-btn-s link-hover-off btn-inline-left \" target=\"_blank\" id=\"default-btn-bc30208edaef1dd39c78513152307310\" rel=\"noopener\"><span>Download PDF<\/span><\/a>[\/vc_column_inner][\/vc_row_inner][\/vc_column][\/vc_row]<\/p>\n<\/div>","protected":false},"excerpt":{"rendered":"<p>With the\u00a0<strong>3M Finish Line Knifeless Tape<\/strong>, the possibility your car to be scratched is minimized. The series is designed with a\u00a0<strong>strong and durable embedded filament<\/strong>\u00a0that cannot be torn by hand. Due to its exceptional strength, it is recommended for use in both single-layer and multi-layer types of film and laminates.<\/p>\n<p>Tape size: 3.5 mm x 50 m.<\/p>\n","protected":false},"featured_media":22460,"comment_status":"open","ping_status":"closed","template":"","meta":[],"product_cat":[273,1698],"product_tag":[],"_links":{"self":[{"href":"https:\/\/partners-ltd.com\/en\/wp-json\/wp\/v2\/product\/22472"}],"collection":[{"href":"https:\/\/partners-ltd.com\/en\/wp-json\/wp\/v2\/product"}],"about":[{"href":"https:\/\/partners-ltd.com\/en\/wp-json\/wp\/v2\/types\/product"}],"replies":[{"embeddable":true,"href":"https:\/\/partners-ltd.com\/en\/wp-json\/wp\/v2\/comments?post=22472"}],"wp:featuredmedia":[{"embeddable":true,"href":"https:\/\/partners-ltd.com\/en\/wp-json\/wp\/v2\/media\/22460"}],"wp:attachment":[{"href":"https:\/\/partners-ltd.com\/en\/wp-json\/wp\/v2\/media?parent=22472"}],"wp:term":[{"taxonomy":"product_cat","embeddable":true,"href":"https:\/\/partners-ltd.com\/en\/wp-json\/wp\/v2\/product_cat?post=22472"},{"taxonomy":"product_tag","embeddable":true,"href":"https:\/\/partners-ltd.com\/en\/wp-json\/wp\/v2\/product_tag?post=22472"}],"curies":[{"name":"wp","href":"https:\/\/api.w.org\/{rel}","templated":true}]}}